{"id":764,"date":"2019-11-01T17:17:08","date_gmt":"2019-11-01T14:17:08","guid":{"rendered":"http:\/\/alcazabamalaga.com\/price-and-tickets\/"},"modified":"2025-09-15T20:08:01","modified_gmt":"2025-09-15T17:08:01","slug":"alcazaba-ticket-price","status":"publish","type":"page","link":"https:\/\/alcazabamalaga.com\/it\/alcazaba-ticket-price\/","title":{"rendered":"Prezzi dei biglietti dell&#8217;Alcazaba"},"content":{"rendered":"\n<h2 class=\"wp-block-heading\">Quanto costa il biglietto dell&#8217;Alcazaba?<\/h2>\n\n\n\n<p>L&#8217;Alcazaba e il Castello di Gibralfaro prevedono diverse tariffe per i biglietti.<\/p>\n\n\n\n<p>Per questo motivo, ti lasciamo qui tutte le informazioni sui prezzi attuali dei biglietti per l&#8217;Alcazaba e sugli sconti previsti per il 2025.<\/p>\n\n\n\n<h2 class=\"wp-block-heading\">Prezzi dei biglietti dell&#8217;Alcazaba<\/h2>\n\n\n\n<figure class=\"wp-block-table\"><table><tbody><tr><td><strong>Tipo di biglietto<\/strong><\/td><td><strong>Alcazaba<\/strong><\/td><td><strong>Castello di Gibralfaro<\/strong><\/td><td><strong>Biglietto combinato<\/strong><\/td><\/tr><tr><td><strong>Biglietto generale<\/strong><\/td><td>7,00\u20ac<\/td><td>7,00\u20ac<\/td><td>10,00\u20ac<\/td><\/tr><tr><td><strong>Biglietto ridotto<\/strong>*<\/td><td>3,00\u20ac<\/td><td>3,00\u20ac<\/td><td>5,00\u20ac<\/td><\/tr><tr><td><strong>Gruppi<\/strong><\/td><td>5,00\u20ac<\/td><td>5,00\u20ac<\/td><td>8,00\u20ac<\/td><\/tr><\/tbody><\/table><\/figure>\n\n\n\n<div class=\"wp-block-columns is-layout-flex wp-container-core-columns-is-layout-9d6595d7 wp-block-columns-is-layout-flex\">\n<div class=\"wp-block-column is-layout-flow wp-block-column-is-layout-flow\">\n<p>*<strong>La tariffa del biglietto ridotto si applica a<\/strong>:<br>Titolari della tessera giovani europea.<br>Cittadini dell&#8217;UE di et\u00e0 superiore ai 65 anni, pensionati o legalmente disoccupati.<br>Cittadini dell&#8217;UE che dimostrino il proprio status di studenti.<br>Persone con disabilit\u00e0 pari o superiore al 33%.<br>Titolari della tessera famiglia numerosa.<\/p>\n<\/div>\n<\/div>\n\n\n\n<h2 class=\"wp-block-heading\">Prezzo biglietto Alcazaba con visita guidata<\/h2>\n\n\n\n<figure class=\"wp-block-table\"><table><tbody><tr><td><strong>VISITA GUIDATA + BIGLIETTO D&#8217;ENTRATA DELL&#8217;ALCAZABA<\/strong><\/td><td><strong>PREZZO<\/strong><\/td><\/tr><tr><td>ADULTI<\/td><td>15\u20ac<\/td><\/tr><tr><td>STUDENTI<\/td><td>10\u20ac<\/td><\/tr><tr><td>PENSIONATI<\/td><td>10\u20ac<\/td><\/tr><tr><td>BAMBINI (6-15 ANNI)<\/td><td>6\u20ac<\/td><\/tr><tr><td>BAMBINI (MINORI DI 6)<\/td><td>0\u20ac<\/td><\/tr><\/tbody><\/table><\/figure>\n\n\n\n<p><strong data-start=\"97\" data-end=\"112\">ATTENZIONE:<\/strong><br data-start=\"112\" data-end=\"115\">&#8211; Il tour che offriamo <strong data-start=\"136\" data-end=\"151\">NON include<\/strong> l\u2019ingresso al Castello di Gibralfaro.<br data-start=\"189\" data-end=\"192\">&#8211; Si prega di notare che <strong data-start=\"215\" data-end=\"242\">i cani non sono ammessi<\/strong> durante la visita all\u2019Alcazaba.<br data-start=\"274\" data-end=\"277\">&#8211; Il percorso <strong data-start=\"289\" data-end=\"334\">non \u00e8 adatto a persone in sedia a rotelle<\/strong>.<\/p>\n\n\n\n<h3 class=\"wp-block-heading\"><strong>Acquista online il tour guidato con ingresso all\u2019Alcazaba<\/strong><\/h3>\n\n\n\n<div class=\"load-turitop\" data-service=\"P54\" data-lang=\"en\" data-embed=\"box\"><\/div><br\/>\n\n\n\n<p><p data-start=\"62\" data-end=\"359\"><strong data-start=\"62\" data-end=\"91\">Politica di cancellazione<\/strong><br data-start=\"91\" data-end=\"94\"\/>Se la cancellazione \u00e8 nostra responsabilit\u00e0, offriremo un\u2019alternativa in un altro giorno e orario, cos\u00ec il cliente potr\u00e0 partecipare a un altro tour disponibile senza costi aggiuntivi. Se non sar\u00e0 possibile trovare una soluzione, rimborseremo l\u2019intero importo.<\/p><\/p>\n\n\n\n<p>Se la cancellazione \u00e8 <strong>responsabilit\u00e0 del cliente<\/strong>:<\/p>\n\n\n\n<ul class=\"wp-block-list\">\n<li>Se la cancellazione avviene con almeno 15 giorni di anticipo, riceverai il rimborso del 100% dell&#8217;importo (escluse le spese di gestione del rimborso).<\/li>\n\n\n\n<li>Se la cancellazione avviene tra 14 e 8 giorni prima, riceverai il rimborso del 70% dell\u2019importo.<\/li>\n\n\n\n<li>Se la cancellazione avviene entro 7 giorni prima, verr\u00e0 rimborsato il 50% dell\u2019importo.<\/li>\n\n\n\n<li>Se la cancellazione avviene meno di 7 giorni prima, non sar\u00e0 previsto alcun rimborso, ma sar\u00e0 possibile riprogrammare il tour guidato in un altro orario.<\/li>\n\n\n\n<li>Non \u00e8 previsto alcun rimborso in caso di ritardo all\u2019appuntamento o mancata presentazione.<\/li>\n\n\n\n<li>I rimborsi non saranno concessi dopo l\u2019orario di inizio del tour, indipendentemente dalle circostanze.<\/li>\n\n\n\n<li>Se la cancellazione viene richiesta lo stesso giorno dell\u2019acquisto, il rimborso dipender\u00e0 dalla data del tour prenotato, tenendo conto delle condizioni sopra indicate.<\/li>\n\n\n\n<li>Se cambi la data della tua prenotazione e poi decidi di cancellare la visita, non sar\u00e0 possibile ottenere alcun rimborso.<\/li>\n<\/ul>\n\n\n\n<h4 class=\"wp-block-heading\">Entrata principale (Calle Alcazabilla &#8211; vicino al punto di informazione turistica)<\/h4>\n\n\n\n<iframe loading=\"lazy\" src=\"https:\/\/www.google.com\/maps\/embed?pb=!1m18!1m12!1m3!1d565.3465511157034!2d-4.417250695457211!3d36.720566848239386!2m3!1f0!2f0!3f0!3m2!1i1024!2i768!4f13.1!3m3!1m2!1s0xd72f7eac774fca5%3A0xf1a872aa48bbf337!2sPunto%20de%20Informaci%C3%B3n%20Tur%C3%ADstica%20-%20(Junto%20Alcazaba)!5e0!3m2!1ses!2ses!4v1587121025972!5m2!1ses!2ses\" width=\"600\" height=\"450\" frameborder=\"0\" style=\"border:0;\" allowfullscreen=\"\" aria-hidden=\"false\" tabindex=\"0\"><\/iframe><br\/>\n\n\n\n<div style=\"height:25px\" aria-hidden=\"true\" class=\"wp-block-spacer\"><\/div>\n\n\n\n<h4 class=\"wp-block-heading\">Ascensore (Calle Guill\u00e9n Sotelo &#8211; alle spalle del comune)<\/h4>\n\n\n\n<iframe loading=\"lazy\" src=\"https:\/\/www.google.com\/maps\/embed?pb=!1m18!1m12!1m3!1d199.88022856817423!2d-4.415507372662441!3d36.72055202988533!2m3!1f0!2f0!3f0!3m2!1i1024!2i768!4f13.1!3m3!1m2!1s0xd72f7ea6060db1d%3A0xae6f9ff636d5b356!2sAscensor%20a%20la%20Alcazaba!5e0!3m2!1ses!2ses!4v1587121133864!5m2!1ses!2ses\" width=\"600\" height=\"450\" frameborder=\"0\" style=\"border:0;\" allowfullscreen=\"\" aria-hidden=\"false\" tabindex=\"0\"><\/iframe><br\/>\n","protected":false},"excerpt":{"rendered":"<p>Quanto costa il biglietto dell&#8217;Alcazaba? L&#8217;Alcazaba e il Castello di Gibralfaro prevedono diverse tariffe per i biglietti. Per questo motivo, ti lasciamo qui tutte le informazioni sui prezzi attuali dei biglietti per l&#8217;Alcazaba e sugli sconti previsti per il 2025. Prezzi dei biglietti dell&#8217;Alcazaba Tipo di biglietto Alcazaba Castello di Gibralfaro Biglietto combinato Biglietto generale [&hellip;]<\/p>\n","protected":false},"author":2,"featured_media":0,"parent":0,"menu_order":0,"comment_status":"closed","ping_status":"closed","template":"page-with-sidebar.php","meta":{"_acf_changed":false,"footnotes":""},"class_list":["post-764","page","type-page","status-publish","hentry"],"acf":[],"yoast_head":"<!-- This site is optimized with the Yoast SEO plugin v27.5 - https:\/\/yoast.com\/product\/yoast-seo-wordpress\/ -->\n<title>Alcazaba Prezzi dei biglietti dell&#039;Alcazaba - Alcazaba of Malaga<\/title>\n<meta name=\"description\" content=\"Il prezzo del biglietto per l&#039;Alcazaba varia in base all&#039;et\u00e0 del visitatore o al numero di persone nel gruppo. Consulta la nostra pagina per saperne di pi\u00f9!\" \/>\n<meta name=\"robots\" content=\"index, follow, max-snippet:-1, max-image-preview:large, max-video-preview:-1\" \/>\n<link rel=\"canonical\" href=\"https:\/\/alcazabamalaga.com\/it\/alcazaba-ticket-price\/\" \/>\n<meta property=\"og:locale\" content=\"it_IT\" \/>\n<meta property=\"og:type\" content=\"article\" \/>\n<meta property=\"og:title\" content=\"Alcazaba Prezzi dei biglietti dell&#039;Alcazaba - Alcazaba of Malaga\" \/>\n<meta property=\"og:description\" content=\"Il prezzo del biglietto per l&#039;Alcazaba varia in base all&#039;et\u00e0 del visitatore o al numero di persone nel gruppo. Consulta la nostra pagina per saperne di pi\u00f9!\" \/>\n<meta property=\"og:url\" content=\"https:\/\/alcazabamalaga.com\/it\/alcazaba-ticket-price\/\" \/>\n<meta property=\"og:site_name\" content=\"Alcazaba of Malaga\" \/>\n<meta property=\"article:modified_time\" content=\"2025-09-15T17:08:01+00:00\" \/>\n<meta name=\"twitter:card\" content=\"summary_large_image\" \/>\n<meta name=\"twitter:label1\" content=\"Tempo di lettura stimato\" \/>\n\t<meta name=\"twitter:data1\" content=\"2 minuti\" \/>\n<script type=\"application\/ld+json\" class=\"yoast-schema-graph\">{\"@context\":\"https:\\\/\\\/schema.org\",\"@graph\":[{\"@type\":\"WebPage\",\"@id\":\"https:\\\/\\\/alcazabamalaga.com\\\/it\\\/alcazaba-ticket-price\\\/\",\"url\":\"https:\\\/\\\/alcazabamalaga.com\\\/it\\\/alcazaba-ticket-price\\\/\",\"name\":\"Alcazaba Prezzi dei biglietti dell'Alcazaba - Alcazaba of Malaga\",\"isPartOf\":{\"@id\":\"https:\\\/\\\/alcazabamalaga.com\\\/it\\\/#website\"},\"datePublished\":\"2019-11-01T14:17:08+00:00\",\"dateModified\":\"2025-09-15T17:08:01+00:00\",\"description\":\"Il prezzo del biglietto per l'Alcazaba varia in base all'et\u00e0 del visitatore o al numero di persone nel gruppo. Consulta la nostra pagina per saperne di pi\u00f9!\",\"breadcrumb\":{\"@id\":\"https:\\\/\\\/alcazabamalaga.com\\\/it\\\/alcazaba-ticket-price\\\/#breadcrumb\"},\"inLanguage\":\"it-IT\",\"potentialAction\":[{\"@type\":\"ReadAction\",\"target\":[\"https:\\\/\\\/alcazabamalaga.com\\\/it\\\/alcazaba-ticket-price\\\/\"]}]},{\"@type\":\"BreadcrumbList\",\"@id\":\"https:\\\/\\\/alcazabamalaga.com\\\/it\\\/alcazaba-ticket-price\\\/#breadcrumb\",\"itemListElement\":[{\"@type\":\"ListItem\",\"position\":1,\"name\":\"Home\",\"item\":\"https:\\\/\\\/alcazabamalaga.com\\\/it\\\/\"},{\"@type\":\"ListItem\",\"position\":2,\"name\":\"Prezzi dei biglietti dell&#8217;Alcazaba\"}]},{\"@type\":\"WebSite\",\"@id\":\"https:\\\/\\\/alcazabamalaga.com\\\/it\\\/#website\",\"url\":\"https:\\\/\\\/alcazabamalaga.com\\\/it\\\/\",\"name\":\"Alcazaba of Malaga\",\"description\":\"Alcazaba tour\",\"potentialAction\":[{\"@type\":\"SearchAction\",\"target\":{\"@type\":\"EntryPoint\",\"urlTemplate\":\"https:\\\/\\\/alcazabamalaga.com\\\/it\\\/?s={search_term_string}\"},\"query-input\":{\"@type\":\"PropertyValueSpecification\",\"valueRequired\":true,\"valueName\":\"search_term_string\"}}],\"inLanguage\":\"it-IT\"}]}<\/script>\n<!-- \/ Yoast SEO plugin. -->","yoast_head_json":{"title":"Alcazaba Prezzi dei biglietti dell'Alcazaba - Alcazaba of Malaga","description":"Il prezzo del biglietto per l'Alcazaba varia in base all'et\u00e0 del visitatore o al numero di persone nel gruppo. Consulta la nostra pagina per saperne di pi\u00f9!","robots":{"index":"index","follow":"follow","max-snippet":"max-snippet:-1","max-image-preview":"max-image-preview:large","max-video-preview":"max-video-preview:-1"},"canonical":"https:\/\/alcazabamalaga.com\/it\/alcazaba-ticket-price\/","og_locale":"it_IT","og_type":"article","og_title":"Alcazaba Prezzi dei biglietti dell'Alcazaba - Alcazaba of Malaga","og_description":"Il prezzo del biglietto per l'Alcazaba varia in base all'et\u00e0 del visitatore o al numero di persone nel gruppo. Consulta la nostra pagina per saperne di pi\u00f9!","og_url":"https:\/\/alcazabamalaga.com\/it\/alcazaba-ticket-price\/","og_site_name":"Alcazaba of Malaga","article_modified_time":"2025-09-15T17:08:01+00:00","twitter_card":"summary_large_image","twitter_misc":{"Tempo di lettura stimato":"2 minuti"},"schema":{"@context":"https:\/\/schema.org","@graph":[{"@type":"WebPage","@id":"https:\/\/alcazabamalaga.com\/it\/alcazaba-ticket-price\/","url":"https:\/\/alcazabamalaga.com\/it\/alcazaba-ticket-price\/","name":"Alcazaba Prezzi dei biglietti dell'Alcazaba - Alcazaba of Malaga","isPartOf":{"@id":"https:\/\/alcazabamalaga.com\/it\/#website"},"datePublished":"2019-11-01T14:17:08+00:00","dateModified":"2025-09-15T17:08:01+00:00","description":"Il prezzo del biglietto per l'Alcazaba varia in base all'et\u00e0 del visitatore o al numero di persone nel gruppo. Consulta la nostra pagina per saperne di pi\u00f9!","breadcrumb":{"@id":"https:\/\/alcazabamalaga.com\/it\/alcazaba-ticket-price\/#breadcrumb"},"inLanguage":"it-IT","potentialAction":[{"@type":"ReadAction","target":["https:\/\/alcazabamalaga.com\/it\/alcazaba-ticket-price\/"]}]},{"@type":"BreadcrumbList","@id":"https:\/\/alcazabamalaga.com\/it\/alcazaba-ticket-price\/#breadcrumb","itemListElement":[{"@type":"ListItem","position":1,"name":"Home","item":"https:\/\/alcazabamalaga.com\/it\/"},{"@type":"ListItem","position":2,"name":"Prezzi dei biglietti dell&#8217;Alcazaba"}]},{"@type":"WebSite","@id":"https:\/\/alcazabamalaga.com\/it\/#website","url":"https:\/\/alcazabamalaga.com\/it\/","name":"Alcazaba of Malaga","description":"Alcazaba tour","potentialAction":[{"@type":"SearchAction","target":{"@type":"EntryPoint","urlTemplate":"https:\/\/alcazabamalaga.com\/it\/?s={search_term_string}"},"query-input":{"@type":"PropertyValueSpecification","valueRequired":true,"valueName":"search_term_string"}}],"inLanguage":"it-IT"}]}},"_links":{"self":[{"href":"https:\/\/alcazabamalaga.com\/it\/wp-json\/wp\/v2\/pages\/764","targetHints":{"allow":["GET"]}}],"collection":[{"href":"https:\/\/alcazabamalaga.com\/it\/wp-json\/wp\/v2\/pages"}],"about":[{"href":"https:\/\/alcazabamalaga.com\/it\/wp-json\/wp\/v2\/types\/page"}],"author":[{"embeddable":true,"href":"https:\/\/alcazabamalaga.com\/it\/wp-json\/wp\/v2\/users\/2"}],"replies":[{"embeddable":true,"href":"https:\/\/alcazabamalaga.com\/it\/wp-json\/wp\/v2\/comments?post=764"}],"version-history":[{"count":5,"href":"https:\/\/alcazabamalaga.com\/it\/wp-json\/wp\/v2\/pages\/764\/revisions"}],"predecessor-version":[{"id":4171,"href":"https:\/\/alcazabamalaga.com\/it\/wp-json\/wp\/v2\/pages\/764\/revisions\/4171"}],"wp:attachment":[{"href":"https:\/\/alcazabamalaga.com\/it\/wp-json\/wp\/v2\/media?parent=764"}],"curies":[{"name":"wp","href":"https:\/\/api.w.org\/{rel}","templated":true}]}}