{"id":760,"date":"2019-11-01T17:17:22","date_gmt":"2019-11-01T14:17:22","guid":{"rendered":"http:\/\/alcazabamalaga.com\/free-entrance\/"},"modified":"2025-07-26T15:32:42","modified_gmt":"2025-07-26T12:32:42","slug":"free-entry","status":"publish","type":"page","link":"https:\/\/alcazabamalaga.com\/it\/free-entry\/","title":{"rendered":"Ingresso gratuito"},"content":{"rendered":"\n<h2 class=\"wp-block-heading\">Vuoi visitare l\u2019Alcazaba e il castello di Gibralfaro gratuitamente?<\/h2>\n\n<p>I biglietti d\u2019ingresso all\u2019Alcazaba e al castello di Gibralfaro a Malaga sono molto economici, ma se sei cos\u00ec fortunato da visitare Malaga di domenica, potrai entrare in questi luoghi gratuitamente! La<strong> domenica \u00e8 il giorno di ingresso gratuito<\/strong> all\u2019Alcazaba e al Gibralfaro, <strong>a partire dalle 14:00.<\/strong><\/p>\n\n<p class=\"has-text-align-center has-luminous-vivid-amber-color has-text-color has-medium-font-size\"><strong>Consigli utili:<\/strong><\/p>\n\n<ul class=\"wp-block-list\">\n<li><p data-start=\"33\" data-end=\"362\">Ti consigliamo di visitare un solo monumento al giorno, poich\u00e9 il tempo per visitarli \u00e8 di un&#8217;ora e mezza ciascuno. Ricorda inoltre che i due monumenti non sono collegati direttamente: l\u2019ingresso dell\u2019Alcazaba si trova nel centro citt\u00e0, ma per visitare il castello di Gibralfaro dovrai salire a piedi la montagna di Gibralfaro o andare in bus.<\/p><br\/><p data-start=\"364\" data-end=\"393\" data-is-last-node=\"\" data-is-only-node=\"\">Come raggiungere il castello?<\/p><br\/><strong> <a href=\"https:\/\/alcazabamalaga.com\/it\/gibralfaro-caste\/\" target=\"_blank\" rel=\"noreferrer noopener\">Check our blog post here.<\/a> <\/strong><\/li>\n<\/ul>\n\n<ul class=\"wp-block-list\">\n<li><a href=\"https:\/\/alcazabamalaga.com\/it\/alcazaba-tour\/\">Visita guidata dell&#8217;Alcazaba:<\/a> L&#8217;Alcazaba \u00e8 il monumento pi\u00f9 emblematico della citt\u00e0 ed \u00e8 consigliabile visitarlo con una guida. In questo modo scoprirai la sua storia, le leggende nascoste, l\u2019arte e l\u2019architettura.<br\/>Per maggiori informazioni, clicca <a href=\"https:\/\/alcazabamalaga.com\/it\/alcazaba-tour\/\">qui<\/a>.<\/li>\n<\/ul>\n\n<ul class=\"wp-block-list\">\n<li>Ricorda che l\u2019<strong>ultimo ingresso<\/strong> \u00e8 consentito <strong>30 minuti prima dell\u2019orario di chiusura.<\/strong><\/li>\n<\/ul>\n\n<div style=\"height:26px\" aria-hidden=\"true\" class=\"wp-block-spacer\"><\/div>\n\n<h2 class=\"wp-block-heading\">La domenica non solo l\u2019Alcazaba&#8230; anche i musei di Malaga hanno ingresso gratuito!<\/h2>\n\n<p><strong>Malaga ha una grande variet\u00e0 di musei<\/strong> (36 musei), la maggior parte dei quali si trova nel centro storico<\/p>\n\n<p>La <strong>domenica pomeriggio, la maggior parte di essi \u00e8 ad ingresso gratuito.<\/strong> Qui puoi trovare una lista; se desideri informazioni pi\u00f9 dettagliate sugli orari di ingresso, come raggiungerli e alcuni consigli utili, controlla i nostri articoli del blog.<\/p>\n\n<ul class=\"wp-block-list\">\n<li><strong>Museo Picasso<\/strong>: ingresso gratuito le ultime due ore di apertura.<\/li>\n<\/ul>\n\n<ul class=\"wp-block-list\">\n<li><strong>Museo Russo<\/strong>: ingresso gratuito a partire dalle 16:00.<\/li>\n<\/ul>\n\n<ul class=\"wp-block-list\">\n<li><strong>Centre Pompidou<\/strong>: ingresso gratuito a partire dalle 16:00.<\/li>\n<\/ul>\n\n<ul class=\"wp-block-list\">\n<li><strong>Thyssen museum<\/strong>: ingresso gratuito a partire dalle 17:00.<\/li>\n<\/ul>\n\n<ul class=\"wp-block-list\">\n<li><strong>Museo di Malaga<\/strong>: ingresso gratuito tutti i giorni per i cittadini europei.<\/li>\n<\/ul>\n\n<ul class=\"wp-block-list\">\n<li><strong>Museo Revello de Toro<\/strong>: ingresso gratuito tra le 10:00 e le 12:00<\/li>\n<\/ul>\n\n<ul class=\"wp-block-list\">\n<li><strong>CAC<\/strong>: ingresso gratuito tutti i giorni<\/li>\n<\/ul>\n\n<div style=\"height:40px\" aria-hidden=\"true\" class=\"wp-block-spacer\"><\/div>\n\n<figure class=\"wp-block-gallery has-nested-images columns-default is-cropped wp-block-gallery-1 is-layout-flex wp-block-gallery-is-layout-flex\">\n<figure class=\"wp-block-image size-large\"><img loading=\"lazy\" decoding=\"async\" width=\"708\" height=\"473\" data-id=\"1425\" src=\"https:\/\/alcazabamalaga.com\/wp-content\/uploads\/2020\/04\/museum-of-malaga.jpg\" alt=\"\" class=\"wp-image-1425\" srcset=\"https:\/\/alcazabamalaga.com\/wp-content\/uploads\/2020\/04\/museum-of-malaga.jpg 708w, https:\/\/alcazabamalaga.com\/wp-content\/uploads\/2020\/04\/museum-of-malaga-300x200.jpg 300w\" sizes=\"auto, (max-width: 708px) 100vw, 708px\" \/><\/figure>\n\n\n\n<figure class=\"wp-block-image size-large\"><img loading=\"lazy\" decoding=\"async\" width=\"708\" height=\"473\" data-id=\"1430\" src=\"https:\/\/alcazabamalaga.com\/wp-content\/uploads\/2020\/04\/russian-museum.jpg\" alt=\"\" class=\"wp-image-1430\" srcset=\"https:\/\/alcazabamalaga.com\/wp-content\/uploads\/2020\/04\/russian-museum.jpg 708w, https:\/\/alcazabamalaga.com\/wp-content\/uploads\/2020\/04\/russian-museum-300x200.jpg 300w\" sizes=\"auto, (max-width: 708px) 100vw, 708px\" \/><\/figure>\n\n\n\n<figure class=\"wp-block-image size-large\"><img loading=\"lazy\" decoding=\"async\" width=\"944\" height=\"630\" data-id=\"1091\" src=\"https:\/\/alcazabamalaga.com\/wp-content\/uploads\/2020\/04\/museum-picasso.jpg\" alt=\"\" class=\"wp-image-1091\" srcset=\"https:\/\/alcazabamalaga.com\/wp-content\/uploads\/2020\/04\/museum-picasso.jpg 944w, https:\/\/alcazabamalaga.com\/wp-content\/uploads\/2020\/04\/museum-picasso-300x200.jpg 300w, https:\/\/alcazabamalaga.com\/wp-content\/uploads\/2020\/04\/museum-picasso-768x513.jpg 768w\" sizes=\"auto, (max-width: 944px) 100vw, 944px\" \/><\/figure>\n<\/figure>\n\n<div style=\"height:36px\" aria-hidden=\"true\" class=\"wp-block-spacer\"><\/div>\n\n<p class=\"has-text-align-center has-luminous-vivid-amber-color has-text-color has-medium-font-size\"><strong>Consigli utili:<\/strong><\/p>\n\n<ul class=\"wp-block-list\">\n<li>Consigliamo di visitare la <strong>Cattedrale di Malaga<\/strong>, gioiello del Rinascimento spagnolo.<\/li>\n<\/ul>\n\n<ul class=\"wp-block-list\">\n<li>Consigliamo vivamente di visitare il Museo Thyssen ed il Picasso, da non perdere!<\/li>\n<\/ul>\n\n<p><\/p>\n","protected":false},"excerpt":{"rendered":"<p>Vuoi visitare l\u2019Alcazaba e il castello di Gibralfaro gratuitamente? I biglietti d\u2019ingresso all\u2019Alcazaba e al castello di Gibralfaro a Malaga sono molto economici, ma se sei cos\u00ec fortunato da visitare Malaga di domenica, potrai entrare in questi luoghi gratuitamente! La domenica \u00e8 il giorno di ingresso gratuito all\u2019Alcazaba e al Gibralfaro, a partire dalle 14:00. [&hellip;]<\/p>\n","protected":false},"author":2,"featured_media":4005,"parent":0,"menu_order":0,"comment_status":"closed","ping_status":"closed","template":"page-with-sidebar.php","meta":{"_acf_changed":false,"footnotes":""},"class_list":["post-760","page","type-page","status-publish","has-post-thumbnail","hentry"],"acf":[],"yoast_head":"<!-- This site is optimized with the Yoast SEO plugin v27.5 - https:\/\/yoast.com\/product\/yoast-seo-wordpress\/ -->\n<title>Alcazaba Ingresso gratuito time - Alcazaba of Malaga<\/title>\n<meta name=\"description\" content=\"Vuoi visitare l\u2019Alcazaba senza pagare il biglietto? Scopri qui quando \u00e8 l\u2019ingresso gratuito all\u2019Alcazaba e cosa altro puoi fare gratis a Malaga!\" \/>\n<meta name=\"robots\" content=\"index, follow, max-snippet:-1, max-image-preview:large, max-video-preview:-1\" \/>\n<link rel=\"canonical\" href=\"https:\/\/alcazabamalaga.com\/it\/free-entry\/\" \/>\n<meta property=\"og:locale\" content=\"it_IT\" \/>\n<meta property=\"og:type\" content=\"article\" \/>\n<meta property=\"og:title\" content=\"Alcazaba Ingresso gratuito time - Alcazaba of Malaga\" \/>\n<meta property=\"og:description\" content=\"Vuoi visitare l\u2019Alcazaba senza pagare il biglietto? Scopri qui quando \u00e8 l\u2019ingresso gratuito all\u2019Alcazaba e cosa altro puoi fare gratis a Malaga!\" \/>\n<meta property=\"og:url\" content=\"https:\/\/alcazabamalaga.com\/it\/free-entry\/\" \/>\n<meta property=\"og:site_name\" content=\"Alcazaba of Malaga\" \/>\n<meta property=\"article:modified_time\" content=\"2025-07-26T12:32:42+00:00\" \/>\n<meta property=\"og:image\" content=\"https:\/\/alcazabamalaga.com\/wp-content\/uploads\/2025\/07\/Entradas.png\" \/>\n\t<meta property=\"og:image:width\" content=\"1600\" \/>\n\t<meta property=\"og:image:height\" content=\"417\" \/>\n\t<meta property=\"og:image:type\" content=\"image\/png\" \/>\n<meta name=\"twitter:card\" content=\"summary_large_image\" \/>\n<meta name=\"twitter:label1\" content=\"Tempo di lettura stimato\" \/>\n\t<meta name=\"twitter:data1\" content=\"3 minuti\" \/>\n<script type=\"application\/ld+json\" class=\"yoast-schema-graph\">{\"@context\":\"https:\\\/\\\/schema.org\",\"@graph\":[{\"@type\":\"WebPage\",\"@id\":\"https:\\\/\\\/alcazabamalaga.com\\\/it\\\/free-entry\\\/\",\"url\":\"https:\\\/\\\/alcazabamalaga.com\\\/it\\\/free-entry\\\/\",\"name\":\"Alcazaba Ingresso gratuito time - Alcazaba of Malaga\",\"isPartOf\":{\"@id\":\"https:\\\/\\\/alcazabamalaga.com\\\/it\\\/#website\"},\"primaryImageOfPage\":{\"@id\":\"https:\\\/\\\/alcazabamalaga.com\\\/it\\\/free-entry\\\/#primaryimage\"},\"image\":{\"@id\":\"https:\\\/\\\/alcazabamalaga.com\\\/it\\\/free-entry\\\/#primaryimage\"},\"thumbnailUrl\":\"https:\\\/\\\/alcazabamalaga.com\\\/wp-content\\\/uploads\\\/2025\\\/07\\\/Entradas.png\",\"datePublished\":\"2019-11-01T14:17:22+00:00\",\"dateModified\":\"2025-07-26T12:32:42+00:00\",\"description\":\"Vuoi visitare l\u2019Alcazaba senza pagare il biglietto? Scopri qui quando \u00e8 l\u2019ingresso gratuito all\u2019Alcazaba e cosa altro puoi fare gratis a Malaga!\",\"breadcrumb\":{\"@id\":\"https:\\\/\\\/alcazabamalaga.com\\\/it\\\/free-entry\\\/#breadcrumb\"},\"inLanguage\":\"it-IT\",\"potentialAction\":[{\"@type\":\"ReadAction\",\"target\":[\"https:\\\/\\\/alcazabamalaga.com\\\/it\\\/free-entry\\\/\"]}]},{\"@type\":\"ImageObject\",\"inLanguage\":\"it-IT\",\"@id\":\"https:\\\/\\\/alcazabamalaga.com\\\/it\\\/free-entry\\\/#primaryimage\",\"url\":\"https:\\\/\\\/alcazabamalaga.com\\\/wp-content\\\/uploads\\\/2025\\\/07\\\/Entradas.png\",\"contentUrl\":\"https:\\\/\\\/alcazabamalaga.com\\\/wp-content\\\/uploads\\\/2025\\\/07\\\/Entradas.png\",\"width\":1600,\"height\":417,\"caption\":\"Acceso de la Alcazaba\"},{\"@type\":\"BreadcrumbList\",\"@id\":\"https:\\\/\\\/alcazabamalaga.com\\\/it\\\/free-entry\\\/#breadcrumb\",\"itemListElement\":[{\"@type\":\"ListItem\",\"position\":1,\"name\":\"Home\",\"item\":\"https:\\\/\\\/alcazabamalaga.com\\\/it\\\/\"},{\"@type\":\"ListItem\",\"position\":2,\"name\":\"Ingresso gratuito\"}]},{\"@type\":\"WebSite\",\"@id\":\"https:\\\/\\\/alcazabamalaga.com\\\/it\\\/#website\",\"url\":\"https:\\\/\\\/alcazabamalaga.com\\\/it\\\/\",\"name\":\"Alcazaba of Malaga\",\"description\":\"Alcazaba tour\",\"potentialAction\":[{\"@type\":\"SearchAction\",\"target\":{\"@type\":\"EntryPoint\",\"urlTemplate\":\"https:\\\/\\\/alcazabamalaga.com\\\/it\\\/?s={search_term_string}\"},\"query-input\":{\"@type\":\"PropertyValueSpecification\",\"valueRequired\":true,\"valueName\":\"search_term_string\"}}],\"inLanguage\":\"it-IT\"}]}<\/script>\n<!-- \/ Yoast SEO plugin. -->","yoast_head_json":{"title":"Alcazaba Ingresso gratuito time - Alcazaba of Malaga","description":"Vuoi visitare l\u2019Alcazaba senza pagare il biglietto? Scopri qui quando \u00e8 l\u2019ingresso gratuito all\u2019Alcazaba e cosa altro puoi fare gratis a Malaga!","robots":{"index":"index","follow":"follow","max-snippet":"max-snippet:-1","max-image-preview":"max-image-preview:large","max-video-preview":"max-video-preview:-1"},"canonical":"https:\/\/alcazabamalaga.com\/it\/free-entry\/","og_locale":"it_IT","og_type":"article","og_title":"Alcazaba Ingresso gratuito time - Alcazaba of Malaga","og_description":"Vuoi visitare l\u2019Alcazaba senza pagare il biglietto? Scopri qui quando \u00e8 l\u2019ingresso gratuito all\u2019Alcazaba e cosa altro puoi fare gratis a Malaga!","og_url":"https:\/\/alcazabamalaga.com\/it\/free-entry\/","og_site_name":"Alcazaba of Malaga","article_modified_time":"2025-07-26T12:32:42+00:00","og_image":[{"width":1600,"height":417,"url":"https:\/\/alcazabamalaga.com\/wp-content\/uploads\/2025\/07\/Entradas.png","type":"image\/png"}],"twitter_card":"summary_large_image","twitter_misc":{"Tempo di lettura stimato":"3 minuti"},"schema":{"@context":"https:\/\/schema.org","@graph":[{"@type":"WebPage","@id":"https:\/\/alcazabamalaga.com\/it\/free-entry\/","url":"https:\/\/alcazabamalaga.com\/it\/free-entry\/","name":"Alcazaba Ingresso gratuito time - Alcazaba of Malaga","isPartOf":{"@id":"https:\/\/alcazabamalaga.com\/it\/#website"},"primaryImageOfPage":{"@id":"https:\/\/alcazabamalaga.com\/it\/free-entry\/#primaryimage"},"image":{"@id":"https:\/\/alcazabamalaga.com\/it\/free-entry\/#primaryimage"},"thumbnailUrl":"https:\/\/alcazabamalaga.com\/wp-content\/uploads\/2025\/07\/Entradas.png","datePublished":"2019-11-01T14:17:22+00:00","dateModified":"2025-07-26T12:32:42+00:00","description":"Vuoi visitare l\u2019Alcazaba senza pagare il biglietto? Scopri qui quando \u00e8 l\u2019ingresso gratuito all\u2019Alcazaba e cosa altro puoi fare gratis a Malaga!","breadcrumb":{"@id":"https:\/\/alcazabamalaga.com\/it\/free-entry\/#breadcrumb"},"inLanguage":"it-IT","potentialAction":[{"@type":"ReadAction","target":["https:\/\/alcazabamalaga.com\/it\/free-entry\/"]}]},{"@type":"ImageObject","inLanguage":"it-IT","@id":"https:\/\/alcazabamalaga.com\/it\/free-entry\/#primaryimage","url":"https:\/\/alcazabamalaga.com\/wp-content\/uploads\/2025\/07\/Entradas.png","contentUrl":"https:\/\/alcazabamalaga.com\/wp-content\/uploads\/2025\/07\/Entradas.png","width":1600,"height":417,"caption":"Acceso de la Alcazaba"},{"@type":"BreadcrumbList","@id":"https:\/\/alcazabamalaga.com\/it\/free-entry\/#breadcrumb","itemListElement":[{"@type":"ListItem","position":1,"name":"Home","item":"https:\/\/alcazabamalaga.com\/it\/"},{"@type":"ListItem","position":2,"name":"Ingresso gratuito"}]},{"@type":"WebSite","@id":"https:\/\/alcazabamalaga.com\/it\/#website","url":"https:\/\/alcazabamalaga.com\/it\/","name":"Alcazaba of Malaga","description":"Alcazaba tour","potentialAction":[{"@type":"SearchAction","target":{"@type":"EntryPoint","urlTemplate":"https:\/\/alcazabamalaga.com\/it\/?s={search_term_string}"},"query-input":{"@type":"PropertyValueSpecification","valueRequired":true,"valueName":"search_term_string"}}],"inLanguage":"it-IT"}]}},"_links":{"self":[{"href":"https:\/\/alcazabamalaga.com\/it\/wp-json\/wp\/v2\/pages\/760","targetHints":{"allow":["GET"]}}],"collection":[{"href":"https:\/\/alcazabamalaga.com\/it\/wp-json\/wp\/v2\/pages"}],"about":[{"href":"https:\/\/alcazabamalaga.com\/it\/wp-json\/wp\/v2\/types\/page"}],"author":[{"embeddable":true,"href":"https:\/\/alcazabamalaga.com\/it\/wp-json\/wp\/v2\/users\/2"}],"replies":[{"embeddable":true,"href":"https:\/\/alcazabamalaga.com\/it\/wp-json\/wp\/v2\/comments?post=760"}],"version-history":[{"count":5,"href":"https:\/\/alcazabamalaga.com\/it\/wp-json\/wp\/v2\/pages\/760\/revisions"}],"predecessor-version":[{"id":3903,"href":"https:\/\/alcazabamalaga.com\/it\/wp-json\/wp\/v2\/pages\/760\/revisions\/3903"}],"wp:featuredmedia":[{"embeddable":true,"href":"https:\/\/alcazabamalaga.com\/it\/wp-json\/wp\/v2\/media\/4005"}],"wp:attachment":[{"href":"https:\/\/alcazabamalaga.com\/it\/wp-json\/wp\/v2\/media?parent=760"}],"curies":[{"name":"wp","href":"https:\/\/api.w.org\/{rel}","templated":true}]}}