{"id":728,"date":"2019-11-01T17:14:31","date_gmt":"2019-11-01T14:14:31","guid":{"rendered":"http:\/\/alcazabamalaga.com\/home-page\/"},"modified":"2025-07-25T19:25:29","modified_gmt":"2025-07-25T16:25:29","slug":"home-page","status":"publish","type":"page","link":"https:\/\/alcazabamalaga.com\/it\/","title":{"rendered":"Home"},"content":{"rendered":"\n<h2 class=\"wp-block-heading\">La nostra missione<\/h2>\n\n<p>L&#8217;obiettivo di AlcazabaMalaga.com \u00e8 quello di contribuire alla diffusione del patrimonio storico, artistico e culturale del complesso monumentale dell&#8217;Alcazaba e del castello di Gibralfaro.<\/p>\n\n<h3 class=\"wp-block-heading\">Riguardo AlcazabaMalaga.com<\/h3>\n\n<p>Su Alcazabamalaga.com troverete tutte le <b><strong>informazioni aggiornate<\/strong><\/b> <b><strong>sull&#8217;Alcazaba di Malaga e sul <\/strong><\/b><a href=\"https:\/\/alcazabamalaga.com\/it\/gibralfaro-caste\/\"><b><strong>Castello di Gibralfaro<\/strong><\/b><\/a>; arte, storia, articoli, notizie, mappe, visite guidate e ricerche.<\/p>\n\n<p>Si tratta di un sito web non ufficiale, che ha lo scopo di permettere ai cittadini di Malaga e ai viaggiatori di conoscere questi sorprendenti monumenti e di offrire visite guidate. <\/p>\n\n<h3 class=\"wp-block-heading\">Qual \u00e8 il significato di Alcazaba?<\/h3>\n\n<p>La parola Alcazaba deriva dall&#8217;arabo Al-qasbah e si riferisce a una fortificazione all&#8217;interno di una citt\u00e0 murata.<\/p>\n\n<p>\u00c8 un palazzo fortificato e il fatto che non abbia una medina all&#8217;interno lo differenzia da un castello.<\/p>\n\n<p>All&#8217;interno dell&#8217;Alcazaba si trovavano una zona residenziale e un palazzo dove viveva il governatore. Inoltre, questa fortezza musulmana era dotata di silos e cisterne per consentire alle truppe e alla popolazione di sopravvivere in caso di attacco.<\/p>\n\n<p>Nel corso di nove secoli, nel territorio di Al-Andalus furono costruite un gran numero di alcazaba per proteggere la popolazione.<\/p>\n\n<p>Alcune di esse sono ancora conservate e alcuni esempi sono le Alcazaba di Badajoz, Almeria, Malaga, Antequera, Jaen, Guadix, Calatayud, Merida e l&#8217;Alcazaba costruita all&#8217;interno dell&#8217;Alhambra.<\/p>\n\n<h2 class=\"wp-block-heading\">L&#8217;Alcazaba di Malaga<\/h2>\n\n<p>\u00c8 considerata una delle pi\u00f9 belle Alcazaba che si possano visitare in Spagna.<\/p>\n\n<p>Fu costruita sulle pendici del monte Gibralfaro, dove prima si trovavano alcuni resti fenici. Questa posizione era un punto strategico per la difesa della citt\u00e0.<\/p>\n\n<p>L&#8217;Alcazaba di Malaga ha una superficie di 15.000 metri quadrati; senza dubbio, durante il periodo musulmano era molto pi\u00f9 grande, ma parte delle mura e del territorio della Haza Baja sono andati perduti nel tempo.<\/p>\n\n<p>Fu costruita dai musulmani che conquistarono la penisola iberica durante il Medioevo.<\/p>\n\n<p>Tuttavia, il suo processo di costruzione \u00e8 stato influenzato dalle evoluzioni storiche e topografiche, attraversando vari cambiamenti che ci permettono di dire che l&#8217;Alcazaba \u00e8 un monumento con una vita propria.<\/p>\n","protected":false},"excerpt":{"rendered":"<p>La nostra missione L&#8217;obiettivo di AlcazabaMalaga.com \u00e8 quello di contribuire alla diffusione del patrimonio storico, artistico e culturale del complesso monumentale dell&#8217;Alcazaba e del castello di Gibralfaro. Riguardo AlcazabaMalaga.com Su Alcazabamalaga.com troverete tutte le informazioni aggiornate sull&#8217;Alcazaba di Malaga e sul Castello di Gibralfaro; arte, storia, articoli, notizie, mappe, visite guidate e ricerche. Si tratta [&hellip;]<\/p>\n","protected":false},"author":2,"featured_media":1916,"parent":0,"menu_order":0,"comment_status":"closed","ping_status":"closed","template":"front-page.php","meta":{"_acf_changed":false,"footnotes":""},"class_list":["post-728","page","type-page","status-publish","has-post-thumbnail","hentry"],"acf":[],"yoast_head":"<!-- This site is optimized with the Yoast SEO plugin v27.5 - https:\/\/yoast.com\/product\/yoast-seo-wordpress\/ -->\n<title>Home - Alcazaba of Malaga<\/title>\n<meta name=\"description\" content=\"L&#039;Alcazaba di Malaga \u00e8 il cuore della citt\u00e0; non si pu\u00f2 comprendere totalmente la storia e la cultura di Malaga senza scoprirla.\" \/>\n<meta name=\"robots\" content=\"index, follow, max-snippet:-1, max-image-preview:large, max-video-preview:-1\" \/>\n<link rel=\"canonical\" href=\"https:\/\/alcazabamalaga.com\/it\/\" \/>\n<meta property=\"og:locale\" content=\"it_IT\" \/>\n<meta property=\"og:type\" content=\"article\" \/>\n<meta property=\"og:title\" content=\"Home - Alcazaba of Malaga\" \/>\n<meta property=\"og:description\" content=\"L&#039;Alcazaba di Malaga \u00e8 il cuore della citt\u00e0; non si pu\u00f2 comprendere totalmente la storia e la cultura di Malaga senza scoprirla.\" \/>\n<meta property=\"og:url\" content=\"https:\/\/alcazabamalaga.com\/it\/\" \/>\n<meta property=\"og:site_name\" content=\"Alcazaba of Malaga\" \/>\n<meta property=\"article:modified_time\" content=\"2025-07-25T16:25:29+00:00\" \/>\n<meta property=\"og:image\" content=\"https:\/\/alcazabamalaga.com\/wp-content\/uploads\/2020\/04\/Alcazaba-header-main-compressor.jpg\" \/>\n\t<meta property=\"og:image:width\" content=\"1920\" \/>\n\t<meta property=\"og:image:height\" content=\"500\" \/>\n\t<meta property=\"og:image:type\" content=\"image\/jpeg\" \/>\n<meta name=\"twitter:card\" content=\"summary_large_image\" \/>\n<meta name=\"twitter:label1\" content=\"Tempo di lettura stimato\" \/>\n\t<meta name=\"twitter:data1\" content=\"2 minuti\" \/>\n<script type=\"application\/ld+json\" class=\"yoast-schema-graph\">{\"@context\":\"https:\\\/\\\/schema.org\",\"@graph\":[{\"@type\":\"WebPage\",\"@id\":\"https:\\\/\\\/alcazabamalaga.com\\\/it\\\/\",\"url\":\"https:\\\/\\\/alcazabamalaga.com\\\/it\\\/\",\"name\":\"Home - Alcazaba of Malaga\",\"isPartOf\":{\"@id\":\"https:\\\/\\\/alcazabamalaga.com\\\/it\\\/#website\"},\"primaryImageOfPage\":{\"@id\":\"https:\\\/\\\/alcazabamalaga.com\\\/it\\\/#primaryimage\"},\"image\":{\"@id\":\"https:\\\/\\\/alcazabamalaga.com\\\/it\\\/#primaryimage\"},\"thumbnailUrl\":\"https:\\\/\\\/alcazabamalaga.com\\\/wp-content\\\/uploads\\\/2020\\\/04\\\/Alcazaba-header-main-compressor.jpg\",\"datePublished\":\"2019-11-01T14:14:31+00:00\",\"dateModified\":\"2025-07-25T16:25:29+00:00\",\"description\":\"L'Alcazaba di Malaga \u00e8 il cuore della citt\u00e0; non si pu\u00f2 comprendere totalmente la storia e la cultura di Malaga senza scoprirla.\",\"breadcrumb\":{\"@id\":\"https:\\\/\\\/alcazabamalaga.com\\\/it\\\/#breadcrumb\"},\"inLanguage\":\"it-IT\",\"potentialAction\":[{\"@type\":\"ReadAction\",\"target\":[\"https:\\\/\\\/alcazabamalaga.com\\\/it\\\/\"]}]},{\"@type\":\"ImageObject\",\"inLanguage\":\"it-IT\",\"@id\":\"https:\\\/\\\/alcazabamalaga.com\\\/it\\\/#primaryimage\",\"url\":\"https:\\\/\\\/alcazabamalaga.com\\\/wp-content\\\/uploads\\\/2020\\\/04\\\/Alcazaba-header-main-compressor.jpg\",\"contentUrl\":\"https:\\\/\\\/alcazabamalaga.com\\\/wp-content\\\/uploads\\\/2020\\\/04\\\/Alcazaba-header-main-compressor.jpg\",\"width\":1920,\"height\":500,\"caption\":\"Alcazaba M\u00e1laga Header\"},{\"@type\":\"BreadcrumbList\",\"@id\":\"https:\\\/\\\/alcazabamalaga.com\\\/it\\\/#breadcrumb\",\"itemListElement\":[{\"@type\":\"ListItem\",\"position\":1,\"name\":\"Home\",\"item\":\"https:\\\/\\\/alcazabamalaga.com\\\/it\\\/\"},{\"@type\":\"ListItem\",\"position\":2,\"name\":\"Home\"}]},{\"@type\":\"WebSite\",\"@id\":\"https:\\\/\\\/alcazabamalaga.com\\\/it\\\/#website\",\"url\":\"https:\\\/\\\/alcazabamalaga.com\\\/it\\\/\",\"name\":\"Alcazaba of Malaga\",\"description\":\"Alcazaba tour\",\"potentialAction\":[{\"@type\":\"SearchAction\",\"target\":{\"@type\":\"EntryPoint\",\"urlTemplate\":\"https:\\\/\\\/alcazabamalaga.com\\\/it\\\/?s={search_term_string}\"},\"query-input\":{\"@type\":\"PropertyValueSpecification\",\"valueRequired\":true,\"valueName\":\"search_term_string\"}}],\"inLanguage\":\"it-IT\"}]}<\/script>\n<!-- \/ Yoast SEO plugin. -->","yoast_head_json":{"title":"Home - Alcazaba of Malaga","description":"L'Alcazaba di Malaga \u00e8 il cuore della citt\u00e0; non si pu\u00f2 comprendere totalmente la storia e la cultura di Malaga senza scoprirla.","robots":{"index":"index","follow":"follow","max-snippet":"max-snippet:-1","max-image-preview":"max-image-preview:large","max-video-preview":"max-video-preview:-1"},"canonical":"https:\/\/alcazabamalaga.com\/it\/","og_locale":"it_IT","og_type":"article","og_title":"Home - Alcazaba of Malaga","og_description":"L'Alcazaba di Malaga \u00e8 il cuore della citt\u00e0; non si pu\u00f2 comprendere totalmente la storia e la cultura di Malaga senza scoprirla.","og_url":"https:\/\/alcazabamalaga.com\/it\/","og_site_name":"Alcazaba of Malaga","article_modified_time":"2025-07-25T16:25:29+00:00","og_image":[{"width":1920,"height":500,"url":"https:\/\/alcazabamalaga.com\/wp-content\/uploads\/2020\/04\/Alcazaba-header-main-compressor.jpg","type":"image\/jpeg"}],"twitter_card":"summary_large_image","twitter_misc":{"Tempo di lettura stimato":"2 minuti"},"schema":{"@context":"https:\/\/schema.org","@graph":[{"@type":"WebPage","@id":"https:\/\/alcazabamalaga.com\/it\/","url":"https:\/\/alcazabamalaga.com\/it\/","name":"Home - Alcazaba of Malaga","isPartOf":{"@id":"https:\/\/alcazabamalaga.com\/it\/#website"},"primaryImageOfPage":{"@id":"https:\/\/alcazabamalaga.com\/it\/#primaryimage"},"image":{"@id":"https:\/\/alcazabamalaga.com\/it\/#primaryimage"},"thumbnailUrl":"https:\/\/alcazabamalaga.com\/wp-content\/uploads\/2020\/04\/Alcazaba-header-main-compressor.jpg","datePublished":"2019-11-01T14:14:31+00:00","dateModified":"2025-07-25T16:25:29+00:00","description":"L'Alcazaba di Malaga \u00e8 il cuore della citt\u00e0; non si pu\u00f2 comprendere totalmente la storia e la cultura di Malaga senza scoprirla.","breadcrumb":{"@id":"https:\/\/alcazabamalaga.com\/it\/#breadcrumb"},"inLanguage":"it-IT","potentialAction":[{"@type":"ReadAction","target":["https:\/\/alcazabamalaga.com\/it\/"]}]},{"@type":"ImageObject","inLanguage":"it-IT","@id":"https:\/\/alcazabamalaga.com\/it\/#primaryimage","url":"https:\/\/alcazabamalaga.com\/wp-content\/uploads\/2020\/04\/Alcazaba-header-main-compressor.jpg","contentUrl":"https:\/\/alcazabamalaga.com\/wp-content\/uploads\/2020\/04\/Alcazaba-header-main-compressor.jpg","width":1920,"height":500,"caption":"Alcazaba M\u00e1laga Header"},{"@type":"BreadcrumbList","@id":"https:\/\/alcazabamalaga.com\/it\/#breadcrumb","itemListElement":[{"@type":"ListItem","position":1,"name":"Home","item":"https:\/\/alcazabamalaga.com\/it\/"},{"@type":"ListItem","position":2,"name":"Home"}]},{"@type":"WebSite","@id":"https:\/\/alcazabamalaga.com\/it\/#website","url":"https:\/\/alcazabamalaga.com\/it\/","name":"Alcazaba of Malaga","description":"Alcazaba tour","potentialAction":[{"@type":"SearchAction","target":{"@type":"EntryPoint","urlTemplate":"https:\/\/alcazabamalaga.com\/it\/?s={search_term_string}"},"query-input":{"@type":"PropertyValueSpecification","valueRequired":true,"valueName":"search_term_string"}}],"inLanguage":"it-IT"}]}},"_links":{"self":[{"href":"https:\/\/alcazabamalaga.com\/it\/wp-json\/wp\/v2\/pages\/728","targetHints":{"allow":["GET"]}}],"collection":[{"href":"https:\/\/alcazabamalaga.com\/it\/wp-json\/wp\/v2\/pages"}],"about":[{"href":"https:\/\/alcazabamalaga.com\/it\/wp-json\/wp\/v2\/types\/page"}],"author":[{"embeddable":true,"href":"https:\/\/alcazabamalaga.com\/it\/wp-json\/wp\/v2\/users\/2"}],"replies":[{"embeddable":true,"href":"https:\/\/alcazabamalaga.com\/it\/wp-json\/wp\/v2\/comments?post=728"}],"version-history":[{"count":5,"href":"https:\/\/alcazabamalaga.com\/it\/wp-json\/wp\/v2\/pages\/728\/revisions"}],"predecessor-version":[{"id":3970,"href":"https:\/\/alcazabamalaga.com\/it\/wp-json\/wp\/v2\/pages\/728\/revisions\/3970"}],"wp:featuredmedia":[{"embeddable":true,"href":"https:\/\/alcazabamalaga.com\/it\/wp-json\/wp\/v2\/media\/1916"}],"wp:attachment":[{"href":"https:\/\/alcazabamalaga.com\/it\/wp-json\/wp\/v2\/media?parent=728"}],"curies":[{"name":"wp","href":"https:\/\/api.w.org\/{rel}","templated":true}]}}