{"id":773,"date":"2019-11-01T17:21:02","date_gmt":"2019-11-01T14:21:02","guid":{"rendered":"http:\/\/alcazabamalaga.com\/school-tour\/"},"modified":"2025-07-29T20:14:57","modified_gmt":"2025-07-29T17:14:57","slug":"visita-escolar-alcazaba","status":"publish","type":"page","link":"https:\/\/alcazabamalaga.com\/es\/visita-escolar-alcazaba\/","title":{"rendered":"Visita Escolar a la Alcazaba"},"content":{"rendered":"\n<h2 class=\"wp-block-heading\">Excursi\u00f3n Escolar a la Alcazaba<\/h2>\n\n\n\n<p>Una visita escolar a la Alcazaba es una de las mejores excursiones que se puede realizar para que los estudiantes puedan conocer la historia de uno de los monumentos m\u00e1s emblem\u00e1ticos de M\u00e1laga.<\/p>\n\n\n\n<h2 class=\"wp-block-heading\">Tipos de visitas escolares a la Alcazaba <\/h2>\n\n\n\n<p>Desde <a rel=\"noreferrer noopener\" href=\"http:\/\/alcazabamalaga.com\/es\/\" target=\"_blank\">Alcazaba M\u00e1laga<\/a> ofrecemos varias opciones para que los estudiantes puedan divertirse mientras aprenden la historia de Al \u00c1ndalus. <\/p>\n\n\n\n<figure class=\"wp-block-table\"><table><tbody><tr><td><strong>Tipo de visita<\/strong><\/td><td><strong>Etapa educatica<\/strong><\/td><td>Precio (+50 alumnos)<\/td><td><strong> Precio (-50 alumnos)<\/strong><\/td><td><strong>Duraci\u00f3n<\/strong><\/td><\/tr><tr><td>Visita cultural<\/td><td>Primaria, Secundaria y Bachillerato<\/td><td>8 \u20ac <\/td><td>8 \u20ac<\/td><td>2 horas<\/td><\/tr><tr><td>Teatralizada<\/td><td>Primaria<\/td><td>8 \u20ac<\/td><td>10 \u20ac<\/td><td>2 horas<\/td><\/tr><tr><td>Gymkhana<\/td><td>Primaria<\/td><td>8 \u20ac<\/td><td>10 \u20ac<\/td><td>2 horas<\/td><\/tr><\/tbody><\/table><\/figure>\n\n\n\n<h2 class=\"wp-block-heading\">Otras visitas escolares que realizamos en M\u00e1laga<\/h2>\n\n\n\n<figure class=\"wp-block-table\"><table><tbody><tr><td><strong>Tipo de visita<\/strong><\/td><td><strong>Etapa educatica<\/strong><\/td><td><strong>Precio (+50 alumnos)<\/strong><\/td><td><strong> Precio (-50 alumnos)<\/strong><\/td><td><strong>Duraci\u00f3n<\/strong><\/td><\/tr><tr><td>Visita centro hist\u00f3rico<\/td><td>Primaria, Secundaria, Bachillerato<\/td><td>5 \u20ac<\/td><td>6 \u20ac<\/td><td>2 horas<\/td><\/tr><tr><td>Visita a la catedral<\/td><td>Primaria, Secundaria, Bachillerato<\/td><td>5\u20ac *<\/td><td>6 \u20ac<\/td><td>2 horas<\/td><\/tr><tr><td>Visita al Museo de M\u00e1laga (Aduanas)<\/td><td>Primaria, Secundaria, bachillerato<\/td><td>5\u20ac<\/td><td>6\u20ac<\/td><td>2 horas<\/td><\/tr><tr><td>Gymkhana Centro Hist\u00f3rico<\/td><td>Primaria, Secundaria, Bachillerato<\/td><td>6\u20ac<\/td><td>8\u20ac<\/td><td>2 horas<\/td><\/tr><tr><td>Gymkhana Arqueol\u00f3gica<\/td><td>Primaria<\/td><td>6\u20ac<\/td><td>8\u20ac<\/td><td>2 horas<\/td><\/tr><tr><td>Gymkhana Ecol\u00f3gica<\/td><td>Primaria<\/td><td>6 \u20ac<\/td><td>8\u20ac<\/td><td>2 horas<\/td><\/tr><\/tbody><\/table><figcaption class=\"wp-element-caption\">* Este precio es para los colegios pertenecientes al Episcopado de M\u00e1laga, colegio de fuera tendr\u00e1 que incluirse el precio de la entrada<\/figcaption><\/figure>\n\n\n\n<h2 class=\"wp-block-heading\">\u00bfQuieres hacer dos visitas el mismo d\u00eda?<\/h2>\n\n\n\n<figure class=\"wp-block-table\"><table><tbody><tr><td><strong>Tipo de visita<\/strong><\/td><td><strong>Etapa educatica<\/strong><\/td><td><strong>Precio (+50 alumnos)<\/strong><\/td><td><strong> Precio (-50 alumnos)<\/strong><\/td><td><strong>Duraci\u00f3n<\/strong><\/td><\/tr><tr><td>Visita centro hist\u00f3rico y catedral<\/td><td>Primaria, Secundaria, Bachillerato<\/td><td>8\u20ac<\/td><td>10\u20ac<\/td><td>3 horas<\/td><\/tr><tr><td>Visita Alcazaba y centro hist\u00f3rico<\/td><td>Primaria, Secundaria, Bachillerato<\/td><td>10\u20ac<\/td><td>12\u20ac<\/td><td>3 horas y media<\/td><\/tr><tr><td>Visita Alcazaba y gymkhana<\/td><td>Primaria, Secundaria, Bachillerato<\/td><td>10\u20ac<\/td><td>12\u20ac<\/td><td>3 horas y media<\/td><\/tr><tr><td>Teatralizada y gymkhana<\/td><td>Primaria<\/td><td>10\u20ac<\/td><td>12\u20ac<\/td><td>3 horas y media<\/td><\/tr><\/tbody><\/table><\/figure>\n\n\n\n<h2 class=\"wp-block-heading\">Informaci\u00f3n de las visitas escolares<\/h2>\n\n\n\n<h3 class=\"wp-block-heading\">1. Visita Teatralizada a la Alcazaba<\/h3>\n\n\n\n<p>Es la mejor opci\u00f3n para que los m\u00e1s j\u00f3venes se diviertan&nbsp; dando rienda suelta a su imaginaci\u00f3n: conociendo el arte, historia y cultura musulmana. <\/p>\n\n\n\n<p>Nuestro equipo mezclar\u00e1 explicaciones con la aparici\u00f3n de algunos personajes hist\u00f3ricos que ayudaran a desvelar enigmas de la Alcazaba y narrar\u00e1n algunas leyendas de \u00e9poca medieval.<\/p>\n\n\n\n<h3 class=\"wp-block-heading\">2. Visita Cultural a la Alcazaba<\/h3>\n\n\n\n<p>Se trata de una visita guiada a la Alcazaba adaptada para los estudiantes. <\/p>\n\n\n\n<p>El gu\u00eda les llevar\u00e1 paso a paso por un viaje a la historia de la Alcazaba de una manera amena y divertida.<\/p>\n\n\n\n<p>Pueden realizarlo tanto ni\u00f1os de primaria como estudiantes de la ESO, bachillerato y la universidad. <\/p>\n\n\n\n<p>Tambi\u00e9n muchas escuelas de espa\u00f1ol, deciden realizar esta visita para sus estudiantes. <\/p>\n\n\n\n<h3 class=\"wp-block-heading\">3. Gymkhana en la Alcazaba<\/h3>\n\n\n\n<p>Descubre los rincones de la Alcazaba de M\u00e1laga de una forma diferente. <\/p>\n\n\n\n<p>En esta Gymkhana el gu\u00eda explicar\u00e1 el monumento y despu\u00e9s dar\u00e1 algunos enigmas que los estudiantes con los datos recopilados, deber\u00e1 solucionarlos. <\/p>\n\n\n\n<p>Se har\u00e1n diferentes equipos que competir\u00e1n entre ellos por conseguir ganar y descubrir \u00abel tesoro\u00bb.<\/p>\n\n\n\n<p>Estas Gymkhanas est\u00e1n supervisadas por nuestros monitores que les ayudar\u00e1n en esta aventura.<\/p>\n\n\n\n<p><\/p>\n","protected":false},"excerpt":{"rendered":"<p>Excursi\u00f3n Escolar a la Alcazaba Una visita escolar a la Alcazaba es una de las mejores excursiones que se puede realizar para que los estudiantes puedan conocer la historia de uno de los monumentos m\u00e1s emblem\u00e1ticos de M\u00e1laga. Tipos de visitas escolares a la Alcazaba Desde Alcazaba M\u00e1laga ofrecemos varias opciones para que los estudiantes [&hellip;]<\/p>\n","protected":false},"author":2,"featured_media":4147,"parent":0,"menu_order":0,"comment_status":"closed","ping_status":"closed","template":"tour-page.php","meta":{"_acf_changed":false,"footnotes":""},"class_list":["post-773","page","type-page","status-publish","has-post-thumbnail","hentry"],"acf":[],"yoast_head":"<!-- This site is optimized with the Yoast SEO plugin v27.5 - https:\/\/yoast.com\/product\/yoast-seo-wordpress\/ -->\n<title>Visita Escolar a la Alcazaba - AlcazabaM\u00e1laga.com<\/title>\n<meta name=\"description\" content=\"Visita escolar a la Alcazaba, visitas teatralizadas y gymkhanas. Para todos los cursos: Primaria, Secundaria, Bachiller. Reserva Aqu\u00ed\" \/>\n<meta name=\"robots\" content=\"index, follow, max-snippet:-1, max-image-preview:large, max-video-preview:-1\" \/>\n<link rel=\"canonical\" href=\"https:\/\/alcazabamalaga.com\/es\/visita-escolar-alcazaba\/\" \/>\n<meta property=\"og:locale\" content=\"es_ES\" \/>\n<meta property=\"og:type\" content=\"article\" \/>\n<meta property=\"og:title\" content=\"Visita Escolar a la Alcazaba - AlcazabaM\u00e1laga.com\" \/>\n<meta property=\"og:description\" content=\"Visita escolar a la Alcazaba, visitas teatralizadas y gymkhanas. Para todos los cursos: Primaria, Secundaria, Bachiller. Reserva Aqu\u00ed\" \/>\n<meta property=\"og:url\" content=\"https:\/\/alcazabamalaga.com\/es\/visita-escolar-alcazaba\/\" \/>\n<meta property=\"og:site_name\" content=\"Alcazaba of Malaga\" \/>\n<meta property=\"article:modified_time\" content=\"2025-07-29T17:14:57+00:00\" \/>\n<meta property=\"og:image\" content=\"https:\/\/alcazabamalaga.com\/wp-content\/uploads\/2025\/07\/Infantil-OK-1.jpg\" \/>\n\t<meta property=\"og:image:width\" content=\"1600\" \/>\n\t<meta property=\"og:image:height\" content=\"417\" \/>\n\t<meta property=\"og:image:type\" content=\"image\/jpeg\" \/>\n<meta name=\"twitter:card\" content=\"summary_large_image\" \/>\n<meta name=\"twitter:label1\" content=\"Tiempo de lectura\" \/>\n\t<meta name=\"twitter:data1\" content=\"3 minutos\" \/>\n<script type=\"application\/ld+json\" class=\"yoast-schema-graph\">{\"@context\":\"https:\\\/\\\/schema.org\",\"@graph\":[{\"@type\":\"WebPage\",\"@id\":\"https:\\\/\\\/alcazabamalaga.com\\\/es\\\/visita-escolar-alcazaba\\\/\",\"url\":\"https:\\\/\\\/alcazabamalaga.com\\\/es\\\/visita-escolar-alcazaba\\\/\",\"name\":\"Visita Escolar a la Alcazaba - AlcazabaM\u00e1laga.com\",\"isPartOf\":{\"@id\":\"https:\\\/\\\/alcazabamalaga.com\\\/es\\\/#website\"},\"primaryImageOfPage\":{\"@id\":\"https:\\\/\\\/alcazabamalaga.com\\\/es\\\/visita-escolar-alcazaba\\\/#primaryimage\"},\"image\":{\"@id\":\"https:\\\/\\\/alcazabamalaga.com\\\/es\\\/visita-escolar-alcazaba\\\/#primaryimage\"},\"thumbnailUrl\":\"https:\\\/\\\/alcazabamalaga.com\\\/wp-content\\\/uploads\\\/2025\\\/07\\\/Infantil-OK-1.jpg\",\"datePublished\":\"2019-11-01T14:21:02+00:00\",\"dateModified\":\"2025-07-29T17:14:57+00:00\",\"description\":\"Visita escolar a la Alcazaba, visitas teatralizadas y gymkhanas. Para todos los cursos: Primaria, Secundaria, Bachiller. Reserva Aqu\u00ed\",\"breadcrumb\":{\"@id\":\"https:\\\/\\\/alcazabamalaga.com\\\/es\\\/visita-escolar-alcazaba\\\/#breadcrumb\"},\"inLanguage\":\"es\",\"potentialAction\":[{\"@type\":\"ReadAction\",\"target\":[\"https:\\\/\\\/alcazabamalaga.com\\\/es\\\/visita-escolar-alcazaba\\\/\"]}]},{\"@type\":\"ImageObject\",\"inLanguage\":\"es\",\"@id\":\"https:\\\/\\\/alcazabamalaga.com\\\/es\\\/visita-escolar-alcazaba\\\/#primaryimage\",\"url\":\"https:\\\/\\\/alcazabamalaga.com\\\/wp-content\\\/uploads\\\/2025\\\/07\\\/Infantil-OK-1.jpg\",\"contentUrl\":\"https:\\\/\\\/alcazabamalaga.com\\\/wp-content\\\/uploads\\\/2025\\\/07\\\/Infantil-OK-1.jpg\",\"width\":1600,\"height\":417},{\"@type\":\"BreadcrumbList\",\"@id\":\"https:\\\/\\\/alcazabamalaga.com\\\/es\\\/visita-escolar-alcazaba\\\/#breadcrumb\",\"itemListElement\":[{\"@type\":\"ListItem\",\"position\":1,\"name\":\"Home\",\"item\":\"https:\\\/\\\/alcazabamalaga.com\\\/es\\\/\"},{\"@type\":\"ListItem\",\"position\":2,\"name\":\"Visita Escolar a la Alcazaba\"}]},{\"@type\":\"WebSite\",\"@id\":\"https:\\\/\\\/alcazabamalaga.com\\\/es\\\/#website\",\"url\":\"https:\\\/\\\/alcazabamalaga.com\\\/es\\\/\",\"name\":\"Alcazaba of Malaga\",\"description\":\"Alcazaba tour\",\"potentialAction\":[{\"@type\":\"SearchAction\",\"target\":{\"@type\":\"EntryPoint\",\"urlTemplate\":\"https:\\\/\\\/alcazabamalaga.com\\\/es\\\/?s={search_term_string}\"},\"query-input\":{\"@type\":\"PropertyValueSpecification\",\"valueRequired\":true,\"valueName\":\"search_term_string\"}}],\"inLanguage\":\"es\"}]}<\/script>\n<!-- \/ Yoast SEO plugin. -->","yoast_head_json":{"title":"Visita Escolar a la Alcazaba - AlcazabaM\u00e1laga.com","description":"Visita escolar a la Alcazaba, visitas teatralizadas y gymkhanas. Para todos los cursos: Primaria, Secundaria, Bachiller. Reserva Aqu\u00ed","robots":{"index":"index","follow":"follow","max-snippet":"max-snippet:-1","max-image-preview":"max-image-preview:large","max-video-preview":"max-video-preview:-1"},"canonical":"https:\/\/alcazabamalaga.com\/es\/visita-escolar-alcazaba\/","og_locale":"es_ES","og_type":"article","og_title":"Visita Escolar a la Alcazaba - AlcazabaM\u00e1laga.com","og_description":"Visita escolar a la Alcazaba, visitas teatralizadas y gymkhanas. Para todos los cursos: Primaria, Secundaria, Bachiller. Reserva Aqu\u00ed","og_url":"https:\/\/alcazabamalaga.com\/es\/visita-escolar-alcazaba\/","og_site_name":"Alcazaba of Malaga","article_modified_time":"2025-07-29T17:14:57+00:00","og_image":[{"width":1600,"height":417,"url":"https:\/\/alcazabamalaga.com\/wp-content\/uploads\/2025\/07\/Infantil-OK-1.jpg","type":"image\/jpeg"}],"twitter_card":"summary_large_image","twitter_misc":{"Tiempo de lectura":"3 minutos"},"schema":{"@context":"https:\/\/schema.org","@graph":[{"@type":"WebPage","@id":"https:\/\/alcazabamalaga.com\/es\/visita-escolar-alcazaba\/","url":"https:\/\/alcazabamalaga.com\/es\/visita-escolar-alcazaba\/","name":"Visita Escolar a la Alcazaba - AlcazabaM\u00e1laga.com","isPartOf":{"@id":"https:\/\/alcazabamalaga.com\/es\/#website"},"primaryImageOfPage":{"@id":"https:\/\/alcazabamalaga.com\/es\/visita-escolar-alcazaba\/#primaryimage"},"image":{"@id":"https:\/\/alcazabamalaga.com\/es\/visita-escolar-alcazaba\/#primaryimage"},"thumbnailUrl":"https:\/\/alcazabamalaga.com\/wp-content\/uploads\/2025\/07\/Infantil-OK-1.jpg","datePublished":"2019-11-01T14:21:02+00:00","dateModified":"2025-07-29T17:14:57+00:00","description":"Visita escolar a la Alcazaba, visitas teatralizadas y gymkhanas. Para todos los cursos: Primaria, Secundaria, Bachiller. Reserva Aqu\u00ed","breadcrumb":{"@id":"https:\/\/alcazabamalaga.com\/es\/visita-escolar-alcazaba\/#breadcrumb"},"inLanguage":"es","potentialAction":[{"@type":"ReadAction","target":["https:\/\/alcazabamalaga.com\/es\/visita-escolar-alcazaba\/"]}]},{"@type":"ImageObject","inLanguage":"es","@id":"https:\/\/alcazabamalaga.com\/es\/visita-escolar-alcazaba\/#primaryimage","url":"https:\/\/alcazabamalaga.com\/wp-content\/uploads\/2025\/07\/Infantil-OK-1.jpg","contentUrl":"https:\/\/alcazabamalaga.com\/wp-content\/uploads\/2025\/07\/Infantil-OK-1.jpg","width":1600,"height":417},{"@type":"BreadcrumbList","@id":"https:\/\/alcazabamalaga.com\/es\/visita-escolar-alcazaba\/#breadcrumb","itemListElement":[{"@type":"ListItem","position":1,"name":"Home","item":"https:\/\/alcazabamalaga.com\/es\/"},{"@type":"ListItem","position":2,"name":"Visita Escolar a la Alcazaba"}]},{"@type":"WebSite","@id":"https:\/\/alcazabamalaga.com\/es\/#website","url":"https:\/\/alcazabamalaga.com\/es\/","name":"Alcazaba of Malaga","description":"Alcazaba tour","potentialAction":[{"@type":"SearchAction","target":{"@type":"EntryPoint","urlTemplate":"https:\/\/alcazabamalaga.com\/es\/?s={search_term_string}"},"query-input":{"@type":"PropertyValueSpecification","valueRequired":true,"valueName":"search_term_string"}}],"inLanguage":"es"}]}},"_links":{"self":[{"href":"https:\/\/alcazabamalaga.com\/es\/wp-json\/wp\/v2\/pages\/773","targetHints":{"allow":["GET"]}}],"collection":[{"href":"https:\/\/alcazabamalaga.com\/es\/wp-json\/wp\/v2\/pages"}],"about":[{"href":"https:\/\/alcazabamalaga.com\/es\/wp-json\/wp\/v2\/types\/page"}],"author":[{"embeddable":true,"href":"https:\/\/alcazabamalaga.com\/es\/wp-json\/wp\/v2\/users\/2"}],"replies":[{"embeddable":true,"href":"https:\/\/alcazabamalaga.com\/es\/wp-json\/wp\/v2\/comments?post=773"}],"version-history":[{"count":5,"href":"https:\/\/alcazabamalaga.com\/es\/wp-json\/wp\/v2\/pages\/773\/revisions"}],"predecessor-version":[{"id":4159,"href":"https:\/\/alcazabamalaga.com\/es\/wp-json\/wp\/v2\/pages\/773\/revisions\/4159"}],"wp:featuredmedia":[{"embeddable":true,"href":"https:\/\/alcazabamalaga.com\/es\/wp-json\/wp\/v2\/media\/4147"}],"wp:attachment":[{"href":"https:\/\/alcazabamalaga.com\/es\/wp-json\/wp\/v2\/media?parent=773"}],"curies":[{"name":"wp","href":"https:\/\/api.w.org\/{rel}","templated":true}]}}