{"id":769,"date":"2019-11-01T17:20:39","date_gmt":"2019-11-01T14:20:39","guid":{"rendered":"http:\/\/alcazabamalaga.com\/private-tour\/"},"modified":"2025-10-13T17:31:49","modified_gmt":"2025-10-13T14:31:49","slug":"private-tour","status":"publish","type":"page","link":"https:\/\/alcazabamalaga.com\/es\/private-tour\/","title":{"rendered":"Tour Privado en la Alcazaba"},"content":{"rendered":"\n<h2 class=\"wp-block-heading\">Una visita privada es la mejor opci\u00f3n para conocer la Alcazaba<\/h2>\n\n\n\n<p>Si sois una<strong>&nbsp;familia<\/strong>, un&nbsp;<strong>grupo<\/strong>&nbsp;o una&nbsp;<strong>empresa<\/strong>,&nbsp;<strong>un Tour Privado en la Alcazaba<\/strong>&nbsp;es la mejor manera de conocer este monumento y tener una experiencia inolvidable.<\/p>\n\n\n\n<p>La Alcazaba es el monumento m\u00e1s emblem\u00e1tico de la ciudad.<\/p>\n\n\n\n<p>Una fortaleza-palacio conocida como la hermana peque\u00f1a de la Alhambra, al tener un estilo arquitect\u00f3nico y art\u00edstico muy similar, con hermosos jardines, fuentes y palacios.<\/p>\n\n\n\n<p>Durante la&nbsp;<strong>visita privada<\/strong>&nbsp;a la Alcazaba,&nbsp;<strong>tendr\u00e1s tu propio gu\u00eda tur\u00edstico<\/strong> que narrar\u00e1 al grupo la interesante historia de Al \u00c1ndalus, las leyendas del palacio y peculiaridades de la cultura musulmana.<\/p>\n\n\n\n<p>Al final del recorrido, conocer\u00e1s c\u00f3mo el ej\u00e9rcito de los Reyes Cat\u00f3licos consigui\u00f3 conquistar la Alcazaba, una de las fortalezas m\u00e1s inexpugnables de la Edad Media.<\/p>\n\n\n\n<p>El <strong>tour privado de la Alcazaba<\/strong> est\u00e1 disponible en ingl\u00e9s y espa\u00f1ol. Para italiano, alem\u00e1n y franc\u00e9s, consultar disponibilidad del gu\u00eda.<\/p>\n\n\n\n<p>\u00a0Para realizar tu <strong>reserva<\/strong>, puedes escribirnos por <strong>correo\u00a0electr\u00f3nico<\/strong> (<a href=\"mailto:info@alcazabamalaga.com\">info@alcazabamalaga.com<\/a>) o\u00a0<strong>Whatsapp (+34 699 756 864)<\/strong> y estaremos encantados de ayudarte a organizar tu visita.<\/p>\n\n\n\n<p>Si est\u00e1s buscando otras visitas guiadas por el centro hist\u00f3rico de M\u00e1laga y tour de tapas, visita la <a href=\"https:\/\/malagaadventures.com\/es\/\" target=\"_blank\" rel=\"noreferrer noopener\">p\u00e1gina web de M\u00e1laga Adventures<\/a>, donde podr\u00e1s encontrar una gran variedad de visitas guiadas.<\/p>\n\n\n\n<p>Tambi\u00e9n puedes visitar <a href=\"http:\/\/alcazabamalaga.com\/es\/blog\/\">nuestro&nbsp;blog&nbsp;<\/a>donde ofrecemos mucha informaci\u00f3n y consejos \u00fatiles para su viaje a M\u00e1laga y por Andaluc\u00eda.<\/p>\n","protected":false},"excerpt":{"rendered":"<p>Una visita privada es la mejor opci\u00f3n para conocer la Alcazaba Si sois una&nbsp;familia, un&nbsp;grupo&nbsp;o una&nbsp;empresa,&nbsp;un Tour Privado en la Alcazaba&nbsp;es la mejor manera de conocer este monumento y tener una experiencia inolvidable. La Alcazaba es el monumento m\u00e1s emblem\u00e1tico de la ciudad. Una fortaleza-palacio conocida como la hermana peque\u00f1a de la Alhambra, al tener [&hellip;]<\/p>\n","protected":false},"author":2,"featured_media":1980,"parent":0,"menu_order":0,"comment_status":"closed","ping_status":"closed","template":"tour-page.php","meta":{"_acf_changed":false,"footnotes":""},"class_list":["post-769","page","type-page","status-publish","has-post-thumbnail","hentry"],"acf":[],"yoast_head":"<!-- This site is optimized with the Yoast SEO plugin v27.5 - https:\/\/yoast.com\/product\/yoast-seo-wordpress\/ -->\n<title>Tour Privado en la Alcazaba desde 60\u20ac por grupo - Alcazaba de M\u00e1laga<\/title>\n<meta name=\"description\" content=\"Si sois un grupo de amigos, una familia o una agencia de viajes, la mejor opci\u00f3n para una visita guiada a la Alcazaba es con un tour privado. Reserva Aqu\u00ed!\" \/>\n<meta name=\"robots\" content=\"index, follow, max-snippet:-1, max-image-preview:large, max-video-preview:-1\" \/>\n<link rel=\"canonical\" href=\"https:\/\/alcazabamalaga.com\/es\/private-tour\/\" \/>\n<meta property=\"og:locale\" content=\"es_ES\" \/>\n<meta property=\"og:type\" content=\"article\" \/>\n<meta property=\"og:title\" content=\"Tour Privado en la Alcazaba desde 60\u20ac por grupo - Alcazaba de M\u00e1laga\" \/>\n<meta property=\"og:description\" content=\"Si sois un grupo de amigos, una familia o una agencia de viajes, la mejor opci\u00f3n para una visita guiada a la Alcazaba es con un tour privado. Reserva Aqu\u00ed!\" \/>\n<meta property=\"og:url\" content=\"https:\/\/alcazabamalaga.com\/es\/private-tour\/\" \/>\n<meta property=\"og:site_name\" content=\"Alcazaba of Malaga\" \/>\n<meta property=\"article:modified_time\" content=\"2025-10-13T14:31:49+00:00\" \/>\n<meta property=\"og:image\" content=\"https:\/\/alcazabamalaga.com\/wp-content\/uploads\/2020\/04\/private-tour-header-alcazaba-2.jpg\" \/>\n\t<meta property=\"og:image:width\" content=\"1920\" \/>\n\t<meta property=\"og:image:height\" content=\"500\" \/>\n\t<meta property=\"og:image:type\" content=\"image\/jpeg\" \/>\n<meta name=\"twitter:card\" content=\"summary_large_image\" \/>\n<meta name=\"twitter:label1\" content=\"Tiempo de lectura\" \/>\n\t<meta name=\"twitter:data1\" content=\"2 minutos\" \/>\n<script type=\"application\/ld+json\" class=\"yoast-schema-graph\">{\"@context\":\"https:\\\/\\\/schema.org\",\"@graph\":[{\"@type\":\"WebPage\",\"@id\":\"https:\\\/\\\/alcazabamalaga.com\\\/es\\\/private-tour\\\/\",\"url\":\"https:\\\/\\\/alcazabamalaga.com\\\/es\\\/private-tour\\\/\",\"name\":\"Tour Privado en la Alcazaba desde 60\u20ac por grupo - Alcazaba de M\u00e1laga\",\"isPartOf\":{\"@id\":\"https:\\\/\\\/alcazabamalaga.com\\\/es\\\/#website\"},\"primaryImageOfPage\":{\"@id\":\"https:\\\/\\\/alcazabamalaga.com\\\/es\\\/private-tour\\\/#primaryimage\"},\"image\":{\"@id\":\"https:\\\/\\\/alcazabamalaga.com\\\/es\\\/private-tour\\\/#primaryimage\"},\"thumbnailUrl\":\"https:\\\/\\\/alcazabamalaga.com\\\/wp-content\\\/uploads\\\/2020\\\/04\\\/private-tour-header-alcazaba-2.jpg\",\"datePublished\":\"2019-11-01T14:20:39+00:00\",\"dateModified\":\"2025-10-13T14:31:49+00:00\",\"description\":\"Si sois un grupo de amigos, una familia o una agencia de viajes, la mejor opci\u00f3n para una visita guiada a la Alcazaba es con un tour privado. Reserva Aqu\u00ed!\",\"breadcrumb\":{\"@id\":\"https:\\\/\\\/alcazabamalaga.com\\\/es\\\/private-tour\\\/#breadcrumb\"},\"inLanguage\":\"es\",\"potentialAction\":[{\"@type\":\"ReadAction\",\"target\":[\"https:\\\/\\\/alcazabamalaga.com\\\/es\\\/private-tour\\\/\"]}]},{\"@type\":\"ImageObject\",\"inLanguage\":\"es\",\"@id\":\"https:\\\/\\\/alcazabamalaga.com\\\/es\\\/private-tour\\\/#primaryimage\",\"url\":\"https:\\\/\\\/alcazabamalaga.com\\\/wp-content\\\/uploads\\\/2020\\\/04\\\/private-tour-header-alcazaba-2.jpg\",\"contentUrl\":\"https:\\\/\\\/alcazabamalaga.com\\\/wp-content\\\/uploads\\\/2020\\\/04\\\/private-tour-header-alcazaba-2.jpg\",\"width\":1920,\"height\":500,\"caption\":\"tour privado Alcazaba malaga\"},{\"@type\":\"BreadcrumbList\",\"@id\":\"https:\\\/\\\/alcazabamalaga.com\\\/es\\\/private-tour\\\/#breadcrumb\",\"itemListElement\":[{\"@type\":\"ListItem\",\"position\":1,\"name\":\"Home\",\"item\":\"https:\\\/\\\/alcazabamalaga.com\\\/es\\\/\"},{\"@type\":\"ListItem\",\"position\":2,\"name\":\"Tour Privado en la Alcazaba\"}]},{\"@type\":\"WebSite\",\"@id\":\"https:\\\/\\\/alcazabamalaga.com\\\/es\\\/#website\",\"url\":\"https:\\\/\\\/alcazabamalaga.com\\\/es\\\/\",\"name\":\"Alcazaba of Malaga\",\"description\":\"Alcazaba tour\",\"potentialAction\":[{\"@type\":\"SearchAction\",\"target\":{\"@type\":\"EntryPoint\",\"urlTemplate\":\"https:\\\/\\\/alcazabamalaga.com\\\/es\\\/?s={search_term_string}\"},\"query-input\":{\"@type\":\"PropertyValueSpecification\",\"valueRequired\":true,\"valueName\":\"search_term_string\"}}],\"inLanguage\":\"es\"}]}<\/script>\n<!-- \/ Yoast SEO plugin. -->","yoast_head_json":{"title":"Tour Privado en la Alcazaba desde 60\u20ac por grupo - Alcazaba de M\u00e1laga","description":"Si sois un grupo de amigos, una familia o una agencia de viajes, la mejor opci\u00f3n para una visita guiada a la Alcazaba es con un tour privado. Reserva Aqu\u00ed!","robots":{"index":"index","follow":"follow","max-snippet":"max-snippet:-1","max-image-preview":"max-image-preview:large","max-video-preview":"max-video-preview:-1"},"canonical":"https:\/\/alcazabamalaga.com\/es\/private-tour\/","og_locale":"es_ES","og_type":"article","og_title":"Tour Privado en la Alcazaba desde 60\u20ac por grupo - Alcazaba de M\u00e1laga","og_description":"Si sois un grupo de amigos, una familia o una agencia de viajes, la mejor opci\u00f3n para una visita guiada a la Alcazaba es con un tour privado. Reserva Aqu\u00ed!","og_url":"https:\/\/alcazabamalaga.com\/es\/private-tour\/","og_site_name":"Alcazaba of Malaga","article_modified_time":"2025-10-13T14:31:49+00:00","og_image":[{"width":1920,"height":500,"url":"https:\/\/alcazabamalaga.com\/wp-content\/uploads\/2020\/04\/private-tour-header-alcazaba-2.jpg","type":"image\/jpeg"}],"twitter_card":"summary_large_image","twitter_misc":{"Tiempo de lectura":"2 minutos"},"schema":{"@context":"https:\/\/schema.org","@graph":[{"@type":"WebPage","@id":"https:\/\/alcazabamalaga.com\/es\/private-tour\/","url":"https:\/\/alcazabamalaga.com\/es\/private-tour\/","name":"Tour Privado en la Alcazaba desde 60\u20ac por grupo - Alcazaba de M\u00e1laga","isPartOf":{"@id":"https:\/\/alcazabamalaga.com\/es\/#website"},"primaryImageOfPage":{"@id":"https:\/\/alcazabamalaga.com\/es\/private-tour\/#primaryimage"},"image":{"@id":"https:\/\/alcazabamalaga.com\/es\/private-tour\/#primaryimage"},"thumbnailUrl":"https:\/\/alcazabamalaga.com\/wp-content\/uploads\/2020\/04\/private-tour-header-alcazaba-2.jpg","datePublished":"2019-11-01T14:20:39+00:00","dateModified":"2025-10-13T14:31:49+00:00","description":"Si sois un grupo de amigos, una familia o una agencia de viajes, la mejor opci\u00f3n para una visita guiada a la Alcazaba es con un tour privado. Reserva Aqu\u00ed!","breadcrumb":{"@id":"https:\/\/alcazabamalaga.com\/es\/private-tour\/#breadcrumb"},"inLanguage":"es","potentialAction":[{"@type":"ReadAction","target":["https:\/\/alcazabamalaga.com\/es\/private-tour\/"]}]},{"@type":"ImageObject","inLanguage":"es","@id":"https:\/\/alcazabamalaga.com\/es\/private-tour\/#primaryimage","url":"https:\/\/alcazabamalaga.com\/wp-content\/uploads\/2020\/04\/private-tour-header-alcazaba-2.jpg","contentUrl":"https:\/\/alcazabamalaga.com\/wp-content\/uploads\/2020\/04\/private-tour-header-alcazaba-2.jpg","width":1920,"height":500,"caption":"tour privado Alcazaba malaga"},{"@type":"BreadcrumbList","@id":"https:\/\/alcazabamalaga.com\/es\/private-tour\/#breadcrumb","itemListElement":[{"@type":"ListItem","position":1,"name":"Home","item":"https:\/\/alcazabamalaga.com\/es\/"},{"@type":"ListItem","position":2,"name":"Tour Privado en la Alcazaba"}]},{"@type":"WebSite","@id":"https:\/\/alcazabamalaga.com\/es\/#website","url":"https:\/\/alcazabamalaga.com\/es\/","name":"Alcazaba of Malaga","description":"Alcazaba tour","potentialAction":[{"@type":"SearchAction","target":{"@type":"EntryPoint","urlTemplate":"https:\/\/alcazabamalaga.com\/es\/?s={search_term_string}"},"query-input":{"@type":"PropertyValueSpecification","valueRequired":true,"valueName":"search_term_string"}}],"inLanguage":"es"}]}},"_links":{"self":[{"href":"https:\/\/alcazabamalaga.com\/es\/wp-json\/wp\/v2\/pages\/769","targetHints":{"allow":["GET"]}}],"collection":[{"href":"https:\/\/alcazabamalaga.com\/es\/wp-json\/wp\/v2\/pages"}],"about":[{"href":"https:\/\/alcazabamalaga.com\/es\/wp-json\/wp\/v2\/types\/page"}],"author":[{"embeddable":true,"href":"https:\/\/alcazabamalaga.com\/es\/wp-json\/wp\/v2\/users\/2"}],"replies":[{"embeddable":true,"href":"https:\/\/alcazabamalaga.com\/es\/wp-json\/wp\/v2\/comments?post=769"}],"version-history":[{"count":5,"href":"https:\/\/alcazabamalaga.com\/es\/wp-json\/wp\/v2\/pages\/769\/revisions"}],"predecessor-version":[{"id":4253,"href":"https:\/\/alcazabamalaga.com\/es\/wp-json\/wp\/v2\/pages\/769\/revisions\/4253"}],"wp:featuredmedia":[{"embeddable":true,"href":"https:\/\/alcazabamalaga.com\/es\/wp-json\/wp\/v2\/media\/1980"}],"wp:attachment":[{"href":"https:\/\/alcazabamalaga.com\/es\/wp-json\/wp\/v2\/media?parent=769"}],"curies":[{"name":"wp","href":"https:\/\/api.w.org\/{rel}","templated":true}]}}