{"id":765,"date":"2019-11-01T17:17:08","date_gmt":"2019-11-01T14:17:08","guid":{"rendered":"http:\/\/alcazabamalaga.com\/price-and-tickets\/"},"modified":"2026-03-01T15:05:43","modified_gmt":"2026-03-01T12:05:43","slug":"precio-y-entradas-alcazaba","status":"publish","type":"page","link":"https:\/\/alcazabamalaga.com\/es\/precio-y-entradas-alcazaba\/","title":{"rendered":"Precio y entradas a la Alcazaba Malaga"},"content":{"rendered":"\n<h2 class=\"wp-block-heading\">\u00bfCu\u00e1nto cuesta la entrada a la Alcazaba?<\/h2>\n\n\n\n<p>Los precios de entrada a la Alcazaba y al <a href=\"http:\/\/castillogibralfaromalaga.com\">Castillo de Gibralfaro<\/a> var\u00edan seg\u00fan el tipo de visitante: entrada general, para grupos, estudiantes, personas jubiladas, y otros colectivos con derecho a descuento.<\/p>\n\n\n\n<p>En muchas webs encontrar\u00e1s informaci\u00f3n desactualizada, ya que recientemente se han actualizado las tarifas. Para evitar confusiones, aqu\u00ed te ofrecemos los <strong>precios oficiales y actualizados para el a\u00f1o 202<\/strong>6.<\/p>\n\n\n\n<h2 class=\"wp-block-heading\">Precio de la entrada a la Alcazaba y Castillo en 2026<\/h2>\n\n\n\n<figure class=\"wp-block-table\"><table><tbody><tr><td><strong>TIPO<\/strong><\/td><td><strong>ALCAZABA<\/strong><\/td><td><strong>CASTILLO<\/strong><\/td><td><strong>CONJUNTA<\/strong><\/td><\/tr><tr><td>ENTRADA ADULTOS<\/td><td><strong>7,00 \u20ac<\/strong><\/td><td><strong>7,00 \u20ac<\/strong><\/td><td><strong>10,00 \u20ac<\/strong><\/td><\/tr><tr><td>ENTRADA REDUCIDA *\/ **<\/td><td><strong>3,00 \u20ac<\/strong><\/td><td><strong>3,00 \u20ac<\/strong><\/td><td><strong>5,00 \u20ac<\/strong><\/td><\/tr><tr><td>ENTRADA GRUPOS (+10 Personas)<\/td><td><strong>5,00 \u20ac<\/strong><\/td><td><strong>5,00 \u20ac<\/strong><\/td><td><strong>8,00 \u20ac<\/strong><\/td><\/tr><\/tbody><\/table><figcaption class=\"wp-element-caption\"><br>&#8211; La entrada se pueden comprar en la taquilla de la entrada al monumento.<br><br>* Estudiantes y jubilados residentes en la UE<br>** discapacidad mayor 33%, ni\u00f1os mayores de 6 a\u00f1os<\/figcaption><\/figure>\n\n\n\n<h2 class=\"wp-block-heading\">Precio entrada con la visita guiada a la Alcazaba en Espa\u00f1ol<\/h2>\n\n\n\n<figure class=\"wp-block-table\"><table><tbody><tr><td>VISITA GUIADA + ENTRADA INCLUIDA<\/td><td>PRECIO<\/td><\/tr><tr><td>ADULTOS<\/td><td>15 \u20ac<\/td><\/tr><tr><td>ESTUDIANTES<\/td><td>10 \u20ac<\/td><\/tr><tr><td>JUBILADOS<\/td><td>10 \u20ac<\/td><\/tr><tr><td>NI\u00d1OS 6 -15 A\u00d1OS<\/td><td>6 \u20ac<\/td><\/tr><tr><td>NI\u00d1OS 0-6 A\u00d1OS<\/td><td>0 \u20ac<\/td><\/tr><\/tbody><\/table><\/figure>\n\n\n\n<h2 class=\"wp-block-heading\">Compra online la visita guiada con entrada \u00a1Sin colas! (recomendado)<\/h2>\n\n\n\n<div class=\"load-turitop\" data-service=\"P40\" data-lang=\"en\"  data-embed=\"box\"><\/div>\n\n\n\n<h3 class=\"wp-block-heading\"><strong>\u00bfQu\u00e9 incluye la visita con entrada?<\/strong><\/h3>\n\n\n\n<ul class=\"wp-block-list\">\n<li>Gu\u00eda oficial en espa\u00f1ol.<\/li>\n<\/ul>\n\n\n\n<ul class=\"wp-block-list\">\n<li> Acceso al Teatro Romano.<\/li>\n<\/ul>\n\n\n\n<ul class=\"wp-block-list\">\n<li>Entrada a la Alcazaba de M\u00e1laga.<\/li>\n<\/ul>\n\n\n\n<ul class=\"wp-block-list\">\n<li><strong>Acceso prioritario sin hacer colas<\/strong> en la entrada.<\/li>\n<\/ul>\n\n\n\n<h3 class=\"wp-block-heading\"><strong>\u00bfQu\u00e9 no incluye?<\/strong><\/h3>\n\n\n\n<ul class=\"wp-block-list\">\n<li> Entrada al Castillo de Gibralfaro (<em>aunque su historia se explica durante la visita<\/em>).<\/li>\n<\/ul>\n\n\n\n<ul class=\"wp-block-list\">\n<li> No se permiten mascotas dentro del recinto de la Alcazaba.<\/li>\n<\/ul>\n\n\n\n<ul class=\"wp-block-list\">\n<li> El recorrido <strong>no es accesible para personas en silla de ruedas<\/strong>.<\/li>\n<\/ul>\n\n\n\n<ul class=\"wp-block-list\">\n<li> Se puede acceder con cochecito de beb\u00e9, pero el terreno es irregular y puede presentar ciertas dificultades.<\/li>\n<\/ul>\n\n\n\n<p>Adem\u00e1s de visitas guiadas regulares, tambi\u00e9n se realizan <a href=\"https:\/\/alcazabamalaga.com\/es\/private-tour\/\">tour privados <\/a>y <a href=\"https:\/\/alcazabamalaga.com\/es\/visita-escolar-alcazaba\/\">visitas escolares<\/a> a la Alcazaba.<\/p>\n\n\n\n<figure class=\"wp-block-embed is-type-video is-provider-youtube wp-block-embed-youtube wp-embed-aspect-16-9 wp-has-aspect-ratio\"><div class=\"wp-block-embed__wrapper\">\n<iframe loading=\"lazy\" title=\"Alcazaba Tour  - Malaga Adventures Tours\" width=\"500\" height=\"281\" src=\"https:\/\/www.youtube.com\/embed\/cDWPn2oNkh8?feature=oembed\" frameborder=\"0\" allow=\"accelerometer; autoplay; clipboard-write; encrypted-media; gyroscope; picture-in-picture; web-share\" referrerpolicy=\"strict-origin-when-cross-origin\" allowfullscreen><\/iframe>\n<\/div><\/figure>\n\n\n\n<p><strong>Pol\u00edtica de cancelaci\u00f3n<\/strong> <\/p>\n\n\n\n<p>Si la cancelaci\u00f3n es&nbsp;<strong>responsabilidad de la empresa<\/strong>, proporcionaremos un d\u00eda y hora alternativos para que el cliente tenga la posibilidad de participar en cualquier otra excursi\u00f3n disponible sin ning\u00fan coste adicional. Si no es posible encontrar una soluci\u00f3n, reembolsaremos el importe \u00edntegro.<\/p>\n\n\n\n<p>Si la cancelaci\u00f3n es<strong>&nbsp;responsabilidad del cliente<\/strong>:<\/p>\n\n\n\n<ul class=\"wp-block-list\">\n<li>Si se cancela con 15 d\u00edas o m\u00e1s de antelaci\u00f3n recibir\u00e1 el 100% del importe (Sin incluir los gastos de gesti\u00f3n).<\/li>\n\n\n\n<li>Si cancela entre 14 y 8 d\u00edas antes, recibir\u00e1 el 70% del importe.<\/li>\n\n\n\n<li>Si se cancela con 7 d\u00edas de antelaci\u00f3n, se devolver\u00e1 el 50% del importe.<\/li>\n\n\n\n<li>Si se cancela con menos de 7 d\u00edas de antelaci\u00f3n, no habr\u00e1 reembolso, pero existir\u00e1 la posibilidad de reprogramar la visita guiada para otro momento.<\/li>\n\n\n\n<li>No se efectuar\u00e1 ning\u00fan reembolso por llegar tarde al punto de encuentro o por no presentarse.<\/li>\n\n\n\n<li>No se conceder\u00e1n reembolsos despu\u00e9s de la hora de inicio de la visita, independientemente de las circunstancias.<\/li>\n\n\n\n<li>Si se realiza la compra de la visita el mismo d\u00eda de la cancelaci\u00f3n no se efectuar\u00e1 ning\u00fan reembolso, se podr\u00e1 buscar otra fecha alternativa.<\/li>\n\n\n\n<li>Si cambias la fecha de tu reserva, y despu\u00e9s decides cancelar la visita, tampoco se podr\u00e1 realizar la devoluci\u00f3n del importe de la misma.<\/li>\n<\/ul>\n\n\n\n<p><\/p>\n","protected":false},"excerpt":{"rendered":"<p>\u00bfCu\u00e1nto cuesta la entrada a la Alcazaba? Los precios de entrada a la Alcazaba y al Castillo de Gibralfaro var\u00edan seg\u00fan el tipo de visitante: entrada general, para grupos, estudiantes, personas jubiladas, y otros colectivos con derecho a descuento. En muchas webs encontrar\u00e1s informaci\u00f3n desactualizada, ya que recientemente se han actualizado las tarifas. Para evitar [&hellip;]<\/p>\n","protected":false},"author":2,"featured_media":3981,"parent":0,"menu_order":0,"comment_status":"closed","ping_status":"closed","template":"page-with-sidebar.php","meta":{"_acf_changed":false,"footnotes":""},"class_list":["post-765","page","type-page","status-publish","has-post-thumbnail","hentry"],"acf":[],"yoast_head":"<!-- This site is optimized with the Yoast SEO plugin v27.5 - https:\/\/yoast.com\/product\/yoast-seo-wordpress\/ -->\n<title>Precio y entradas a la Alcazaba Malaga y Castillo Gibralfaro 2026<\/title>\n<meta name=\"description\" content=\"\u00bfCu\u00e1nto cuesta la entrada a la alcazaba y Castillo Gibralfaro? Conozca el precio de los tickets, horarios, visitas guiadas.\" \/>\n<meta name=\"robots\" content=\"index, follow, max-snippet:-1, max-image-preview:large, max-video-preview:-1\" \/>\n<link rel=\"canonical\" href=\"https:\/\/alcazabamalaga.com\/es\/precio-y-entradas-alcazaba\/\" \/>\n<meta property=\"og:locale\" content=\"es_ES\" \/>\n<meta property=\"og:type\" content=\"article\" \/>\n<meta property=\"og:title\" content=\"Precio y entradas a la Alcazaba Malaga y Castillo Gibralfaro 2026\" \/>\n<meta property=\"og:description\" content=\"\u00bfCu\u00e1nto cuesta la entrada a la alcazaba y Castillo Gibralfaro? Conozca el precio de los tickets, horarios, visitas guiadas.\" \/>\n<meta property=\"og:url\" content=\"https:\/\/alcazabamalaga.com\/es\/precio-y-entradas-alcazaba\/\" \/>\n<meta property=\"og:site_name\" content=\"Alcazaba of Malaga\" \/>\n<meta property=\"article:modified_time\" content=\"2026-03-01T12:05:43+00:00\" \/>\n<meta property=\"og:image\" content=\"https:\/\/alcazabamalaga.com\/wp-content\/uploads\/2025\/07\/Visita-Guiada-Alcazaba-ok-1.jpg\" \/>\n\t<meta property=\"og:image:width\" content=\"1600\" \/>\n\t<meta property=\"og:image:height\" content=\"417\" \/>\n\t<meta property=\"og:image:type\" content=\"image\/jpeg\" \/>\n<meta name=\"twitter:card\" content=\"summary_large_image\" \/>\n<meta name=\"twitter:label1\" content=\"Tiempo de lectura\" \/>\n\t<meta name=\"twitter:data1\" content=\"3 minutos\" \/>\n<script type=\"application\/ld+json\" class=\"yoast-schema-graph\">{\"@context\":\"https:\\\/\\\/schema.org\",\"@graph\":[{\"@type\":\"WebPage\",\"@id\":\"https:\\\/\\\/alcazabamalaga.com\\\/es\\\/precio-y-entradas-alcazaba\\\/\",\"url\":\"https:\\\/\\\/alcazabamalaga.com\\\/es\\\/precio-y-entradas-alcazaba\\\/\",\"name\":\"Precio y entradas a la Alcazaba Malaga y Castillo Gibralfaro 2026\",\"isPartOf\":{\"@id\":\"https:\\\/\\\/alcazabamalaga.com\\\/es\\\/#website\"},\"primaryImageOfPage\":{\"@id\":\"https:\\\/\\\/alcazabamalaga.com\\\/es\\\/precio-y-entradas-alcazaba\\\/#primaryimage\"},\"image\":{\"@id\":\"https:\\\/\\\/alcazabamalaga.com\\\/es\\\/precio-y-entradas-alcazaba\\\/#primaryimage\"},\"thumbnailUrl\":\"https:\\\/\\\/alcazabamalaga.com\\\/wp-content\\\/uploads\\\/2025\\\/07\\\/Visita-Guiada-Alcazaba-ok-1.jpg\",\"datePublished\":\"2019-11-01T14:17:08+00:00\",\"dateModified\":\"2026-03-01T12:05:43+00:00\",\"description\":\"\u00bfCu\u00e1nto cuesta la entrada a la alcazaba y Castillo Gibralfaro? Conozca el precio de los tickets, horarios, visitas guiadas.\",\"breadcrumb\":{\"@id\":\"https:\\\/\\\/alcazabamalaga.com\\\/es\\\/precio-y-entradas-alcazaba\\\/#breadcrumb\"},\"inLanguage\":\"es\",\"potentialAction\":[{\"@type\":\"ReadAction\",\"target\":[\"https:\\\/\\\/alcazabamalaga.com\\\/es\\\/precio-y-entradas-alcazaba\\\/\"]}]},{\"@type\":\"ImageObject\",\"inLanguage\":\"es\",\"@id\":\"https:\\\/\\\/alcazabamalaga.com\\\/es\\\/precio-y-entradas-alcazaba\\\/#primaryimage\",\"url\":\"https:\\\/\\\/alcazabamalaga.com\\\/wp-content\\\/uploads\\\/2025\\\/07\\\/Visita-Guiada-Alcazaba-ok-1.jpg\",\"contentUrl\":\"https:\\\/\\\/alcazabamalaga.com\\\/wp-content\\\/uploads\\\/2025\\\/07\\\/Visita-Guiada-Alcazaba-ok-1.jpg\",\"width\":1600,\"height\":417,\"caption\":\"Alcazaba y Teatro Romano\"},{\"@type\":\"BreadcrumbList\",\"@id\":\"https:\\\/\\\/alcazabamalaga.com\\\/es\\\/precio-y-entradas-alcazaba\\\/#breadcrumb\",\"itemListElement\":[{\"@type\":\"ListItem\",\"position\":1,\"name\":\"Home\",\"item\":\"https:\\\/\\\/alcazabamalaga.com\\\/es\\\/\"},{\"@type\":\"ListItem\",\"position\":2,\"name\":\"Precio y entradas a la Alcazaba Malaga\"}]},{\"@type\":\"WebSite\",\"@id\":\"https:\\\/\\\/alcazabamalaga.com\\\/es\\\/#website\",\"url\":\"https:\\\/\\\/alcazabamalaga.com\\\/es\\\/\",\"name\":\"Alcazaba of Malaga\",\"description\":\"Alcazaba tour\",\"potentialAction\":[{\"@type\":\"SearchAction\",\"target\":{\"@type\":\"EntryPoint\",\"urlTemplate\":\"https:\\\/\\\/alcazabamalaga.com\\\/es\\\/?s={search_term_string}\"},\"query-input\":{\"@type\":\"PropertyValueSpecification\",\"valueRequired\":true,\"valueName\":\"search_term_string\"}}],\"inLanguage\":\"es\"}]}<\/script>\n<!-- \/ Yoast SEO plugin. -->","yoast_head_json":{"title":"Precio y entradas a la Alcazaba Malaga y Castillo Gibralfaro 2026","description":"\u00bfCu\u00e1nto cuesta la entrada a la alcazaba y Castillo Gibralfaro? Conozca el precio de los tickets, horarios, visitas guiadas.","robots":{"index":"index","follow":"follow","max-snippet":"max-snippet:-1","max-image-preview":"max-image-preview:large","max-video-preview":"max-video-preview:-1"},"canonical":"https:\/\/alcazabamalaga.com\/es\/precio-y-entradas-alcazaba\/","og_locale":"es_ES","og_type":"article","og_title":"Precio y entradas a la Alcazaba Malaga y Castillo Gibralfaro 2026","og_description":"\u00bfCu\u00e1nto cuesta la entrada a la alcazaba y Castillo Gibralfaro? Conozca el precio de los tickets, horarios, visitas guiadas.","og_url":"https:\/\/alcazabamalaga.com\/es\/precio-y-entradas-alcazaba\/","og_site_name":"Alcazaba of Malaga","article_modified_time":"2026-03-01T12:05:43+00:00","og_image":[{"width":1600,"height":417,"url":"https:\/\/alcazabamalaga.com\/wp-content\/uploads\/2025\/07\/Visita-Guiada-Alcazaba-ok-1.jpg","type":"image\/jpeg"}],"twitter_card":"summary_large_image","twitter_misc":{"Tiempo de lectura":"3 minutos"},"schema":{"@context":"https:\/\/schema.org","@graph":[{"@type":"WebPage","@id":"https:\/\/alcazabamalaga.com\/es\/precio-y-entradas-alcazaba\/","url":"https:\/\/alcazabamalaga.com\/es\/precio-y-entradas-alcazaba\/","name":"Precio y entradas a la Alcazaba Malaga y Castillo Gibralfaro 2026","isPartOf":{"@id":"https:\/\/alcazabamalaga.com\/es\/#website"},"primaryImageOfPage":{"@id":"https:\/\/alcazabamalaga.com\/es\/precio-y-entradas-alcazaba\/#primaryimage"},"image":{"@id":"https:\/\/alcazabamalaga.com\/es\/precio-y-entradas-alcazaba\/#primaryimage"},"thumbnailUrl":"https:\/\/alcazabamalaga.com\/wp-content\/uploads\/2025\/07\/Visita-Guiada-Alcazaba-ok-1.jpg","datePublished":"2019-11-01T14:17:08+00:00","dateModified":"2026-03-01T12:05:43+00:00","description":"\u00bfCu\u00e1nto cuesta la entrada a la alcazaba y Castillo Gibralfaro? Conozca el precio de los tickets, horarios, visitas guiadas.","breadcrumb":{"@id":"https:\/\/alcazabamalaga.com\/es\/precio-y-entradas-alcazaba\/#breadcrumb"},"inLanguage":"es","potentialAction":[{"@type":"ReadAction","target":["https:\/\/alcazabamalaga.com\/es\/precio-y-entradas-alcazaba\/"]}]},{"@type":"ImageObject","inLanguage":"es","@id":"https:\/\/alcazabamalaga.com\/es\/precio-y-entradas-alcazaba\/#primaryimage","url":"https:\/\/alcazabamalaga.com\/wp-content\/uploads\/2025\/07\/Visita-Guiada-Alcazaba-ok-1.jpg","contentUrl":"https:\/\/alcazabamalaga.com\/wp-content\/uploads\/2025\/07\/Visita-Guiada-Alcazaba-ok-1.jpg","width":1600,"height":417,"caption":"Alcazaba y Teatro Romano"},{"@type":"BreadcrumbList","@id":"https:\/\/alcazabamalaga.com\/es\/precio-y-entradas-alcazaba\/#breadcrumb","itemListElement":[{"@type":"ListItem","position":1,"name":"Home","item":"https:\/\/alcazabamalaga.com\/es\/"},{"@type":"ListItem","position":2,"name":"Precio y entradas a la Alcazaba Malaga"}]},{"@type":"WebSite","@id":"https:\/\/alcazabamalaga.com\/es\/#website","url":"https:\/\/alcazabamalaga.com\/es\/","name":"Alcazaba of Malaga","description":"Alcazaba tour","potentialAction":[{"@type":"SearchAction","target":{"@type":"EntryPoint","urlTemplate":"https:\/\/alcazabamalaga.com\/es\/?s={search_term_string}"},"query-input":{"@type":"PropertyValueSpecification","valueRequired":true,"valueName":"search_term_string"}}],"inLanguage":"es"}]}},"_links":{"self":[{"href":"https:\/\/alcazabamalaga.com\/es\/wp-json\/wp\/v2\/pages\/765","targetHints":{"allow":["GET"]}}],"collection":[{"href":"https:\/\/alcazabamalaga.com\/es\/wp-json\/wp\/v2\/pages"}],"about":[{"href":"https:\/\/alcazabamalaga.com\/es\/wp-json\/wp\/v2\/types\/page"}],"author":[{"embeddable":true,"href":"https:\/\/alcazabamalaga.com\/es\/wp-json\/wp\/v2\/users\/2"}],"replies":[{"embeddable":true,"href":"https:\/\/alcazabamalaga.com\/es\/wp-json\/wp\/v2\/comments?post=765"}],"version-history":[{"count":5,"href":"https:\/\/alcazabamalaga.com\/es\/wp-json\/wp\/v2\/pages\/765\/revisions"}],"predecessor-version":[{"id":4266,"href":"https:\/\/alcazabamalaga.com\/es\/wp-json\/wp\/v2\/pages\/765\/revisions\/4266"}],"wp:featuredmedia":[{"embeddable":true,"href":"https:\/\/alcazabamalaga.com\/es\/wp-json\/wp\/v2\/media\/3981"}],"wp:attachment":[{"href":"https:\/\/alcazabamalaga.com\/es\/wp-json\/wp\/v2\/media?parent=765"}],"curies":[{"name":"wp","href":"https:\/\/api.w.org\/{rel}","templated":true}]}}