{"id":761,"date":"2019-11-01T17:17:22","date_gmt":"2019-11-01T14:17:22","guid":{"rendered":"http:\/\/alcazabamalaga.com\/free-entrance\/"},"modified":"2025-07-26T15:30:48","modified_gmt":"2025-07-26T12:30:48","slug":"entrada-gratuita","status":"publish","type":"page","link":"https:\/\/alcazabamalaga.com\/es\/entrada-gratuita\/","title":{"rendered":"Alcazaba Entrada Gratuita"},"content":{"rendered":"\n<h2 class=\"wp-block-heading\">\u00bfQuieres ver la Alcazaba y el Castillo de Gibralfaro gratis?<\/h2>\n\n\n\n<p>Los precios en la Alcazaba, el Castillo de Gibralfaro y en los museos de M\u00e1laga son muy econ\u00f3micos, pero encima si te encuentras en la ciudad un domingo <strong>\u00a1Est\u00e1s de suerte!<\/strong> La entrada es gratuita por la tarde.<\/p>\n\n\n\n<p>Porque <em>casi todos los museos de la ciudad de M\u00e1laga <strong>los domingos<\/strong> tienen algunas horas en las que su acceso es gratuito<\/em>. <\/p>\n\n\n\n<p>La Alcazaba y el Castillo Gibralfaro se encuentran dentro de esta lista de museos y monumentos gratuitos los domingos, <strong>a partir de las 14:00 su acceso es gratuito.<\/strong><\/p>\n\n\n\n<div style=\"height:15px\" aria-hidden=\"true\" class=\"wp-block-spacer\"><\/div>\n\n\n\n<h3 class=\"wp-block-heading\"> Nuestros consejos:<\/h3>\n\n\n\n<div style=\"height:8px\" aria-hidden=\"true\" class=\"wp-block-spacer\"><\/div>\n\n\n\n<ul class=\"wp-block-list\">\n<li>\u00abEs mejor solo visitar uno esa tarde que intentar visita con bulla los dos\u00bb. Se necesita aproximadamente una hora y media para ver cada monumento y adem\u00e1s no est\u00e1n conectados entre ellos. Con lo que es necesario subir el monte de Gibralfaro. A la Alcazaba se accede por la ciudad mientras que para ir al castillo es necesario subir a la cima del monte: <strong>\u00bfC\u00f3mo subir al monte de Gibralfaro?<\/strong> <strong><a href=\"https:\/\/alcazabamalaga.com\/es\/castillo-de-gibralfaro\/\" target=\"_blank\" rel=\"noreferrer noopener\">Visita este post<\/a>.<\/strong><\/li>\n<\/ul>\n\n\n\n<div style=\"height:20px\" aria-hidden=\"true\" class=\"wp-block-spacer\"><\/div>\n\n\n\n<ul>\n<li><a href=\"http:\/\/alcazabamalaga.com\/alcazaba-tour\/?lang=es\">Una visita guiada a la Alcazaba<\/a>: La Alcazaba es el monumento m\u00e1s emblem\u00e1tico de la ciudad, una maravilla que merece la pena descubrirla una visita guiada. En ella conocer\u00e1s su historia, leyendas, arquitectura y la bella decoraci\u00f3n isl\u00e1mica.\u00a0<br \/><strong>Temporada invierno<\/strong>: 1 de noviembre &#8211; 31 de marzo, el tour empieza a las 16:00.<br \/><strong>Temporada verano<\/strong>: 1 de abril &#8211; 31 de octubre, el tour empieza a las 17:00.<br \/>Para m\u00e0s informaci\u00f3n y reservas, haga clic aqu\u00ed.<\/li>\n<\/ul>\n\n\n\n<ul class=\"wp-block-list\">\n<li>La mejor hora es ir a las 4 p.m en invierno o las 5 p.m en verano<em> <\/em>para aprovechar al m\u00e1ximo su visita y tener suficiente tiempo si quiere visitar los dos monumentos. Puesto que <strong>30 minutos antes del cierre ya no dejan entrar<\/strong> a m\u00e1s gente en su interior.<\/li>\n<\/ul>\n\n\n\n<div style=\"height:45px\" aria-hidden=\"true\" class=\"wp-block-spacer\"><\/div>\n\n\n\n<figure class=\"wp-block-embed is-type-video is-provider-youtube wp-block-embed-youtube wp-embed-aspect-16-9 wp-has-aspect-ratio\"><div class=\"wp-block-embed__wrapper\">\n<iframe loading=\"lazy\" title=\"Alcazaba de M\u00e1laga\" width=\"500\" height=\"281\" src=\"https:\/\/www.youtube.com\/embed\/-2ZR7MUkwKA?feature=oembed\" frameborder=\"0\" allow=\"accelerometer; autoplay; clipboard-write; encrypted-media; gyroscope; picture-in-picture; web-share\" referrerpolicy=\"strict-origin-when-cross-origin\" allowfullscreen><\/iframe>\n<\/div><\/figure>\n\n\n\n<div style=\"height:26px\" aria-hidden=\"true\" class=\"wp-block-spacer\"><\/div>\n\n\n\n<div style=\"height:38px\" aria-hidden=\"true\" class=\"wp-block-spacer\"><\/div>\n\n\n\n<h2 class=\"wp-block-heading\"><strong>Museos gratuitos en M\u00e1laga los Domingos<\/strong><\/h2>\n\n\n\n<div style=\"height:20px\" aria-hidden=\"true\" class=\"wp-block-spacer\"><\/div>\n\n\n\n<p>M\u00e1laga, cuenta con una amplia oferta de museos, un total de 36 espacios,&nbsp;<strong>la mayor\u00eda se encuentran en el centro hist\u00f3rico<\/strong>.<\/p>\n\n\n\n<p>Los domingos muchos de ellos tienen la entrada libre. Vamos a darte la lista de ellos, pero si quieres informaci\u00f3n m\u00e1s detallada de horarios, como llegar y alg\u00fan consejo para aprovechar al m\u00e1ximo tu visita, pinchando aqu\u00ed podr\u00e1s descubrir toda la informaci\u00f3n: \u00ab<a href=\"https:\/\/malagaadventures.com\/es\/conoce-los-museos-de-malaga-una-ciudad-moderna-con-arte-e-historia\/\" target=\"_blank\" rel=\"noreferrer noopener\">Conoce los museos de M\u00e1laga<\/a>\u00ab<\/p>\n\n\n\n<ul class=\"wp-block-list\">\n<li><strong>Museo Picasso<\/strong>: Su entrada es gratuita las 2 \u00faltimas horas de apertura.<\/li>\n<\/ul>\n\n\n\n<ul class=\"wp-block-list\">\n<li><strong>Museo Thyssen<\/strong>: Gratuito los domingos a partir de las 5 p.m.<\/li>\n<\/ul>\n\n\n\n<ul class=\"wp-block-list\">\n<li><strong>Museo Pompidou M\u00e1laga<\/strong>: Entrada gratuita a partir de las 4 p.m.<\/li>\n<\/ul>\n\n\n\n<ul class=\"wp-block-list\">\n<li><strong>Museo de M\u00e1laga<\/strong>: Gratuito durante todo el d\u00eda<\/li>\n<\/ul>\n\n\n\n<ul class=\"wp-block-list\">\n<li><strong>Museo Ruso<\/strong>: La entrada es gratuita a partir de las 4 p.m<\/li>\n<\/ul>\n\n\n\n<ul class=\"wp-block-list\">\n<li><strong>Museo Revello de Toro<\/strong>: Entrada libre entre las 10 a.m. y 12 p.m<\/li>\n<\/ul>\n\n\n\n<ul class=\"wp-block-list\">\n<li><strong>Museo Contempor\u00e1neo CAC<\/strong>: Todo el d\u00eda<\/li>\n<\/ul>\n\n\n\n<div class=\"wp-block-columns has-2-columns is-layout-flex wp-container-core-columns-is-layout-9d6595d7 wp-block-columns-is-layout-flex\">\n<div class=\"wp-block-column is-layout-flow wp-block-column-is-layout-flow\">\n<figure class=\"wp-block-image size-large\"><img loading=\"lazy\" decoding=\"async\" width=\"944\" height=\"630\" src=\"http:\/\/alcazabamalaga.com\/wp-content\/uploads\/2020\/04\/museum-picasso-1.jpg\" alt=\"\" class=\"wp-image-1103\" srcset=\"https:\/\/alcazabamalaga.com\/wp-content\/uploads\/2020\/04\/museum-picasso-1.jpg 944w, https:\/\/alcazabamalaga.com\/wp-content\/uploads\/2020\/04\/museum-picasso-1-300x200.jpg 300w, https:\/\/alcazabamalaga.com\/wp-content\/uploads\/2020\/04\/museum-picasso-1-768x513.jpg 768w\" sizes=\"auto, (max-width: 944px) 100vw, 944px\" \/><\/figure>\n<\/div>\n\n\n\n<div class=\"wp-block-column is-layout-flow wp-block-column-is-layout-flow\">\n<figure class=\"wp-block-image size-large\"><img loading=\"lazy\" decoding=\"async\" width=\"944\" height=\"630\" src=\"http:\/\/alcazabamalaga.com\/wp-content\/uploads\/2020\/04\/museums-in-malaga22-2-1.jpg\" alt=\"\" class=\"wp-image-1098\" srcset=\"https:\/\/alcazabamalaga.com\/wp-content\/uploads\/2020\/04\/museums-in-malaga22-2-1.jpg 944w, https:\/\/alcazabamalaga.com\/wp-content\/uploads\/2020\/04\/museums-in-malaga22-2-1-300x200.jpg 300w, https:\/\/alcazabamalaga.com\/wp-content\/uploads\/2020\/04\/museums-in-malaga22-2-1-768x513.jpg 768w\" sizes=\"auto, (max-width: 944px) 100vw, 944px\" \/><\/figure>\n\n\n\n<p><\/p>\n<\/div>\n<\/div>\n\n\n\n<h3 class=\"wp-block-heading\">Nuestros consejos:<\/h3>\n\n\n\n<div style=\"height:29px\" aria-hidden=\"true\" class=\"wp-block-spacer\"><\/div>\n\n\n\n<ul class=\"wp-block-list\">\n<li>La catedral tiene acceso libre por la ma\u00f1ana y es una de las joyas del renacimiento andaluz, merece mucho la pena y sobre las 10:00 y las 11:00 no hay mucha gente dentro con lo que se puede ver tranquilamente.<\/li>\n<\/ul>\n\n\n\n<p><\/p>\n\n\n\n<ul class=\"wp-block-list\">\n<li>En M\u00e1laga hay m\u00e1s de 37 museos, pero nuestros preferidos son el Museo Thyssen, el Museo Ruso y el Museo de Picasso.<\/li>\n<\/ul>\n\n\n\n<p><\/p>\n","protected":false},"excerpt":{"rendered":"<p>\u00bfQuieres ver la Alcazaba y el Castillo de Gibralfaro gratis? Los precios en la Alcazaba, el Castillo de Gibralfaro y en los museos de M\u00e1laga son muy econ\u00f3micos, pero encima si te encuentras en la ciudad un domingo \u00a1Est\u00e1s de suerte! La entrada es gratuita por la tarde. Porque casi todos los museos de la [&hellip;]<\/p>\n","protected":false},"author":2,"featured_media":4001,"parent":0,"menu_order":0,"comment_status":"closed","ping_status":"closed","template":"page-with-sidebar.php","meta":{"_acf_changed":false,"footnotes":""},"class_list":["post-761","page","type-page","status-publish","has-post-thumbnail","hentry"],"acf":[],"yoast_head":"<!-- This site is optimized with the Yoast SEO plugin v27.5 - https:\/\/yoast.com\/product\/yoast-seo-wordpress\/ -->\n<title>Entrada gratuita: Alcazaba y el Castillo de Gibralfaro. Reserva<\/title>\n<meta name=\"description\" content=\"Entrada gratis a la Alcazaba de M\u00e1laga. \u00bfEn que horario la entrada es gratuita a la Alcazaba y el Castillo de Gibralfaro? Entra y desc\u00fabrelo!\" \/>\n<meta name=\"robots\" content=\"index, follow, max-snippet:-1, max-image-preview:large, max-video-preview:-1\" \/>\n<link rel=\"canonical\" href=\"https:\/\/alcazabamalaga.com\/es\/entrada-gratuita\/\" \/>\n<meta property=\"og:locale\" content=\"es_ES\" \/>\n<meta property=\"og:type\" content=\"article\" \/>\n<meta property=\"og:title\" content=\"Entrada gratuita: Alcazaba y el Castillo de Gibralfaro. Reserva\" \/>\n<meta property=\"og:description\" content=\"Entrada gratis a la Alcazaba de M\u00e1laga. \u00bfEn que horario la entrada es gratuita a la Alcazaba y el Castillo de Gibralfaro? Entra y desc\u00fabrelo!\" \/>\n<meta property=\"og:url\" content=\"https:\/\/alcazabamalaga.com\/es\/entrada-gratuita\/\" \/>\n<meta property=\"og:site_name\" content=\"Alcazaba of Malaga\" \/>\n<meta property=\"article:modified_time\" content=\"2025-07-26T12:30:48+00:00\" \/>\n<meta property=\"og:image\" content=\"https:\/\/alcazabamalaga.com\/wp-content\/uploads\/2025\/07\/Entradas.png\" \/>\n\t<meta property=\"og:image:width\" content=\"1600\" \/>\n\t<meta property=\"og:image:height\" content=\"417\" \/>\n\t<meta property=\"og:image:type\" content=\"image\/png\" \/>\n<meta name=\"twitter:card\" content=\"summary_large_image\" \/>\n<meta name=\"twitter:label1\" content=\"Tiempo de lectura\" \/>\n\t<meta name=\"twitter:data1\" content=\"3 minutos\" \/>\n<script type=\"application\/ld+json\" class=\"yoast-schema-graph\">{\"@context\":\"https:\\\/\\\/schema.org\",\"@graph\":[{\"@type\":\"WebPage\",\"@id\":\"https:\\\/\\\/alcazabamalaga.com\\\/es\\\/entrada-gratuita\\\/\",\"url\":\"https:\\\/\\\/alcazabamalaga.com\\\/es\\\/entrada-gratuita\\\/\",\"name\":\"Entrada gratuita: Alcazaba y el Castillo de Gibralfaro. Reserva\",\"isPartOf\":{\"@id\":\"https:\\\/\\\/alcazabamalaga.com\\\/es\\\/#website\"},\"primaryImageOfPage\":{\"@id\":\"https:\\\/\\\/alcazabamalaga.com\\\/es\\\/entrada-gratuita\\\/#primaryimage\"},\"image\":{\"@id\":\"https:\\\/\\\/alcazabamalaga.com\\\/es\\\/entrada-gratuita\\\/#primaryimage\"},\"thumbnailUrl\":\"https:\\\/\\\/alcazabamalaga.com\\\/wp-content\\\/uploads\\\/2025\\\/07\\\/Entradas.png\",\"datePublished\":\"2019-11-01T14:17:22+00:00\",\"dateModified\":\"2025-07-26T12:30:48+00:00\",\"description\":\"Entrada gratis a la Alcazaba de M\u00e1laga. \u00bfEn que horario la entrada es gratuita a la Alcazaba y el Castillo de Gibralfaro? Entra y desc\u00fabrelo!\",\"breadcrumb\":{\"@id\":\"https:\\\/\\\/alcazabamalaga.com\\\/es\\\/entrada-gratuita\\\/#breadcrumb\"},\"inLanguage\":\"es\",\"potentialAction\":[{\"@type\":\"ReadAction\",\"target\":[\"https:\\\/\\\/alcazabamalaga.com\\\/es\\\/entrada-gratuita\\\/\"]}]},{\"@type\":\"ImageObject\",\"inLanguage\":\"es\",\"@id\":\"https:\\\/\\\/alcazabamalaga.com\\\/es\\\/entrada-gratuita\\\/#primaryimage\",\"url\":\"https:\\\/\\\/alcazabamalaga.com\\\/wp-content\\\/uploads\\\/2025\\\/07\\\/Entradas.png\",\"contentUrl\":\"https:\\\/\\\/alcazabamalaga.com\\\/wp-content\\\/uploads\\\/2025\\\/07\\\/Entradas.png\",\"width\":1600,\"height\":417,\"caption\":\"Acceso de la Alcazaba\"},{\"@type\":\"BreadcrumbList\",\"@id\":\"https:\\\/\\\/alcazabamalaga.com\\\/es\\\/entrada-gratuita\\\/#breadcrumb\",\"itemListElement\":[{\"@type\":\"ListItem\",\"position\":1,\"name\":\"Home\",\"item\":\"https:\\\/\\\/alcazabamalaga.com\\\/es\\\/\"},{\"@type\":\"ListItem\",\"position\":2,\"name\":\"Alcazaba Entrada Gratuita\"}]},{\"@type\":\"WebSite\",\"@id\":\"https:\\\/\\\/alcazabamalaga.com\\\/es\\\/#website\",\"url\":\"https:\\\/\\\/alcazabamalaga.com\\\/es\\\/\",\"name\":\"Alcazaba of Malaga\",\"description\":\"Alcazaba tour\",\"potentialAction\":[{\"@type\":\"SearchAction\",\"target\":{\"@type\":\"EntryPoint\",\"urlTemplate\":\"https:\\\/\\\/alcazabamalaga.com\\\/es\\\/?s={search_term_string}\"},\"query-input\":{\"@type\":\"PropertyValueSpecification\",\"valueRequired\":true,\"valueName\":\"search_term_string\"}}],\"inLanguage\":\"es\"}]}<\/script>\n<!-- \/ Yoast SEO plugin. -->","yoast_head_json":{"title":"Entrada gratuita: Alcazaba y el Castillo de Gibralfaro. Reserva","description":"Entrada gratis a la Alcazaba de M\u00e1laga. \u00bfEn que horario la entrada es gratuita a la Alcazaba y el Castillo de Gibralfaro? Entra y desc\u00fabrelo!","robots":{"index":"index","follow":"follow","max-snippet":"max-snippet:-1","max-image-preview":"max-image-preview:large","max-video-preview":"max-video-preview:-1"},"canonical":"https:\/\/alcazabamalaga.com\/es\/entrada-gratuita\/","og_locale":"es_ES","og_type":"article","og_title":"Entrada gratuita: Alcazaba y el Castillo de Gibralfaro. Reserva","og_description":"Entrada gratis a la Alcazaba de M\u00e1laga. \u00bfEn que horario la entrada es gratuita a la Alcazaba y el Castillo de Gibralfaro? Entra y desc\u00fabrelo!","og_url":"https:\/\/alcazabamalaga.com\/es\/entrada-gratuita\/","og_site_name":"Alcazaba of Malaga","article_modified_time":"2025-07-26T12:30:48+00:00","og_image":[{"width":1600,"height":417,"url":"https:\/\/alcazabamalaga.com\/wp-content\/uploads\/2025\/07\/Entradas.png","type":"image\/png"}],"twitter_card":"summary_large_image","twitter_misc":{"Tiempo de lectura":"3 minutos"},"schema":{"@context":"https:\/\/schema.org","@graph":[{"@type":"WebPage","@id":"https:\/\/alcazabamalaga.com\/es\/entrada-gratuita\/","url":"https:\/\/alcazabamalaga.com\/es\/entrada-gratuita\/","name":"Entrada gratuita: Alcazaba y el Castillo de Gibralfaro. Reserva","isPartOf":{"@id":"https:\/\/alcazabamalaga.com\/es\/#website"},"primaryImageOfPage":{"@id":"https:\/\/alcazabamalaga.com\/es\/entrada-gratuita\/#primaryimage"},"image":{"@id":"https:\/\/alcazabamalaga.com\/es\/entrada-gratuita\/#primaryimage"},"thumbnailUrl":"https:\/\/alcazabamalaga.com\/wp-content\/uploads\/2025\/07\/Entradas.png","datePublished":"2019-11-01T14:17:22+00:00","dateModified":"2025-07-26T12:30:48+00:00","description":"Entrada gratis a la Alcazaba de M\u00e1laga. \u00bfEn que horario la entrada es gratuita a la Alcazaba y el Castillo de Gibralfaro? Entra y desc\u00fabrelo!","breadcrumb":{"@id":"https:\/\/alcazabamalaga.com\/es\/entrada-gratuita\/#breadcrumb"},"inLanguage":"es","potentialAction":[{"@type":"ReadAction","target":["https:\/\/alcazabamalaga.com\/es\/entrada-gratuita\/"]}]},{"@type":"ImageObject","inLanguage":"es","@id":"https:\/\/alcazabamalaga.com\/es\/entrada-gratuita\/#primaryimage","url":"https:\/\/alcazabamalaga.com\/wp-content\/uploads\/2025\/07\/Entradas.png","contentUrl":"https:\/\/alcazabamalaga.com\/wp-content\/uploads\/2025\/07\/Entradas.png","width":1600,"height":417,"caption":"Acceso de la Alcazaba"},{"@type":"BreadcrumbList","@id":"https:\/\/alcazabamalaga.com\/es\/entrada-gratuita\/#breadcrumb","itemListElement":[{"@type":"ListItem","position":1,"name":"Home","item":"https:\/\/alcazabamalaga.com\/es\/"},{"@type":"ListItem","position":2,"name":"Alcazaba Entrada Gratuita"}]},{"@type":"WebSite","@id":"https:\/\/alcazabamalaga.com\/es\/#website","url":"https:\/\/alcazabamalaga.com\/es\/","name":"Alcazaba of Malaga","description":"Alcazaba tour","potentialAction":[{"@type":"SearchAction","target":{"@type":"EntryPoint","urlTemplate":"https:\/\/alcazabamalaga.com\/es\/?s={search_term_string}"},"query-input":{"@type":"PropertyValueSpecification","valueRequired":true,"valueName":"search_term_string"}}],"inLanguage":"es"}]}},"_links":{"self":[{"href":"https:\/\/alcazabamalaga.com\/es\/wp-json\/wp\/v2\/pages\/761","targetHints":{"allow":["GET"]}}],"collection":[{"href":"https:\/\/alcazabamalaga.com\/es\/wp-json\/wp\/v2\/pages"}],"about":[{"href":"https:\/\/alcazabamalaga.com\/es\/wp-json\/wp\/v2\/types\/page"}],"author":[{"embeddable":true,"href":"https:\/\/alcazabamalaga.com\/es\/wp-json\/wp\/v2\/users\/2"}],"replies":[{"embeddable":true,"href":"https:\/\/alcazabamalaga.com\/es\/wp-json\/wp\/v2\/comments?post=761"}],"version-history":[{"count":5,"href":"https:\/\/alcazabamalaga.com\/es\/wp-json\/wp\/v2\/pages\/761\/revisions"}],"predecessor-version":[{"id":4066,"href":"https:\/\/alcazabamalaga.com\/es\/wp-json\/wp\/v2\/pages\/761\/revisions\/4066"}],"wp:featuredmedia":[{"embeddable":true,"href":"https:\/\/alcazabamalaga.com\/es\/wp-json\/wp\/v2\/media\/4001"}],"wp:attachment":[{"href":"https:\/\/alcazabamalaga.com\/es\/wp-json\/wp\/v2\/media?parent=761"}],"curies":[{"name":"wp","href":"https:\/\/api.w.org\/{rel}","templated":true}]}}