{"id":737,"date":"2019-11-01T17:16:49","date_gmt":"2019-11-01T14:16:49","guid":{"rendered":"http:\/\/alcazabamalaga.com\/opening-time\/"},"modified":"2025-09-15T20:02:12","modified_gmt":"2025-09-15T17:02:12","slug":"horarioalcazaba","status":"publish","type":"page","link":"https:\/\/alcazabamalaga.com\/es\/horarioalcazaba\/","title":{"rendered":"Horario de la Alcazaba M\u00e1laga"},"content":{"rendered":"\n<h2 class=\"wp-block-heading\">Horario de visitas a la Alcazaba y el Castillo de Gibralfaro<\/h2>\n\n\n\n<p>Uno de los errores m\u00e1s comunes entre quienes visitan M\u00e1laga es no contar con informaci\u00f3n actualizada sobre los horarios de la Alcazaba y el <a href=\"http:\/\/castillogibralfaromalaga.com\">Castillo de Gibralfaro<\/a>. Esto puede provocar que muchos viajeros lleguen cuando el monumento est\u00e1 a punto de cerrar o, en el peor de los casos, ya cerrado.<\/p>\n\n\n\n<p>Desde <strong>AlcazabaMalaga.com<\/strong> queremos ayudarte a planificar mejor tu visita para que disfrutes al m\u00e1ximo del recorrido, sin contratiempos ni prisas de \u00faltima hora.<\/p>\n\n\n\n<h3 class=\"wp-block-heading\">Informaci\u00f3n General del Horario<\/h3>\n\n\n\n<div style=\"height:11px\" aria-hidden=\"true\" class=\"wp-block-spacer\"><\/div>\n\n\n\n<div class=\"wp-block-columns has-2-columns is-layout-flex wp-container-core-columns-is-layout-9d6595d7 wp-block-columns-is-layout-flex\">\n<div class=\"wp-block-column is-layout-flow wp-block-column-is-layout-flow\">\n<p>La Alcazaba y el Castillo de Gibralfaro est\u00e1n<strong> abiertos todos los d\u00edas<\/strong>.<\/p>\n\n\n\n<p>La Alcazaba cuenta con un horario de verano y otro de invierno.<\/p>\n\n\n\n<div style=\"height:3px\" aria-hidden=\"true\" class=\"wp-block-spacer\"><\/div>\n\n\n\n<ul class=\"wp-block-list\">\n<li><strong>Horario<\/strong> <strong>de invierno (1 Noviembre &#8211; 31 Marzo) <\/strong>: Abre a las 9:00 y cerrar\u00e1 sus puertas a las 18:00 (\u00daltimo pase a las 17:00).<\/li>\n<\/ul>\n\n\n\n<p><\/p>\n\n\n\n<ul class=\"wp-block-list\">\n<li><strong>Horario de verano (1 Abril- 31 Octubre): <\/strong>Abre a las 9:00 y cerrar\u00e1 las puertas 20:00 (\u00daltimo pase es a las 19:00)<\/li>\n<\/ul>\n\n\n\n<h3 class=\"wp-block-heading\">Importante<\/h3>\n\n\n\n<ul class=\"wp-block-list\">\n<li>El \u00faltimo pase se realiza <strong>1 hora antes antes del cierre<\/strong>.<\/li>\n<\/ul>\n\n\n\n<p><\/p>\n\n\n\n<ul class=\"wp-block-list\">\n<li>Para disfrutar del complejo de la Alcazaba, se recomienda disponer de <strong>al menos 1 hora<\/strong>.<\/li>\n<\/ul>\n<\/div>\n<\/div>\n\n\n<div class=\"wp-block-image\">\n<figure class=\"aligncenter size-large\"><img loading=\"lazy\" decoding=\"async\" width=\"1024\" height=\"267\" src=\"https:\/\/alcazabamalaga.com\/wp-content\/uploads\/2020\/02\/Alcazaba-header-main-1024x267.jpg\" alt=\"Alcazaba Malaga \" class=\"wp-image-854\" srcset=\"https:\/\/alcazabamalaga.com\/wp-content\/uploads\/2020\/02\/Alcazaba-header-main-1024x267.jpg 1024w, https:\/\/alcazabamalaga.com\/wp-content\/uploads\/2020\/02\/Alcazaba-header-main-300x78.jpg 300w, https:\/\/alcazabamalaga.com\/wp-content\/uploads\/2020\/02\/Alcazaba-header-main-768x200.jpg 768w, https:\/\/alcazabamalaga.com\/wp-content\/uploads\/2020\/02\/Alcazaba-header-main.jpg 1920w\" sizes=\"auto, (max-width: 1024px) 100vw, 1024px\" \/><\/figure>\n<\/div>\n\n\n<h3 class=\"wp-block-heading\">Recomendaciones para su visita a la Alcazaba de M\u00e1laga<\/h3>\n\n\n\n<h5 class=\"wp-block-heading\">\u00bfCu\u00e1nto tiempo se necesita para visitar la Alcazaba y el Castillo de Gibralfaro?<br><\/h5>\n\n\n\n<div style=\"height:24px\" aria-hidden=\"true\" class=\"wp-block-spacer\"><\/div>\n\n\n\n<p>Si deseas visitar <strong>la Alcazaba y el Castillo de Gibralfaro en el mismo d\u00eda<\/strong>, debes tener en cuenta que entre el recorrido por la Alcazaba, la subida al monte y la visita al castillo, el tiempo total suele ser m\u00ednimo de <strong>unas 4 horas aproximadamente<\/strong>.<\/p>\n\n\n\n<p>Por eso, si vas a estar <strong>3 o 4 d\u00edas en M\u00e1laga<\/strong>, lo m\u00e1s recomendable es <strong>dividir la visita en dos d\u00edas<\/strong>:<\/p>\n\n\n\n<ul class=\"wp-block-list\">\n<li>Dedica un d\u00eda a recorrer con calma la <strong>Alcazaba<\/strong> y el Teatro Romano.<\/li>\n<\/ul>\n\n\n\n<p><\/p>\n\n\n\n<ul class=\"wp-block-list\">\n<li>Reserva otro d\u00eda para subir al <strong>Castillo de Gibralfaro<\/strong>, disfrutando de las vistas panor\u00e1micas y el entorno natural.<\/li>\n<\/ul>\n\n\n\n<p>As\u00ed podr\u00e1s conocer ambos monumentos <strong>sin prisas y aprovechando al m\u00e1ximo la experiencia<\/strong>.<\/p>\n\n\n\n<h5 class=\"wp-block-heading\">\u00bfC\u00f3mo subir al Castillo de Gibralfaro?<\/h5>\n\n\n\n<p>Tienes dos opciones para llegar a la cima:<\/p>\n\n\n\n<ul class=\"wp-block-list\">\n<li> <strong>Autob\u00fas n\u00ba 35<\/strong>: Puedes tomarlo desde el <strong>Parque de M\u00e1laga<\/strong> o la <strong>Alameda Principal<\/strong>.<\/li>\n<\/ul>\n\n\n\n<p><\/p>\n\n\n\n<ul class=\"wp-block-list\">\n<li> <strong>Subida a pie<\/strong>: Una caminata de unos <strong>35 minutos<\/strong> por el monte. Aunque algo exigente, <strong>vale mucho la pena<\/strong> por las impresionantes vistas panor\u00e1micas de M\u00e1laga que ofrece el recorrido.\n<ul class=\"wp-block-list\">\n<li><a href=\"https:\/\/castillogibralfaromalaga.com\/como-llegar-castillo-gibralfaro\/\">Aqu\u00ed tienes m\u00e1s informaci\u00f3n sobre como coger el autob\u00fas o subir caminando Castillo de Gibralfaro.<\/a><\/li>\n<\/ul>\n<\/li>\n<\/ul>\n\n\n\n<hr class=\"wp-block-separator has-alpha-channel-opacity\"\/>\n\n\n\n<h3 class=\"wp-block-heading\">\u00bfCu\u00e1l es la mejor forma de visitar la Alcazaba?<\/h3>\n\n\n\n<p>Sin duda, la <strong>mejor manera de conocer la Alcazaba<\/strong> es con una <strong><a href=\"https:\/\/alcazabamalaga.com\/es\/visita-guiada-alcazaba\/\">visita guiada<\/a><\/strong>. A trav\u00e9s de un gu\u00eda profesional descubrir\u00e1s la historia, el arte, y las leyendas que esconden sus murallas y palacios.<\/p>\n\n\n\n<h4 class=\"wp-block-heading\">Horarios de las visitas guiadas:<\/h4>\n\n\n\n<ul class=\"wp-block-list\">\n<li><strong>Verano (abril \u2013 octubre)<\/strong>: 10:30, 12:30 y 17:00<\/li>\n\n\n\n<li><strong>Invierno (noviembre \u2013 marzo)<\/strong>: 10:30, 12:30 y 16:00<br><em>(Visitas disponibles en espa\u00f1ol e ingl\u00e9s todos los d\u00edas)<\/em><\/li>\n<\/ul>\n\n\n\n<h3 class=\"wp-block-heading\">Mapa de la Alcazaba<\/h3>\n\n\n\n<iframe loading=\"lazy\" src=\"https:\/\/www.google.com\/maps\/embed?pb=!1m18!1m12!1m3!1d1599.02252144068!2d-4.416308341838696!3d36.721479444991246!2m3!1f0!2f0!3f0!3m2!1i1024!2i768!4f13.1!3m3!1m2!1s0xd72f7ea7bdb8893%3A0xc3e76a5e732e17f!2sAlcazaba%20de%20M%C3%A1laga%2C%20M%C3%A1laga!5e0!3m2!1ses!2ses!4v1587117589686!5m2!1ses!2ses\" width=\"600\" height=\"450\" frameborder=\"0\" style=\"border:0;\" allowfullscreen=\"\" aria-hidden=\"false\" tabindex=\"0\"><\/iframe>\n","protected":false},"excerpt":{"rendered":"<p>Horario de visitas a la Alcazaba y el Castillo de Gibralfaro Uno de los errores m\u00e1s comunes entre quienes visitan M\u00e1laga es no contar con informaci\u00f3n actualizada sobre los horarios de la Alcazaba y el Castillo de Gibralfaro. Esto puede provocar que muchos viajeros lleguen cuando el monumento est\u00e1 a punto de cerrar o, en [&hellip;]<\/p>\n","protected":false},"author":2,"featured_media":4006,"parent":0,"menu_order":0,"comment_status":"closed","ping_status":"closed","template":"page-with-sidebar.php","meta":{"_acf_changed":false,"footnotes":""},"class_list":["post-737","page","type-page","status-publish","has-post-thumbnail","hentry"],"acf":[],"yoast_head":"<!-- This site is optimized with the Yoast SEO plugin v27.5 - https:\/\/yoast.com\/product\/yoast-seo-wordpress\/ -->\n<title>Horario de la Alcazaba M\u00e1laga y el Castillo de Gibralfaro 2025<\/title>\n<meta name=\"description\" content=\"Horario, precios, consejos, mapas, fotos y visitas guiadas a la Alcazaba y el Castillo de Gibralfaro. Todo lo que necesitas para tu visita.\" \/>\n<meta name=\"robots\" content=\"index, follow, max-snippet:-1, max-image-preview:large, max-video-preview:-1\" \/>\n<link rel=\"canonical\" href=\"https:\/\/alcazabamalaga.com\/es\/horarioalcazaba\/\" \/>\n<meta property=\"og:locale\" content=\"es_ES\" \/>\n<meta property=\"og:type\" content=\"article\" \/>\n<meta property=\"og:title\" content=\"Horario de la Alcazaba M\u00e1laga y el Castillo de Gibralfaro 2025\" \/>\n<meta property=\"og:description\" content=\"Horario, precios, consejos, mapas, fotos y visitas guiadas a la Alcazaba y el Castillo de Gibralfaro. Todo lo que necesitas para tu visita.\" \/>\n<meta property=\"og:url\" content=\"https:\/\/alcazabamalaga.com\/es\/horarioalcazaba\/\" \/>\n<meta property=\"og:site_name\" content=\"Alcazaba of Malaga\" \/>\n<meta property=\"article:modified_time\" content=\"2025-09-15T17:02:12+00:00\" \/>\n<meta property=\"og:image\" content=\"https:\/\/alcazabamalaga.com\/wp-content\/uploads\/2025\/07\/Audioguia.jpg\" \/>\n\t<meta property=\"og:image:width\" content=\"1600\" \/>\n\t<meta property=\"og:image:height\" content=\"417\" \/>\n\t<meta property=\"og:image:type\" content=\"image\/jpeg\" \/>\n<meta name=\"twitter:card\" content=\"summary_large_image\" \/>\n<meta name=\"twitter:label1\" content=\"Tiempo de lectura\" \/>\n\t<meta name=\"twitter:data1\" content=\"3 minutos\" \/>\n<script type=\"application\/ld+json\" class=\"yoast-schema-graph\">{\"@context\":\"https:\\\/\\\/schema.org\",\"@graph\":[{\"@type\":\"WebPage\",\"@id\":\"https:\\\/\\\/alcazabamalaga.com\\\/es\\\/horarioalcazaba\\\/\",\"url\":\"https:\\\/\\\/alcazabamalaga.com\\\/es\\\/horarioalcazaba\\\/\",\"name\":\"Horario de la Alcazaba M\u00e1laga y el Castillo de Gibralfaro 2025\",\"isPartOf\":{\"@id\":\"https:\\\/\\\/alcazabamalaga.com\\\/es\\\/#website\"},\"primaryImageOfPage\":{\"@id\":\"https:\\\/\\\/alcazabamalaga.com\\\/es\\\/horarioalcazaba\\\/#primaryimage\"},\"image\":{\"@id\":\"https:\\\/\\\/alcazabamalaga.com\\\/es\\\/horarioalcazaba\\\/#primaryimage\"},\"thumbnailUrl\":\"https:\\\/\\\/alcazabamalaga.com\\\/wp-content\\\/uploads\\\/2025\\\/07\\\/Audioguia.jpg\",\"datePublished\":\"2019-11-01T14:16:49+00:00\",\"dateModified\":\"2025-09-15T17:02:12+00:00\",\"description\":\"Horario, precios, consejos, mapas, fotos y visitas guiadas a la Alcazaba y el Castillo de Gibralfaro. Todo lo que necesitas para tu visita.\",\"breadcrumb\":{\"@id\":\"https:\\\/\\\/alcazabamalaga.com\\\/es\\\/horarioalcazaba\\\/#breadcrumb\"},\"inLanguage\":\"es\",\"potentialAction\":[{\"@type\":\"ReadAction\",\"target\":[\"https:\\\/\\\/alcazabamalaga.com\\\/es\\\/horarioalcazaba\\\/\"]}]},{\"@type\":\"ImageObject\",\"inLanguage\":\"es\",\"@id\":\"https:\\\/\\\/alcazabamalaga.com\\\/es\\\/horarioalcazaba\\\/#primaryimage\",\"url\":\"https:\\\/\\\/alcazabamalaga.com\\\/wp-content\\\/uploads\\\/2025\\\/07\\\/Audioguia.jpg\",\"contentUrl\":\"https:\\\/\\\/alcazabamalaga.com\\\/wp-content\\\/uploads\\\/2025\\\/07\\\/Audioguia.jpg\",\"width\":1600,\"height\":417,\"caption\":\"monumento de la Alcazaba\"},{\"@type\":\"BreadcrumbList\",\"@id\":\"https:\\\/\\\/alcazabamalaga.com\\\/es\\\/horarioalcazaba\\\/#breadcrumb\",\"itemListElement\":[{\"@type\":\"ListItem\",\"position\":1,\"name\":\"Home\",\"item\":\"https:\\\/\\\/alcazabamalaga.com\\\/es\\\/\"},{\"@type\":\"ListItem\",\"position\":2,\"name\":\"Horario de la Alcazaba M\u00e1laga\"}]},{\"@type\":\"WebSite\",\"@id\":\"https:\\\/\\\/alcazabamalaga.com\\\/es\\\/#website\",\"url\":\"https:\\\/\\\/alcazabamalaga.com\\\/es\\\/\",\"name\":\"Alcazaba of Malaga\",\"description\":\"Alcazaba tour\",\"potentialAction\":[{\"@type\":\"SearchAction\",\"target\":{\"@type\":\"EntryPoint\",\"urlTemplate\":\"https:\\\/\\\/alcazabamalaga.com\\\/es\\\/?s={search_term_string}\"},\"query-input\":{\"@type\":\"PropertyValueSpecification\",\"valueRequired\":true,\"valueName\":\"search_term_string\"}}],\"inLanguage\":\"es\"}]}<\/script>\n<!-- \/ Yoast SEO plugin. -->","yoast_head_json":{"title":"Horario de la Alcazaba M\u00e1laga y el Castillo de Gibralfaro 2025","description":"Horario, precios, consejos, mapas, fotos y visitas guiadas a la Alcazaba y el Castillo de Gibralfaro. Todo lo que necesitas para tu visita.","robots":{"index":"index","follow":"follow","max-snippet":"max-snippet:-1","max-image-preview":"max-image-preview:large","max-video-preview":"max-video-preview:-1"},"canonical":"https:\/\/alcazabamalaga.com\/es\/horarioalcazaba\/","og_locale":"es_ES","og_type":"article","og_title":"Horario de la Alcazaba M\u00e1laga y el Castillo de Gibralfaro 2025","og_description":"Horario, precios, consejos, mapas, fotos y visitas guiadas a la Alcazaba y el Castillo de Gibralfaro. Todo lo que necesitas para tu visita.","og_url":"https:\/\/alcazabamalaga.com\/es\/horarioalcazaba\/","og_site_name":"Alcazaba of Malaga","article_modified_time":"2025-09-15T17:02:12+00:00","og_image":[{"width":1600,"height":417,"url":"https:\/\/alcazabamalaga.com\/wp-content\/uploads\/2025\/07\/Audioguia.jpg","type":"image\/jpeg"}],"twitter_card":"summary_large_image","twitter_misc":{"Tiempo de lectura":"3 minutos"},"schema":{"@context":"https:\/\/schema.org","@graph":[{"@type":"WebPage","@id":"https:\/\/alcazabamalaga.com\/es\/horarioalcazaba\/","url":"https:\/\/alcazabamalaga.com\/es\/horarioalcazaba\/","name":"Horario de la Alcazaba M\u00e1laga y el Castillo de Gibralfaro 2025","isPartOf":{"@id":"https:\/\/alcazabamalaga.com\/es\/#website"},"primaryImageOfPage":{"@id":"https:\/\/alcazabamalaga.com\/es\/horarioalcazaba\/#primaryimage"},"image":{"@id":"https:\/\/alcazabamalaga.com\/es\/horarioalcazaba\/#primaryimage"},"thumbnailUrl":"https:\/\/alcazabamalaga.com\/wp-content\/uploads\/2025\/07\/Audioguia.jpg","datePublished":"2019-11-01T14:16:49+00:00","dateModified":"2025-09-15T17:02:12+00:00","description":"Horario, precios, consejos, mapas, fotos y visitas guiadas a la Alcazaba y el Castillo de Gibralfaro. Todo lo que necesitas para tu visita.","breadcrumb":{"@id":"https:\/\/alcazabamalaga.com\/es\/horarioalcazaba\/#breadcrumb"},"inLanguage":"es","potentialAction":[{"@type":"ReadAction","target":["https:\/\/alcazabamalaga.com\/es\/horarioalcazaba\/"]}]},{"@type":"ImageObject","inLanguage":"es","@id":"https:\/\/alcazabamalaga.com\/es\/horarioalcazaba\/#primaryimage","url":"https:\/\/alcazabamalaga.com\/wp-content\/uploads\/2025\/07\/Audioguia.jpg","contentUrl":"https:\/\/alcazabamalaga.com\/wp-content\/uploads\/2025\/07\/Audioguia.jpg","width":1600,"height":417,"caption":"monumento de la Alcazaba"},{"@type":"BreadcrumbList","@id":"https:\/\/alcazabamalaga.com\/es\/horarioalcazaba\/#breadcrumb","itemListElement":[{"@type":"ListItem","position":1,"name":"Home","item":"https:\/\/alcazabamalaga.com\/es\/"},{"@type":"ListItem","position":2,"name":"Horario de la Alcazaba M\u00e1laga"}]},{"@type":"WebSite","@id":"https:\/\/alcazabamalaga.com\/es\/#website","url":"https:\/\/alcazabamalaga.com\/es\/","name":"Alcazaba of Malaga","description":"Alcazaba tour","potentialAction":[{"@type":"SearchAction","target":{"@type":"EntryPoint","urlTemplate":"https:\/\/alcazabamalaga.com\/es\/?s={search_term_string}"},"query-input":{"@type":"PropertyValueSpecification","valueRequired":true,"valueName":"search_term_string"}}],"inLanguage":"es"}]}},"_links":{"self":[{"href":"https:\/\/alcazabamalaga.com\/es\/wp-json\/wp\/v2\/pages\/737","targetHints":{"allow":["GET"]}}],"collection":[{"href":"https:\/\/alcazabamalaga.com\/es\/wp-json\/wp\/v2\/pages"}],"about":[{"href":"https:\/\/alcazabamalaga.com\/es\/wp-json\/wp\/v2\/types\/page"}],"author":[{"embeddable":true,"href":"https:\/\/alcazabamalaga.com\/es\/wp-json\/wp\/v2\/users\/2"}],"replies":[{"embeddable":true,"href":"https:\/\/alcazabamalaga.com\/es\/wp-json\/wp\/v2\/comments?post=737"}],"version-history":[{"count":5,"href":"https:\/\/alcazabamalaga.com\/es\/wp-json\/wp\/v2\/pages\/737\/revisions"}],"predecessor-version":[{"id":4168,"href":"https:\/\/alcazabamalaga.com\/es\/wp-json\/wp\/v2\/pages\/737\/revisions\/4168"}],"wp:featuredmedia":[{"embeddable":true,"href":"https:\/\/alcazabamalaga.com\/es\/wp-json\/wp\/v2\/media\/4006"}],"wp:attachment":[{"href":"https:\/\/alcazabamalaga.com\/es\/wp-json\/wp\/v2\/media?parent=737"}],"curies":[{"name":"wp","href":"https:\/\/api.w.org\/{rel}","templated":true}]}}