{"id":733,"date":"2019-11-01T17:15:55","date_gmt":"2019-11-01T14:15:55","guid":{"rendered":"http:\/\/alcazabamalaga.com\/history\/"},"modified":"2025-07-26T15:27:10","modified_gmt":"2025-07-26T12:27:10","slug":"history","status":"publish","type":"page","link":"https:\/\/alcazabamalaga.com\/es\/history\/","title":{"rendered":"Historia de la Alcazaba"},"content":{"rendered":"\n<p><strong>&nbsp;\u201cSi conoces el pasado, comprender\u00e1s el presente y podr\u00e1s imaginar el futuro\u201d<\/strong><\/p>\n\n\n\n<p>Ofrecer una visi\u00f3n amplia y global de la historia de Espa\u00f1a de una forma amena y entretenida, es el ambicioso objetivo de esta entrada.<\/p>\n\n\n\n<p>En el siglo XXI,  Internet nos bombardea con much\u00edsima informaci\u00f3n, pero dif\u00edcilmente se puede encontrar alg\u00fan art\u00edculo que organice la historia de una manera organizada y amena.<\/p>\n\n\n\n<p>En las siguientes entradas vas a poder encontrar los aspectos que han conformado la historia de los pueblos que han habitado Espa\u00f1a desde hace 3.000 a\u00f1os.<\/p>\n","protected":false},"excerpt":{"rendered":"<p>&nbsp;\u201cSi conoces el pasado, comprender\u00e1s el presente y podr\u00e1s imaginar el futuro\u201d Ofrecer una visi\u00f3n amplia y global de la historia de Espa\u00f1a de una forma amena y entretenida, es el ambicioso objetivo de esta entrada. En el siglo XXI, Internet nos bombardea con much\u00edsima informaci\u00f3n, pero dif\u00edcilmente se puede encontrar alg\u00fan art\u00edculo que organice [&hellip;]<\/p>\n","protected":false},"author":2,"featured_media":3996,"parent":0,"menu_order":0,"comment_status":"closed","ping_status":"closed","template":"about-alcazaba.php","meta":{"_acf_changed":false,"footnotes":""},"class_list":["post-733","page","type-page","status-publish","has-post-thumbnail","hentry"],"acf":[],"yoast_head":"<!-- This site is optimized with the Yoast SEO plugin v27.5 - https:\/\/yoast.com\/product\/yoast-seo-wordpress\/ -->\n<title>Historia de la Alcazaba - Alcazaba of Malaga<\/title>\n<meta name=\"robots\" content=\"index, follow, max-snippet:-1, max-image-preview:large, max-video-preview:-1\" \/>\n<link rel=\"canonical\" href=\"https:\/\/alcazabamalaga.com\/es\/history\/\" \/>\n<meta property=\"og:locale\" content=\"es_ES\" \/>\n<meta property=\"og:type\" content=\"article\" \/>\n<meta property=\"og:title\" content=\"Historia de la Alcazaba - Alcazaba of Malaga\" \/>\n<meta property=\"og:description\" content=\"&nbsp;\u201cSi conoces el pasado, comprender\u00e1s el presente y podr\u00e1s imaginar el futuro\u201d Ofrecer una visi\u00f3n amplia y global de la historia de Espa\u00f1a de una forma amena y entretenida, es el ambicioso objetivo de esta entrada. En el siglo XXI, Internet nos bombardea con much\u00edsima informaci\u00f3n, pero dif\u00edcilmente se puede encontrar alg\u00fan art\u00edculo que organice [&hellip;]\" \/>\n<meta property=\"og:url\" content=\"https:\/\/alcazabamalaga.com\/es\/history\/\" \/>\n<meta property=\"og:site_name\" content=\"Alcazaba of Malaga\" \/>\n<meta property=\"article:modified_time\" content=\"2025-07-26T12:27:10+00:00\" \/>\n<meta property=\"og:image\" content=\"https:\/\/alcazabamalaga.com\/wp-content\/uploads\/2025\/07\/Historia-y-curiosidades-ok.png\" \/>\n\t<meta property=\"og:image:width\" content=\"1600\" \/>\n\t<meta property=\"og:image:height\" content=\"417\" \/>\n\t<meta property=\"og:image:type\" content=\"image\/png\" \/>\n<meta name=\"twitter:card\" content=\"summary_large_image\" \/>\n<meta name=\"twitter:label1\" content=\"Tiempo de lectura\" \/>\n\t<meta name=\"twitter:data1\" content=\"1 minuto\" \/>\n<script type=\"application\/ld+json\" class=\"yoast-schema-graph\">{\"@context\":\"https:\\\/\\\/schema.org\",\"@graph\":[{\"@type\":\"WebPage\",\"@id\":\"https:\\\/\\\/alcazabamalaga.com\\\/es\\\/history\\\/\",\"url\":\"https:\\\/\\\/alcazabamalaga.com\\\/es\\\/history\\\/\",\"name\":\"Historia de la Alcazaba - Alcazaba of Malaga\",\"isPartOf\":{\"@id\":\"https:\\\/\\\/alcazabamalaga.com\\\/es\\\/#website\"},\"primaryImageOfPage\":{\"@id\":\"https:\\\/\\\/alcazabamalaga.com\\\/es\\\/history\\\/#primaryimage\"},\"image\":{\"@id\":\"https:\\\/\\\/alcazabamalaga.com\\\/es\\\/history\\\/#primaryimage\"},\"thumbnailUrl\":\"https:\\\/\\\/alcazabamalaga.com\\\/wp-content\\\/uploads\\\/2025\\\/07\\\/Historia-y-curiosidades-ok.png\",\"datePublished\":\"2019-11-01T14:15:55+00:00\",\"dateModified\":\"2025-07-26T12:27:10+00:00\",\"breadcrumb\":{\"@id\":\"https:\\\/\\\/alcazabamalaga.com\\\/es\\\/history\\\/#breadcrumb\"},\"inLanguage\":\"es\",\"potentialAction\":[{\"@type\":\"ReadAction\",\"target\":[\"https:\\\/\\\/alcazabamalaga.com\\\/es\\\/history\\\/\"]}]},{\"@type\":\"ImageObject\",\"inLanguage\":\"es\",\"@id\":\"https:\\\/\\\/alcazabamalaga.com\\\/es\\\/history\\\/#primaryimage\",\"url\":\"https:\\\/\\\/alcazabamalaga.com\\\/wp-content\\\/uploads\\\/2025\\\/07\\\/Historia-y-curiosidades-ok.png\",\"contentUrl\":\"https:\\\/\\\/alcazabamalaga.com\\\/wp-content\\\/uploads\\\/2025\\\/07\\\/Historia-y-curiosidades-ok.png\",\"width\":1600,\"height\":417,\"caption\":\"batalla medieval\"},{\"@type\":\"BreadcrumbList\",\"@id\":\"https:\\\/\\\/alcazabamalaga.com\\\/es\\\/history\\\/#breadcrumb\",\"itemListElement\":[{\"@type\":\"ListItem\",\"position\":1,\"name\":\"Home\",\"item\":\"https:\\\/\\\/alcazabamalaga.com\\\/es\\\/\"},{\"@type\":\"ListItem\",\"position\":2,\"name\":\"Historia de la Alcazaba\"}]},{\"@type\":\"WebSite\",\"@id\":\"https:\\\/\\\/alcazabamalaga.com\\\/es\\\/#website\",\"url\":\"https:\\\/\\\/alcazabamalaga.com\\\/es\\\/\",\"name\":\"Alcazaba of Malaga\",\"description\":\"Alcazaba tour\",\"potentialAction\":[{\"@type\":\"SearchAction\",\"target\":{\"@type\":\"EntryPoint\",\"urlTemplate\":\"https:\\\/\\\/alcazabamalaga.com\\\/es\\\/?s={search_term_string}\"},\"query-input\":{\"@type\":\"PropertyValueSpecification\",\"valueRequired\":true,\"valueName\":\"search_term_string\"}}],\"inLanguage\":\"es\"}]}<\/script>\n<!-- \/ Yoast SEO plugin. -->","yoast_head_json":{"title":"Historia de la Alcazaba - Alcazaba of Malaga","robots":{"index":"index","follow":"follow","max-snippet":"max-snippet:-1","max-image-preview":"max-image-preview:large","max-video-preview":"max-video-preview:-1"},"canonical":"https:\/\/alcazabamalaga.com\/es\/history\/","og_locale":"es_ES","og_type":"article","og_title":"Historia de la Alcazaba - Alcazaba of Malaga","og_description":"&nbsp;\u201cSi conoces el pasado, comprender\u00e1s el presente y podr\u00e1s imaginar el futuro\u201d Ofrecer una visi\u00f3n amplia y global de la historia de Espa\u00f1a de una forma amena y entretenida, es el ambicioso objetivo de esta entrada. En el siglo XXI, Internet nos bombardea con much\u00edsima informaci\u00f3n, pero dif\u00edcilmente se puede encontrar alg\u00fan art\u00edculo que organice [&hellip;]","og_url":"https:\/\/alcazabamalaga.com\/es\/history\/","og_site_name":"Alcazaba of Malaga","article_modified_time":"2025-07-26T12:27:10+00:00","og_image":[{"width":1600,"height":417,"url":"https:\/\/alcazabamalaga.com\/wp-content\/uploads\/2025\/07\/Historia-y-curiosidades-ok.png","type":"image\/png"}],"twitter_card":"summary_large_image","twitter_misc":{"Tiempo de lectura":"1 minuto"},"schema":{"@context":"https:\/\/schema.org","@graph":[{"@type":"WebPage","@id":"https:\/\/alcazabamalaga.com\/es\/history\/","url":"https:\/\/alcazabamalaga.com\/es\/history\/","name":"Historia de la Alcazaba - Alcazaba of Malaga","isPartOf":{"@id":"https:\/\/alcazabamalaga.com\/es\/#website"},"primaryImageOfPage":{"@id":"https:\/\/alcazabamalaga.com\/es\/history\/#primaryimage"},"image":{"@id":"https:\/\/alcazabamalaga.com\/es\/history\/#primaryimage"},"thumbnailUrl":"https:\/\/alcazabamalaga.com\/wp-content\/uploads\/2025\/07\/Historia-y-curiosidades-ok.png","datePublished":"2019-11-01T14:15:55+00:00","dateModified":"2025-07-26T12:27:10+00:00","breadcrumb":{"@id":"https:\/\/alcazabamalaga.com\/es\/history\/#breadcrumb"},"inLanguage":"es","potentialAction":[{"@type":"ReadAction","target":["https:\/\/alcazabamalaga.com\/es\/history\/"]}]},{"@type":"ImageObject","inLanguage":"es","@id":"https:\/\/alcazabamalaga.com\/es\/history\/#primaryimage","url":"https:\/\/alcazabamalaga.com\/wp-content\/uploads\/2025\/07\/Historia-y-curiosidades-ok.png","contentUrl":"https:\/\/alcazabamalaga.com\/wp-content\/uploads\/2025\/07\/Historia-y-curiosidades-ok.png","width":1600,"height":417,"caption":"batalla medieval"},{"@type":"BreadcrumbList","@id":"https:\/\/alcazabamalaga.com\/es\/history\/#breadcrumb","itemListElement":[{"@type":"ListItem","position":1,"name":"Home","item":"https:\/\/alcazabamalaga.com\/es\/"},{"@type":"ListItem","position":2,"name":"Historia de la Alcazaba"}]},{"@type":"WebSite","@id":"https:\/\/alcazabamalaga.com\/es\/#website","url":"https:\/\/alcazabamalaga.com\/es\/","name":"Alcazaba of Malaga","description":"Alcazaba tour","potentialAction":[{"@type":"SearchAction","target":{"@type":"EntryPoint","urlTemplate":"https:\/\/alcazabamalaga.com\/es\/?s={search_term_string}"},"query-input":{"@type":"PropertyValueSpecification","valueRequired":true,"valueName":"search_term_string"}}],"inLanguage":"es"}]}},"_links":{"self":[{"href":"https:\/\/alcazabamalaga.com\/es\/wp-json\/wp\/v2\/pages\/733","targetHints":{"allow":["GET"]}}],"collection":[{"href":"https:\/\/alcazabamalaga.com\/es\/wp-json\/wp\/v2\/pages"}],"about":[{"href":"https:\/\/alcazabamalaga.com\/es\/wp-json\/wp\/v2\/types\/page"}],"author":[{"embeddable":true,"href":"https:\/\/alcazabamalaga.com\/es\/wp-json\/wp\/v2\/users\/2"}],"replies":[{"embeddable":true,"href":"https:\/\/alcazabamalaga.com\/es\/wp-json\/wp\/v2\/comments?post=733"}],"version-history":[{"count":5,"href":"https:\/\/alcazabamalaga.com\/es\/wp-json\/wp\/v2\/pages\/733\/revisions"}],"predecessor-version":[{"id":3836,"href":"https:\/\/alcazabamalaga.com\/es\/wp-json\/wp\/v2\/pages\/733\/revisions\/3836"}],"wp:featuredmedia":[{"embeddable":true,"href":"https:\/\/alcazabamalaga.com\/es\/wp-json\/wp\/v2\/media\/3996"}],"wp:attachment":[{"href":"https:\/\/alcazabamalaga.com\/es\/wp-json\/wp\/v2\/media?parent=733"}],"curies":[{"name":"wp","href":"https:\/\/api.w.org\/{rel}","templated":true}]}}