{"id":729,"date":"2019-11-01T17:14:31","date_gmt":"2019-11-01T14:14:31","guid":{"rendered":"http:\/\/alcazabamalaga.com\/home-page\/"},"modified":"2025-09-22T20:50:59","modified_gmt":"2025-09-22T17:50:59","slug":"home-page","status":"publish","type":"page","link":"https:\/\/alcazabamalaga.com\/es\/","title":{"rendered":"Alcazaba Malaga"},"content":{"rendered":"\n<p><strong>Descubre la Alcazaba de M\u00e1laga: Un Tesoro de la Historia Andalus\u00ed<\/strong><\/p>\n\n\n\n<h3 class=\"wp-block-heading\">Nuestra Misi\u00f3n<\/h3>\n\n\n\n<p>En <strong>Alcazabamalaga.com<\/strong>, nuestro objetivo es acercarte a la riqueza hist\u00f3rica, art\u00edstica y cultural de la <strong>Alcazaba de M\u00e1laga<\/strong> y el <strong>Castillo de Gibralfaro<\/strong>. Queremos que tanto los malague\u00f1os como los viajeros de todo el mundo descubran la majestuosidad de este conjunto monumental, uno de los m\u00e1s impresionantes legados del pasado andalus\u00ed.<\/p>\n\n\n\n<h3 class=\"wp-block-heading\">Sobre Alcazabamalaga.com<\/h3>\n\n\n\n<p>En nuestra web encontrar\u00e1s toda la informaci\u00f3n que necesitas para conocer a fondo la <strong>Alcazaba de M\u00e1laga<\/strong> y el <strong>Castillo de Gibralfaro<\/strong>. Desde su historia y arquitectura hasta noticias, art\u00edculos de inter\u00e9s, mapas y detalles sobre visitas guiadas, ponemos a tu disposici\u00f3n un contenido actualizado y detallado.<\/p>\n\n\n\n<p>Cabe destacar que esta es una p\u00e1gina no oficial, pero nuestro prop\u00f3sito es convertirnos en la referencia para quienes desean explorar este tesoro hist\u00f3rico y cultural.<\/p>\n\n\n\n<hr class=\"wp-block-separator has-alpha-channel-opacity\"\/>\n\n\n\n<h3 class=\"wp-block-heading\">\u00bfQu\u00e9 es una Alcazaba?<\/h3>\n\n\n\n<p>La palabra \u00ab<strong>Alcazaba<\/strong>\u00bb proviene del \u00e1rabe cl\u00e1sico <strong>qasabah<\/strong>, que significa \u00abfortaleza\u00bb dentro de una ciudad amurallada. A diferencia de un castillo, que es una construcci\u00f3n defensiva independiente, la alcazaba inclu\u00eda una medina en su interior, con viviendas, palacetes y sistemas de almacenamiento de agua y alimentos para resistir asedios prolongados.<\/p>\n\n\n\n<p>Durante la dominaci\u00f3n musulmana en la Pen\u00ednsula Ib\u00e9rica, entre los siglos VIII y XV, se construyeron numerosas alcazabas para proteger los principales asentamientos. Hoy en d\u00eda, algunas de estas imponentes fortalezas a\u00fan se conservan, como la <strong>Alcazaba de Badajoz<\/strong>, <strong>Alcazaba de Almer\u00eda<\/strong>, <strong>Alcazaba de Antequera<\/strong>, <strong>Alcazaba de Guadix<\/strong>, y, por supuesto, la <strong>Alcazaba de M\u00e1laga<\/strong>.<\/p>\n\n\n\n<hr class=\"wp-block-separator has-alpha-channel-opacity\"\/>\n\n\n\n<h3 class=\"wp-block-heading\">La Alcazaba de M\u00e1laga: Belleza y Estrategia Militar<\/h3>\n\n\n\n<p>Considerada una de las <strong>alcazabas m\u00e1s bellas de Espa\u00f1a<\/strong>, la <strong>Alcazaba de M\u00e1laga<\/strong> se alza majestuosa a los pies del monte <strong>Gibralfaro<\/strong>. Su ubicaci\u00f3n privilegiada no solo le otorgaba un control estrat\u00e9gico sobre la ciudad y el puerto, sino que tambi\u00e9n la hac\u00eda casi inexpugnable ante posibles ataques.<\/p>\n\n\n\n<p>Con una superficie actual de <strong>15.000 metros cuadrados<\/strong>, esta fortaleza musulmana fue en su d\u00eda mucho mayor, aunque parte de sus murallas y terrenos han desaparecido con el tiempo. Su construcci\u00f3n comenz\u00f3 en el siglo XI bajo el mandato de los <strong>hamm\u00fad\u00edes<\/strong>, pero a lo largo de los siglos ha experimentado numerosas transformaciones y ampliaciones, lo que la convierte en un monumento con \u00abvida propia\u00bb.<\/p>\n\n\n\n<h3 class=\"wp-block-heading\">Caracter\u00edsticas de la Alcazaba de M\u00e1laga<\/h3>\n\n\n\n<ul class=\"wp-block-list\">\n<li><strong>Arquitectura defensiva y palaciega<\/strong>: Sus muros, torres y puertas en recodo demuestran un dise\u00f1o militar inteligente, mientras que sus patios y jardines reflejan la belleza del arte andalus\u00ed.<\/li>\n\n\n\n<li><strong>Vistas panor\u00e1micas<\/strong>: Desde sus miradores, podr\u00e1s admirar una de las mejores vistas de M\u00e1laga y su bah\u00eda.<\/li>\n\n\n\n<li><strong>Conexi\u00f3n con el Castillo de Gibralfaro<\/strong>: Un paso fortificado conocido como \u00abLa Coracha\u00bb un\u00eda la Alcazaba con el castillo en la cima del monte.<\/li>\n<\/ul>\n\n\n\n<hr class=\"wp-block-separator has-alpha-channel-opacity\"\/>\n\n\n\n<h2 class=\"wp-block-heading\">\u00a1Visita la Alcazaba de M\u00e1laga!<\/h2>\n\n\n\n<p>Si est\u00e1s planeando un viaje a M\u00e1laga, la <a href=\"https:\/\/alcazabamalaga.com\/es\/visita-guiada-alcazaba\/\">visita a la Alcazaba<\/a> es <strong>imprescindible<\/strong>. Explora sus murallas, pasea por sus patios llenos de historia y descubre c\u00f3mo esta fortaleza ha sido testigo de siglos de acontecimientos clave en la regi\u00f3n.<\/p>\n\n\n\n<p>Consulta nuestras gu\u00edas y recomendaciones para sacar el m\u00e1ximo provecho de tu visita.<\/p>\n\n\n\n<p>\u00a1La Alcazaba de M\u00e1laga te espera con su historia, belleza y secretos por descubrir!<\/p>\n\n\n\n<p><\/p>\n","protected":false},"excerpt":{"rendered":"<p>Descubre la Alcazaba de M\u00e1laga: Un Tesoro de la Historia Andalus\u00ed Nuestra Misi\u00f3n En Alcazabamalaga.com, nuestro objetivo es acercarte a la riqueza hist\u00f3rica, art\u00edstica y cultural de la Alcazaba de M\u00e1laga y el Castillo de Gibralfaro. Queremos que tanto los malague\u00f1os como los viajeros de todo el mundo descubran la majestuosidad de este conjunto monumental, [&hellip;]<\/p>\n","protected":false},"author":2,"featured_media":1917,"parent":0,"menu_order":0,"comment_status":"closed","ping_status":"closed","template":"front-page.php","meta":{"_acf_changed":false,"footnotes":""},"class_list":["post-729","page","type-page","status-publish","has-post-thumbnail","hentry"],"acf":[],"yoast_head":"<!-- This site is optimized with the Yoast SEO plugin v27.5 - https:\/\/yoast.com\/product\/yoast-seo-wordpress\/ -->\n<title>Alcazaba de Malaga: Horarios, Entradas, Visitas guiadas<\/title>\n<meta name=\"description\" content=\"La Alcazaba de M\u00e1laga, una de las fortalezas m\u00e1s impresionantes de Espa\u00f1a. Historia y arquitectura en un enclave \u00fanico. \u00a1Planifica tu visita!\" \/>\n<meta name=\"robots\" content=\"index, follow, max-snippet:-1, max-image-preview:large, max-video-preview:-1\" \/>\n<link rel=\"canonical\" href=\"https:\/\/alcazabamalaga.com\/es\/\" \/>\n<meta property=\"og:locale\" content=\"es_ES\" \/>\n<meta property=\"og:type\" content=\"article\" \/>\n<meta property=\"og:title\" content=\"Alcazaba de Malaga: Horarios, Entradas, Visitas guiadas\" \/>\n<meta property=\"og:description\" content=\"La Alcazaba de M\u00e1laga, una de las fortalezas m\u00e1s impresionantes de Espa\u00f1a. Historia y arquitectura en un enclave \u00fanico. \u00a1Planifica tu visita!\" \/>\n<meta property=\"og:url\" content=\"https:\/\/alcazabamalaga.com\/es\/\" \/>\n<meta property=\"og:site_name\" content=\"Alcazaba of Malaga\" \/>\n<meta property=\"article:modified_time\" content=\"2025-09-22T17:50:59+00:00\" \/>\n<meta property=\"og:image\" content=\"https:\/\/alcazabamalaga.com\/wp-content\/uploads\/2020\/04\/Alcazaba-header-main-compressor.jpg\" \/>\n\t<meta property=\"og:image:width\" content=\"1920\" \/>\n\t<meta property=\"og:image:height\" content=\"500\" \/>\n\t<meta property=\"og:image:type\" content=\"image\/jpeg\" \/>\n<meta name=\"twitter:card\" content=\"summary_large_image\" \/>\n<meta name=\"twitter:label1\" content=\"Tiempo de lectura\" \/>\n\t<meta name=\"twitter:data1\" content=\"3 minutos\" \/>\n<script type=\"application\/ld+json\" class=\"yoast-schema-graph\">{\"@context\":\"https:\\\/\\\/schema.org\",\"@graph\":[{\"@type\":\"WebPage\",\"@id\":\"https:\\\/\\\/alcazabamalaga.com\\\/es\\\/\",\"url\":\"https:\\\/\\\/alcazabamalaga.com\\\/es\\\/\",\"name\":\"Alcazaba de Malaga: Horarios, Entradas, Visitas guiadas\",\"isPartOf\":{\"@id\":\"https:\\\/\\\/alcazabamalaga.com\\\/es\\\/#website\"},\"primaryImageOfPage\":{\"@id\":\"https:\\\/\\\/alcazabamalaga.com\\\/es\\\/#primaryimage\"},\"image\":{\"@id\":\"https:\\\/\\\/alcazabamalaga.com\\\/es\\\/#primaryimage\"},\"thumbnailUrl\":\"https:\\\/\\\/alcazabamalaga.com\\\/wp-content\\\/uploads\\\/2020\\\/04\\\/Alcazaba-header-main-compressor.jpg\",\"datePublished\":\"2019-11-01T14:14:31+00:00\",\"dateModified\":\"2025-09-22T17:50:59+00:00\",\"description\":\"La Alcazaba de M\u00e1laga, una de las fortalezas m\u00e1s impresionantes de Espa\u00f1a. Historia y arquitectura en un enclave \u00fanico. \u00a1Planifica tu visita!\",\"breadcrumb\":{\"@id\":\"https:\\\/\\\/alcazabamalaga.com\\\/es\\\/#breadcrumb\"},\"inLanguage\":\"es\",\"potentialAction\":[{\"@type\":\"ReadAction\",\"target\":[\"https:\\\/\\\/alcazabamalaga.com\\\/es\\\/\"]}]},{\"@type\":\"ImageObject\",\"inLanguage\":\"es\",\"@id\":\"https:\\\/\\\/alcazabamalaga.com\\\/es\\\/#primaryimage\",\"url\":\"https:\\\/\\\/alcazabamalaga.com\\\/wp-content\\\/uploads\\\/2020\\\/04\\\/Alcazaba-header-main-compressor.jpg\",\"contentUrl\":\"https:\\\/\\\/alcazabamalaga.com\\\/wp-content\\\/uploads\\\/2020\\\/04\\\/Alcazaba-header-main-compressor.jpg\",\"width\":1920,\"height\":500,\"caption\":\"Alcazaba M\u00e1laga Header\"},{\"@type\":\"BreadcrumbList\",\"@id\":\"https:\\\/\\\/alcazabamalaga.com\\\/es\\\/#breadcrumb\",\"itemListElement\":[{\"@type\":\"ListItem\",\"position\":1,\"name\":\"Home\",\"item\":\"https:\\\/\\\/alcazabamalaga.com\\\/es\\\/\"},{\"@type\":\"ListItem\",\"position\":2,\"name\":\"Alcazaba Malaga\"}]},{\"@type\":\"WebSite\",\"@id\":\"https:\\\/\\\/alcazabamalaga.com\\\/es\\\/#website\",\"url\":\"https:\\\/\\\/alcazabamalaga.com\\\/es\\\/\",\"name\":\"Alcazaba of Malaga\",\"description\":\"Alcazaba tour\",\"potentialAction\":[{\"@type\":\"SearchAction\",\"target\":{\"@type\":\"EntryPoint\",\"urlTemplate\":\"https:\\\/\\\/alcazabamalaga.com\\\/es\\\/?s={search_term_string}\"},\"query-input\":{\"@type\":\"PropertyValueSpecification\",\"valueRequired\":true,\"valueName\":\"search_term_string\"}}],\"inLanguage\":\"es\"}]}<\/script>\n<!-- \/ Yoast SEO plugin. -->","yoast_head_json":{"title":"Alcazaba de Malaga: Horarios, Entradas, Visitas guiadas","description":"La Alcazaba de M\u00e1laga, una de las fortalezas m\u00e1s impresionantes de Espa\u00f1a. Historia y arquitectura en un enclave \u00fanico. \u00a1Planifica tu visita!","robots":{"index":"index","follow":"follow","max-snippet":"max-snippet:-1","max-image-preview":"max-image-preview:large","max-video-preview":"max-video-preview:-1"},"canonical":"https:\/\/alcazabamalaga.com\/es\/","og_locale":"es_ES","og_type":"article","og_title":"Alcazaba de Malaga: Horarios, Entradas, Visitas guiadas","og_description":"La Alcazaba de M\u00e1laga, una de las fortalezas m\u00e1s impresionantes de Espa\u00f1a. Historia y arquitectura en un enclave \u00fanico. \u00a1Planifica tu visita!","og_url":"https:\/\/alcazabamalaga.com\/es\/","og_site_name":"Alcazaba of Malaga","article_modified_time":"2025-09-22T17:50:59+00:00","og_image":[{"width":1920,"height":500,"url":"https:\/\/alcazabamalaga.com\/wp-content\/uploads\/2020\/04\/Alcazaba-header-main-compressor.jpg","type":"image\/jpeg"}],"twitter_card":"summary_large_image","twitter_misc":{"Tiempo de lectura":"3 minutos"},"schema":{"@context":"https:\/\/schema.org","@graph":[{"@type":"WebPage","@id":"https:\/\/alcazabamalaga.com\/es\/","url":"https:\/\/alcazabamalaga.com\/es\/","name":"Alcazaba de Malaga: Horarios, Entradas, Visitas guiadas","isPartOf":{"@id":"https:\/\/alcazabamalaga.com\/es\/#website"},"primaryImageOfPage":{"@id":"https:\/\/alcazabamalaga.com\/es\/#primaryimage"},"image":{"@id":"https:\/\/alcazabamalaga.com\/es\/#primaryimage"},"thumbnailUrl":"https:\/\/alcazabamalaga.com\/wp-content\/uploads\/2020\/04\/Alcazaba-header-main-compressor.jpg","datePublished":"2019-11-01T14:14:31+00:00","dateModified":"2025-09-22T17:50:59+00:00","description":"La Alcazaba de M\u00e1laga, una de las fortalezas m\u00e1s impresionantes de Espa\u00f1a. Historia y arquitectura en un enclave \u00fanico. \u00a1Planifica tu visita!","breadcrumb":{"@id":"https:\/\/alcazabamalaga.com\/es\/#breadcrumb"},"inLanguage":"es","potentialAction":[{"@type":"ReadAction","target":["https:\/\/alcazabamalaga.com\/es\/"]}]},{"@type":"ImageObject","inLanguage":"es","@id":"https:\/\/alcazabamalaga.com\/es\/#primaryimage","url":"https:\/\/alcazabamalaga.com\/wp-content\/uploads\/2020\/04\/Alcazaba-header-main-compressor.jpg","contentUrl":"https:\/\/alcazabamalaga.com\/wp-content\/uploads\/2020\/04\/Alcazaba-header-main-compressor.jpg","width":1920,"height":500,"caption":"Alcazaba M\u00e1laga Header"},{"@type":"BreadcrumbList","@id":"https:\/\/alcazabamalaga.com\/es\/#breadcrumb","itemListElement":[{"@type":"ListItem","position":1,"name":"Home","item":"https:\/\/alcazabamalaga.com\/es\/"},{"@type":"ListItem","position":2,"name":"Alcazaba Malaga"}]},{"@type":"WebSite","@id":"https:\/\/alcazabamalaga.com\/es\/#website","url":"https:\/\/alcazabamalaga.com\/es\/","name":"Alcazaba of Malaga","description":"Alcazaba tour","potentialAction":[{"@type":"SearchAction","target":{"@type":"EntryPoint","urlTemplate":"https:\/\/alcazabamalaga.com\/es\/?s={search_term_string}"},"query-input":{"@type":"PropertyValueSpecification","valueRequired":true,"valueName":"search_term_string"}}],"inLanguage":"es"}]}},"_links":{"self":[{"href":"https:\/\/alcazabamalaga.com\/es\/wp-json\/wp\/v2\/pages\/729","targetHints":{"allow":["GET"]}}],"collection":[{"href":"https:\/\/alcazabamalaga.com\/es\/wp-json\/wp\/v2\/pages"}],"about":[{"href":"https:\/\/alcazabamalaga.com\/es\/wp-json\/wp\/v2\/types\/page"}],"author":[{"embeddable":true,"href":"https:\/\/alcazabamalaga.com\/es\/wp-json\/wp\/v2\/users\/2"}],"replies":[{"embeddable":true,"href":"https:\/\/alcazabamalaga.com\/es\/wp-json\/wp\/v2\/comments?post=729"}],"version-history":[{"count":5,"href":"https:\/\/alcazabamalaga.com\/es\/wp-json\/wp\/v2\/pages\/729\/revisions"}],"predecessor-version":[{"id":4222,"href":"https:\/\/alcazabamalaga.com\/es\/wp-json\/wp\/v2\/pages\/729\/revisions\/4222"}],"wp:featuredmedia":[{"embeddable":true,"href":"https:\/\/alcazabamalaga.com\/es\/wp-json\/wp\/v2\/media\/1917"}],"wp:attachment":[{"href":"https:\/\/alcazabamalaga.com\/es\/wp-json\/wp\/v2\/media?parent=729"}],"curies":[{"name":"wp","href":"https:\/\/api.w.org\/{rel}","templated":true}]}}