{"id":4203,"date":"2025-09-22T20:05:27","date_gmt":"2025-09-22T17:05:27","guid":{"rendered":"https:\/\/alcazabamalaga.com\/?page_id=4203"},"modified":"2025-09-22T20:05:28","modified_gmt":"2025-09-22T17:05:28","slug":"politica-de-privacidad-y-proteccion-de-datos","status":"publish","type":"page","link":"https:\/\/alcazabamalaga.com\/es\/politica-de-privacidad-y-proteccion-de-datos\/","title":{"rendered":"Pol\u00edtica de Privacidad y Protecci\u00f3n de Datos"},"content":{"rendered":"\n<h1 class=\"wp-block-heading\">Pol\u00edtica de Privacidad y Protecci\u00f3n de Datos<\/h1>\n\n\n\n<p>En cumplimiento de lo dispuesto en el Reglamento (UE) 2016\/679 del Parlamento Europeo y del Consejo (RGPD), la Ley Org\u00e1nica 3\/2018, de 5 de diciembre, de Protecci\u00f3n de Datos Personales y garant\u00eda de los derechos digitales (LOPDGDD), as\u00ed como la Ley 34\/2002, de 11 de julio, de Servicios de la Sociedad de la Informaci\u00f3n y de Comercio Electr\u00f3nico (LSSI-CE), se informa a los usuarios de los siguientes aspectos:<\/p>\n\n\n\n<h3 class=\"wp-block-heading\">1. Datos de identificaci\u00f3n del responsable del sitio web<\/h3>\n\n\n\n<ul class=\"wp-block-list\">\n<li><strong>Titular<\/strong>: Enrique Jos\u00e9 Mart\u00edn Bustos<\/li>\n\n\n\n<li><strong>NIF<\/strong>: 44599103X<\/li>\n\n\n\n<li><strong>Domicilio<\/strong>: Carril de Castell n\u00ba5, 1\u00baA, M\u00e1laga, 29016<\/li>\n\n\n\n<li><strong>Tel\u00e9fono de contacto<\/strong>: 699 75 68 64<\/li>\n\n\n\n<li><strong>Correo electr\u00f3nico<\/strong>: <a>info@alcazabamalaga.com<\/a><\/li>\n\n\n\n<li><strong>Nombre del dominio<\/strong>: <a href=\"http:\/\/alcazabamalaga.com\">alcazabamalaga.com<\/a><\/li>\n<\/ul>\n\n\n\n<h3 class=\"wp-block-heading\">2. Finalidad del tratamiento de los datos<\/h3>\n\n\n\n<p>En <em>alcazabamalaga.com<\/em> tratamos la informaci\u00f3n que nos facilitan los usuarios con las siguientes finalidades:<\/p>\n\n\n\n<ul class=\"wp-block-list\">\n<li>Gestionar las reservas, visitas guiadas y servicios contratados.<\/li>\n\n\n\n<li>Responder a solicitudes de informaci\u00f3n y consultas realizadas a trav\u00e9s de los formularios de contacto.<\/li>\n\n\n\n<li>Enviar informaci\u00f3n comercial o promocional sobre nuestros servicios, siempre que el usuario lo haya autorizado expresamente.<\/li>\n\n\n\n<li>Cumplir con las obligaciones legales aplicables.<\/li>\n<\/ul>\n\n\n\n<h3 class=\"wp-block-heading\">3. Legitimaci\u00f3n para el tratamiento de datos<\/h3>\n\n\n\n<p>La base legal para el tratamiento de sus datos es el <strong>consentimiento del usuario<\/strong>, la ejecuci\u00f3n de un contrato o la aplicaci\u00f3n de medidas precontractuales, as\u00ed como el cumplimiento de obligaciones legales.<\/p>\n\n\n\n<h3 class=\"wp-block-heading\">4. Conservaci\u00f3n de los datos<\/h3>\n\n\n\n<p>Los datos personales proporcionados se conservar\u00e1n mientras se mantenga la relaci\u00f3n contractual o el usuario no solicite su supresi\u00f3n. Posteriormente, se conservar\u00e1n durante los plazos legalmente establecidos para el cumplimiento de obligaciones fiscales, administrativas y legales.<\/p>\n\n\n\n<h3 class=\"wp-block-heading\">5. Destinatarios de los datos<\/h3>\n\n\n\n<p>Los datos no se ceder\u00e1n a terceros, salvo obligaci\u00f3n legal. En caso de ser necesario compartirlos con colaboradores o proveedores de servicios para la correcta prestaci\u00f3n de los servicios contratados, se firmar\u00e1n los correspondientes contratos de confidencialidad y de encargado de tratamiento conforme al RGPD.<\/p>\n\n\n\n<h3 class=\"wp-block-heading\">6. Derechos de los usuarios<\/h3>\n\n\n\n<p>Cualquier persona tiene derecho a obtener confirmaci\u00f3n sobre si en <em>alcazabamalaga.com<\/em> tratamos sus datos personales. Los usuarios tienen derecho a:<\/p>\n\n\n\n<ul class=\"wp-block-list\">\n<li>Acceder a sus datos personales.<\/li>\n\n\n\n<li>Solicitar la rectificaci\u00f3n de los datos inexactos.<\/li>\n\n\n\n<li>Solicitar la supresi\u00f3n de los datos cuando ya no sean necesarios para los fines recogidos.<\/li>\n\n\n\n<li>Solicitar la limitaci\u00f3n del tratamiento en determinadas circunstancias.<\/li>\n\n\n\n<li>Oponerse al tratamiento de sus datos.<\/li>\n\n\n\n<li>Solicitar la portabilidad de sus datos.<\/li>\n<\/ul>\n\n\n\n<p>El ejercicio de estos derechos podr\u00e1 realizarse mediante solicitud escrita dirigida a <strong><a>info@alcazabamalaga.com<\/a><\/strong>, adjuntando copia del documento de identidad.<\/p>\n\n\n\n<h3 class=\"wp-block-heading\">7. Medidas de seguridad<\/h3>\n\n\n\n<p>El titular del sitio web ha adoptado todas las medidas t\u00e9cnicas y organizativas necesarias para garantizar la seguridad y confidencialidad de los datos personales tratados, evitando su alteraci\u00f3n, p\u00e9rdida, tratamiento o acceso no autorizado.<\/p>\n\n\n\n<h3 class=\"wp-block-heading\">8. Enlaces a sitios web de terceros<\/h3>\n\n\n\n<p>Este sitio web puede contener enlaces a p\u00e1ginas de terceros. No nos responsabilizamos de las pol\u00edticas de privacidad de dichos sitios, recomendando que cada usuario revise las correspondientes pol\u00edticas antes de facilitar datos personales.<\/p>\n\n\n\n<h3 class=\"wp-block-heading\">9. Modificaci\u00f3n de la pol\u00edtica de privacidad<\/h3>\n\n\n\n<p>El titular se reserva el derecho de modificar la presente pol\u00edtica para adaptarla a novedades legislativas o jurisprudenciales, as\u00ed como a pr\u00e1cticas del sector. En tales casos, se anunciar\u00e1n los cambios introducidos en esta p\u00e1gina con una antelaci\u00f3n razonable a su puesta en pr\u00e1ctica.<\/p>\n","protected":false},"excerpt":{"rendered":"<p>Pol\u00edtica de Privacidad y Protecci\u00f3n de Datos En cumplimiento de lo dispuesto en el Reglamento (UE) 2016\/679 del Parlamento Europeo y del Consejo (RGPD), la Ley Org\u00e1nica 3\/2018, de 5 de diciembre, de Protecci\u00f3n de Datos Personales y garant\u00eda de los derechos digitales (LOPDGDD), as\u00ed como la Ley 34\/2002, de 11 de julio, de Servicios [&hellip;]<\/p>\n","protected":false},"author":2,"featured_media":0,"parent":0,"menu_order":0,"comment_status":"closed","ping_status":"closed","template":"","meta":{"_acf_changed":false,"footnotes":""},"class_list":["post-4203","page","type-page","status-publish","hentry"],"acf":[],"yoast_head":"<!-- This site is optimized with the Yoast SEO plugin v27.5 - https:\/\/yoast.com\/product\/yoast-seo-wordpress\/ -->\n<title>Pol\u00edtica de Privacidad y Protecci\u00f3n de Datos - Alcazaba of Malaga<\/title>\n<meta name=\"robots\" content=\"index, follow, max-snippet:-1, max-image-preview:large, max-video-preview:-1\" \/>\n<link rel=\"canonical\" href=\"https:\/\/alcazabamalaga.com\/es\/politica-de-privacidad-y-proteccion-de-datos\/\" \/>\n<meta property=\"og:locale\" content=\"es_ES\" \/>\n<meta property=\"og:type\" content=\"article\" \/>\n<meta property=\"og:title\" content=\"Pol\u00edtica de Privacidad y Protecci\u00f3n de Datos - Alcazaba of Malaga\" \/>\n<meta property=\"og:description\" content=\"Pol\u00edtica de Privacidad y Protecci\u00f3n de Datos En cumplimiento de lo dispuesto en el Reglamento (UE) 2016\/679 del Parlamento Europeo y del Consejo (RGPD), la Ley Org\u00e1nica 3\/2018, de 5 de diciembre, de Protecci\u00f3n de Datos Personales y garant\u00eda de los derechos digitales (LOPDGDD), as\u00ed como la Ley 34\/2002, de 11 de julio, de Servicios [&hellip;]\" \/>\n<meta property=\"og:url\" content=\"https:\/\/alcazabamalaga.com\/es\/politica-de-privacidad-y-proteccion-de-datos\/\" \/>\n<meta property=\"og:site_name\" content=\"Alcazaba of Malaga\" \/>\n<meta property=\"article:modified_time\" content=\"2025-09-22T17:05:28+00:00\" \/>\n<meta name=\"twitter:card\" content=\"summary_large_image\" \/>\n<meta name=\"twitter:label1\" content=\"Tiempo de lectura\" \/>\n\t<meta name=\"twitter:data1\" content=\"3 minutos\" \/>\n<script type=\"application\/ld+json\" class=\"yoast-schema-graph\">{\"@context\":\"https:\\\/\\\/schema.org\",\"@graph\":[{\"@type\":\"WebPage\",\"@id\":\"https:\\\/\\\/alcazabamalaga.com\\\/es\\\/politica-de-privacidad-y-proteccion-de-datos\\\/\",\"url\":\"https:\\\/\\\/alcazabamalaga.com\\\/es\\\/politica-de-privacidad-y-proteccion-de-datos\\\/\",\"name\":\"Pol\u00edtica de Privacidad y Protecci\u00f3n de Datos - Alcazaba of Malaga\",\"isPartOf\":{\"@id\":\"https:\\\/\\\/alcazabamalaga.com\\\/es\\\/#website\"},\"datePublished\":\"2025-09-22T17:05:27+00:00\",\"dateModified\":\"2025-09-22T17:05:28+00:00\",\"breadcrumb\":{\"@id\":\"https:\\\/\\\/alcazabamalaga.com\\\/es\\\/politica-de-privacidad-y-proteccion-de-datos\\\/#breadcrumb\"},\"inLanguage\":\"es\",\"potentialAction\":[{\"@type\":\"ReadAction\",\"target\":[\"https:\\\/\\\/alcazabamalaga.com\\\/es\\\/politica-de-privacidad-y-proteccion-de-datos\\\/\"]}]},{\"@type\":\"BreadcrumbList\",\"@id\":\"https:\\\/\\\/alcazabamalaga.com\\\/es\\\/politica-de-privacidad-y-proteccion-de-datos\\\/#breadcrumb\",\"itemListElement\":[{\"@type\":\"ListItem\",\"position\":1,\"name\":\"Home\",\"item\":\"https:\\\/\\\/alcazabamalaga.com\\\/es\\\/\"},{\"@type\":\"ListItem\",\"position\":2,\"name\":\"Pol\u00edtica de Privacidad y Protecci\u00f3n de Datos\"}]},{\"@type\":\"WebSite\",\"@id\":\"https:\\\/\\\/alcazabamalaga.com\\\/es\\\/#website\",\"url\":\"https:\\\/\\\/alcazabamalaga.com\\\/es\\\/\",\"name\":\"Alcazaba of Malaga\",\"description\":\"Alcazaba tour\",\"potentialAction\":[{\"@type\":\"SearchAction\",\"target\":{\"@type\":\"EntryPoint\",\"urlTemplate\":\"https:\\\/\\\/alcazabamalaga.com\\\/es\\\/?s={search_term_string}\"},\"query-input\":{\"@type\":\"PropertyValueSpecification\",\"valueRequired\":true,\"valueName\":\"search_term_string\"}}],\"inLanguage\":\"es\"}]}<\/script>\n<!-- \/ Yoast SEO plugin. -->","yoast_head_json":{"title":"Pol\u00edtica de Privacidad y Protecci\u00f3n de Datos - Alcazaba of Malaga","robots":{"index":"index","follow":"follow","max-snippet":"max-snippet:-1","max-image-preview":"max-image-preview:large","max-video-preview":"max-video-preview:-1"},"canonical":"https:\/\/alcazabamalaga.com\/es\/politica-de-privacidad-y-proteccion-de-datos\/","og_locale":"es_ES","og_type":"article","og_title":"Pol\u00edtica de Privacidad y Protecci\u00f3n de Datos - Alcazaba of Malaga","og_description":"Pol\u00edtica de Privacidad y Protecci\u00f3n de Datos En cumplimiento de lo dispuesto en el Reglamento (UE) 2016\/679 del Parlamento Europeo y del Consejo (RGPD), la Ley Org\u00e1nica 3\/2018, de 5 de diciembre, de Protecci\u00f3n de Datos Personales y garant\u00eda de los derechos digitales (LOPDGDD), as\u00ed como la Ley 34\/2002, de 11 de julio, de Servicios [&hellip;]","og_url":"https:\/\/alcazabamalaga.com\/es\/politica-de-privacidad-y-proteccion-de-datos\/","og_site_name":"Alcazaba of Malaga","article_modified_time":"2025-09-22T17:05:28+00:00","twitter_card":"summary_large_image","twitter_misc":{"Tiempo de lectura":"3 minutos"},"schema":{"@context":"https:\/\/schema.org","@graph":[{"@type":"WebPage","@id":"https:\/\/alcazabamalaga.com\/es\/politica-de-privacidad-y-proteccion-de-datos\/","url":"https:\/\/alcazabamalaga.com\/es\/politica-de-privacidad-y-proteccion-de-datos\/","name":"Pol\u00edtica de Privacidad y Protecci\u00f3n de Datos - Alcazaba of Malaga","isPartOf":{"@id":"https:\/\/alcazabamalaga.com\/es\/#website"},"datePublished":"2025-09-22T17:05:27+00:00","dateModified":"2025-09-22T17:05:28+00:00","breadcrumb":{"@id":"https:\/\/alcazabamalaga.com\/es\/politica-de-privacidad-y-proteccion-de-datos\/#breadcrumb"},"inLanguage":"es","potentialAction":[{"@type":"ReadAction","target":["https:\/\/alcazabamalaga.com\/es\/politica-de-privacidad-y-proteccion-de-datos\/"]}]},{"@type":"BreadcrumbList","@id":"https:\/\/alcazabamalaga.com\/es\/politica-de-privacidad-y-proteccion-de-datos\/#breadcrumb","itemListElement":[{"@type":"ListItem","position":1,"name":"Home","item":"https:\/\/alcazabamalaga.com\/es\/"},{"@type":"ListItem","position":2,"name":"Pol\u00edtica de Privacidad y Protecci\u00f3n de Datos"}]},{"@type":"WebSite","@id":"https:\/\/alcazabamalaga.com\/es\/#website","url":"https:\/\/alcazabamalaga.com\/es\/","name":"Alcazaba of Malaga","description":"Alcazaba tour","potentialAction":[{"@type":"SearchAction","target":{"@type":"EntryPoint","urlTemplate":"https:\/\/alcazabamalaga.com\/es\/?s={search_term_string}"},"query-input":{"@type":"PropertyValueSpecification","valueRequired":true,"valueName":"search_term_string"}}],"inLanguage":"es"}]}},"_links":{"self":[{"href":"https:\/\/alcazabamalaga.com\/es\/wp-json\/wp\/v2\/pages\/4203","targetHints":{"allow":["GET"]}}],"collection":[{"href":"https:\/\/alcazabamalaga.com\/es\/wp-json\/wp\/v2\/pages"}],"about":[{"href":"https:\/\/alcazabamalaga.com\/es\/wp-json\/wp\/v2\/types\/page"}],"author":[{"embeddable":true,"href":"https:\/\/alcazabamalaga.com\/es\/wp-json\/wp\/v2\/users\/2"}],"replies":[{"embeddable":true,"href":"https:\/\/alcazabamalaga.com\/es\/wp-json\/wp\/v2\/comments?post=4203"}],"version-history":[{"count":1,"href":"https:\/\/alcazabamalaga.com\/es\/wp-json\/wp\/v2\/pages\/4203\/revisions"}],"predecessor-version":[{"id":4204,"href":"https:\/\/alcazabamalaga.com\/es\/wp-json\/wp\/v2\/pages\/4203\/revisions\/4204"}],"wp:attachment":[{"href":"https:\/\/alcazabamalaga.com\/es\/wp-json\/wp\/v2\/media?parent=4203"}],"curies":[{"name":"wp","href":"https:\/\/api.w.org\/{rel}","templated":true}]}}