{"id":2482,"date":"2021-10-14T13:32:40","date_gmt":"2021-10-14T10:32:40","guid":{"rendered":"https:\/\/alcazabamalaga.com\/?page_id=2482"},"modified":"2022-07-18T12:19:37","modified_gmt":"2022-07-18T09:19:37","slug":"free-tour","status":"publish","type":"page","link":"https:\/\/alcazabamalaga.com\/es\/free-tour\/","title":{"rendered":"Free Tour M\u00e1laga"},"content":{"rendered":"\n<h2 class=\"wp-block-heading\">Visita Guiada por el Centro de M\u00e1laga<\/h2>\n\n\n\n<p>El Free Tour Malaga promueve un turismo basado en el entretenimiento, cultura y respeto por la ciudad.<\/p>\n\n\n\n<p>\u00a1\u00danete y descubre M\u00e1laga con nosotros! &nbsp;?<\/p>\n\n\n\n<p>M\u00e1laga posee uno de los centros hist\u00f3ricos m\u00e1s pintorescos de Espa\u00f1a; el mar, el clima, la gastronom\u00eda mediterr\u00e1nea y su estilo de vida hacen de M\u00e1laga una ciudad \u00fanica.<\/p>\n\n\n\n<p>Desc\u00fabrela en esta<strong> visita guiada<\/strong> en la que atravesaremos sus calles laber\u00ednticas y viajaremos a trav\u00e9s del tiempo desde \u00e9poca romana hasta nuestros d\u00edas. <\/p>\n\n\n\n<h3 class=\"wp-block-heading\"> <strong>\u00a1El mejor Tour Gratis de M\u00e1laga!<\/strong> <\/h3>\n\n\n\n<p>En este tour en espa\u00f1ol te sorprenderemos con <strong>historias, leyendas, exploradores, reyes y artistas malague\u00f1os<\/strong> que nacieron aqu\u00ed, dejando su cultura y arte por todo el mundo. <\/p>\n\n\n\n<p>Adem\u00e1s, conoceremos algunas de las joyas arquitect\u00f3nicas de la ciudad como su <strong>catedral, la Alcazaba y el Teatro Romano<\/strong>.<\/p>\n\n\n\n<p>En mitad del Free Tour, haremos una <strong>parada en el mercado central (Atarazanas)<\/strong>, para poder libremente verlo y degustar algunos de los productos m\u00e1s t\u00edpicos de la ciudad.<\/p>\n\n\n\n<p>Y, no solo hablaremos de su historia y la cultura malague\u00f1a, sino tambi\u00e9n nuestro gu\u00edas os dar\u00e1n <strong>los mejores consejos<\/strong> para que vuestro viaje por M\u00e1laga y Andaluc\u00eda sera una experiencia \u00fanica y pod\u00e1is conocer los mejores lugares <strong>para comer, beber y escuchar la mejor m\u00fasica en directo.<\/strong><\/p>\n\n\n\n<h3 class=\"wp-block-heading\"><strong>Concepto de Free Tour<\/strong> <\/h3>\n\n\n\n<p>El Free Tour en Malaga como todos los otros Free Tours, est\u00e1 basado en un modelo de propinas. Esto permite a sus participantes apoyar y recompensar las visitas guiadas de mayor calidad, garantizar que cumplen con sus expectativas y que se ajustan a su presupuesto.<\/p>\n\n\n\n<p>?<strong>Importante<\/strong>: El Free Tour tiene grupos de 15 personas, es por eso que no podemos acertar reservas de un grupo de 8 o m\u00e1s personas, en ese caso. Podr\u00edan asistir pero por un precio de 5 \u20ac por personas o pueden reservas un tour privado aqu\u00ed.<\/p>\n\n\n\n<h3 class=\"wp-block-heading\">Nuestra Filosof\u00eda <\/h3>\n\n\n\n<p>Nos dedicamos a conectar a los viajeros con la ciudad, explicando su historia y peculiaridades, para que sus vacaciones sean especiales.<\/p>\n\n\n\n<p>Nos enorgullece como gu\u00edas, ser los embajadores de M\u00e1laga, y ayudaros a que os enamor\u00e9is de una de las mejores ciudades del mundo. <\/p>\n\n\n\n<p><strong>No hay dos tours iguales<\/strong>, y los lugares, las historias y la duraci\u00f3n del recorrido depender\u00e1 de vuestro gu\u00eda crea que es mejor. <\/p>\n\n\n\n<p>Es por esto que los tours que promocionamos no parecen guionizados, nunca se hacen aburridos y por ello contamos con <strong>el mejor Free Tour en M\u00e1laga. <\/strong> <\/p>\n\n\n\n<h2 class=\"wp-block-heading\">Free Tour Malaga: Informacion Adicional <\/h2>\n\n\n\n<ul class=\"wp-block-list\"><li>En Malaga Adventures se realizan diariamente los Free Tours en espa\u00f1ol e ingles. Nuestro gu\u00edas adem\u00e1s hablan alem\u00e1n, franc\u00e9s e italiano perfectamente. <strong>Si quieren una visita guiada en alem\u00e1n, italiano o franc\u00e9s podr\u00eda ser un Tour Privado<\/strong>, con un precio muy asequible como pod\u00e9is comprobar <a href=\"http:\/\/alcazabamalaga.com\/es\/private-tour\/\">pinchando aqu\u00ed.<\/a><\/li><\/ul>\n\n\n\n<ul class=\"wp-block-list\"><li>Las reservas al Free Tour&nbsp;<strong>no son necesarias pero las recomendamos<\/strong> para estar 100% seguros de que ten\u00e9is una plaza asegurada ?<\/li><\/ul>\n\n\n\n<p><\/p>\n","protected":false},"excerpt":{"rendered":"<p>Visita Guiada por el Centro de M\u00e1laga El Free Tour Malaga promueve un turismo basado en el entretenimiento, cultura y respeto por la ciudad. \u00a1\u00danete y descubre M\u00e1laga con nosotros! &nbsp;? M\u00e1laga posee uno de los centros hist\u00f3ricos m\u00e1s pintorescos de Espa\u00f1a; el mar, el clima, la gastronom\u00eda mediterr\u00e1nea y su estilo de vida hacen [&hellip;]<\/p>\n","protected":false},"author":2,"featured_media":952,"parent":0,"menu_order":0,"comment_status":"closed","ping_status":"closed","template":"tour-page.php","meta":{"_acf_changed":false,"footnotes":""},"class_list":["post-2482","page","type-page","status-publish","has-post-thumbnail","hentry"],"acf":[],"yoast_head":"<!-- This site is optimized with the Yoast SEO plugin v27.5 - https:\/\/yoast.com\/product\/yoast-seo-wordpress\/ -->\n<title>Free Tour M\u00e1laga - Alcazaba of Malaga<\/title>\n<meta name=\"description\" content=\"El Free Tour Malaga promueve un turismo basado en el entretenimiento, cultura y respeto por la ciudad. \u00a1\u00danete y descubre M\u00e1laga con nosotros!?\" \/>\n<meta name=\"robots\" content=\"index, follow, max-snippet:-1, max-image-preview:large, max-video-preview:-1\" \/>\n<link rel=\"canonical\" href=\"https:\/\/alcazabamalaga.com\/es\/free-tour\/\" \/>\n<meta property=\"og:locale\" content=\"es_ES\" \/>\n<meta property=\"og:type\" content=\"article\" \/>\n<meta property=\"og:title\" content=\"Free Tour M\u00e1laga - Alcazaba of Malaga\" \/>\n<meta property=\"og:description\" content=\"El Free Tour Malaga promueve un turismo basado en el entretenimiento, cultura y respeto por la ciudad. \u00a1\u00danete y descubre M\u00e1laga con nosotros!?\" \/>\n<meta property=\"og:url\" content=\"https:\/\/alcazabamalaga.com\/es\/free-tour\/\" \/>\n<meta property=\"og:site_name\" content=\"Alcazaba of Malaga\" \/>\n<meta property=\"article:modified_time\" content=\"2022-07-18T09:19:37+00:00\" \/>\n<meta property=\"og:image\" content=\"https:\/\/alcazabamalaga.com\/wp-content\/uploads\/2020\/03\/free-tour-header-alcazaba.jpg\" \/>\n\t<meta property=\"og:image:width\" content=\"1920\" \/>\n\t<meta property=\"og:image:height\" content=\"500\" \/>\n\t<meta property=\"og:image:type\" content=\"image\/jpeg\" \/>\n<meta name=\"twitter:card\" content=\"summary_large_image\" \/>\n<meta name=\"twitter:label1\" content=\"Tiempo de lectura\" \/>\n\t<meta name=\"twitter:data1\" content=\"3 minutos\" \/>\n<script type=\"application\/ld+json\" class=\"yoast-schema-graph\">{\"@context\":\"https:\\\/\\\/schema.org\",\"@graph\":[{\"@type\":\"WebPage\",\"@id\":\"https:\\\/\\\/alcazabamalaga.com\\\/es\\\/free-tour\\\/\",\"url\":\"https:\\\/\\\/alcazabamalaga.com\\\/es\\\/free-tour\\\/\",\"name\":\"Free Tour M\u00e1laga - Alcazaba of Malaga\",\"isPartOf\":{\"@id\":\"https:\\\/\\\/alcazabamalaga.com\\\/es\\\/#website\"},\"primaryImageOfPage\":{\"@id\":\"https:\\\/\\\/alcazabamalaga.com\\\/es\\\/free-tour\\\/#primaryimage\"},\"image\":{\"@id\":\"https:\\\/\\\/alcazabamalaga.com\\\/es\\\/free-tour\\\/#primaryimage\"},\"thumbnailUrl\":\"https:\\\/\\\/alcazabamalaga.com\\\/wp-content\\\/uploads\\\/2020\\\/03\\\/free-tour-header-alcazaba.jpg\",\"datePublished\":\"2021-10-14T10:32:40+00:00\",\"dateModified\":\"2022-07-18T09:19:37+00:00\",\"description\":\"El Free Tour Malaga promueve un turismo basado en el entretenimiento, cultura y respeto por la ciudad. \u00a1\u00danete y descubre M\u00e1laga con nosotros!?\",\"breadcrumb\":{\"@id\":\"https:\\\/\\\/alcazabamalaga.com\\\/es\\\/free-tour\\\/#breadcrumb\"},\"inLanguage\":\"es\",\"potentialAction\":[{\"@type\":\"ReadAction\",\"target\":[\"https:\\\/\\\/alcazabamalaga.com\\\/es\\\/free-tour\\\/\"]}]},{\"@type\":\"ImageObject\",\"inLanguage\":\"es\",\"@id\":\"https:\\\/\\\/alcazabamalaga.com\\\/es\\\/free-tour\\\/#primaryimage\",\"url\":\"https:\\\/\\\/alcazabamalaga.com\\\/wp-content\\\/uploads\\\/2020\\\/03\\\/free-tour-header-alcazaba.jpg\",\"contentUrl\":\"https:\\\/\\\/alcazabamalaga.com\\\/wp-content\\\/uploads\\\/2020\\\/03\\\/free-tour-header-alcazaba.jpg\",\"width\":1920,\"height\":500,\"caption\":\"free tour malaga adventures\"},{\"@type\":\"BreadcrumbList\",\"@id\":\"https:\\\/\\\/alcazabamalaga.com\\\/es\\\/free-tour\\\/#breadcrumb\",\"itemListElement\":[{\"@type\":\"ListItem\",\"position\":1,\"name\":\"Home\",\"item\":\"https:\\\/\\\/alcazabamalaga.com\\\/es\\\/\"},{\"@type\":\"ListItem\",\"position\":2,\"name\":\"Free Tour M\u00e1laga\"}]},{\"@type\":\"WebSite\",\"@id\":\"https:\\\/\\\/alcazabamalaga.com\\\/es\\\/#website\",\"url\":\"https:\\\/\\\/alcazabamalaga.com\\\/es\\\/\",\"name\":\"Alcazaba of Malaga\",\"description\":\"Alcazaba tour\",\"potentialAction\":[{\"@type\":\"SearchAction\",\"target\":{\"@type\":\"EntryPoint\",\"urlTemplate\":\"https:\\\/\\\/alcazabamalaga.com\\\/es\\\/?s={search_term_string}\"},\"query-input\":{\"@type\":\"PropertyValueSpecification\",\"valueRequired\":true,\"valueName\":\"search_term_string\"}}],\"inLanguage\":\"es\"}]}<\/script>\n<!-- \/ Yoast SEO plugin. -->","yoast_head_json":{"title":"Free Tour M\u00e1laga - Alcazaba of Malaga","description":"El Free Tour Malaga promueve un turismo basado en el entretenimiento, cultura y respeto por la ciudad. \u00a1\u00danete y descubre M\u00e1laga con nosotros!?","robots":{"index":"index","follow":"follow","max-snippet":"max-snippet:-1","max-image-preview":"max-image-preview:large","max-video-preview":"max-video-preview:-1"},"canonical":"https:\/\/alcazabamalaga.com\/es\/free-tour\/","og_locale":"es_ES","og_type":"article","og_title":"Free Tour M\u00e1laga - Alcazaba of Malaga","og_description":"El Free Tour Malaga promueve un turismo basado en el entretenimiento, cultura y respeto por la ciudad. \u00a1\u00danete y descubre M\u00e1laga con nosotros!?","og_url":"https:\/\/alcazabamalaga.com\/es\/free-tour\/","og_site_name":"Alcazaba of Malaga","article_modified_time":"2022-07-18T09:19:37+00:00","og_image":[{"width":1920,"height":500,"url":"https:\/\/alcazabamalaga.com\/wp-content\/uploads\/2020\/03\/free-tour-header-alcazaba.jpg","type":"image\/jpeg"}],"twitter_card":"summary_large_image","twitter_misc":{"Tiempo de lectura":"3 minutos"},"schema":{"@context":"https:\/\/schema.org","@graph":[{"@type":"WebPage","@id":"https:\/\/alcazabamalaga.com\/es\/free-tour\/","url":"https:\/\/alcazabamalaga.com\/es\/free-tour\/","name":"Free Tour M\u00e1laga - Alcazaba of Malaga","isPartOf":{"@id":"https:\/\/alcazabamalaga.com\/es\/#website"},"primaryImageOfPage":{"@id":"https:\/\/alcazabamalaga.com\/es\/free-tour\/#primaryimage"},"image":{"@id":"https:\/\/alcazabamalaga.com\/es\/free-tour\/#primaryimage"},"thumbnailUrl":"https:\/\/alcazabamalaga.com\/wp-content\/uploads\/2020\/03\/free-tour-header-alcazaba.jpg","datePublished":"2021-10-14T10:32:40+00:00","dateModified":"2022-07-18T09:19:37+00:00","description":"El Free Tour Malaga promueve un turismo basado en el entretenimiento, cultura y respeto por la ciudad. \u00a1\u00danete y descubre M\u00e1laga con nosotros!?","breadcrumb":{"@id":"https:\/\/alcazabamalaga.com\/es\/free-tour\/#breadcrumb"},"inLanguage":"es","potentialAction":[{"@type":"ReadAction","target":["https:\/\/alcazabamalaga.com\/es\/free-tour\/"]}]},{"@type":"ImageObject","inLanguage":"es","@id":"https:\/\/alcazabamalaga.com\/es\/free-tour\/#primaryimage","url":"https:\/\/alcazabamalaga.com\/wp-content\/uploads\/2020\/03\/free-tour-header-alcazaba.jpg","contentUrl":"https:\/\/alcazabamalaga.com\/wp-content\/uploads\/2020\/03\/free-tour-header-alcazaba.jpg","width":1920,"height":500,"caption":"free tour malaga adventures"},{"@type":"BreadcrumbList","@id":"https:\/\/alcazabamalaga.com\/es\/free-tour\/#breadcrumb","itemListElement":[{"@type":"ListItem","position":1,"name":"Home","item":"https:\/\/alcazabamalaga.com\/es\/"},{"@type":"ListItem","position":2,"name":"Free Tour M\u00e1laga"}]},{"@type":"WebSite","@id":"https:\/\/alcazabamalaga.com\/es\/#website","url":"https:\/\/alcazabamalaga.com\/es\/","name":"Alcazaba of Malaga","description":"Alcazaba tour","potentialAction":[{"@type":"SearchAction","target":{"@type":"EntryPoint","urlTemplate":"https:\/\/alcazabamalaga.com\/es\/?s={search_term_string}"},"query-input":{"@type":"PropertyValueSpecification","valueRequired":true,"valueName":"search_term_string"}}],"inLanguage":"es"}]}},"_links":{"self":[{"href":"https:\/\/alcazabamalaga.com\/es\/wp-json\/wp\/v2\/pages\/2482","targetHints":{"allow":["GET"]}}],"collection":[{"href":"https:\/\/alcazabamalaga.com\/es\/wp-json\/wp\/v2\/pages"}],"about":[{"href":"https:\/\/alcazabamalaga.com\/es\/wp-json\/wp\/v2\/types\/page"}],"author":[{"embeddable":true,"href":"https:\/\/alcazabamalaga.com\/es\/wp-json\/wp\/v2\/users\/2"}],"replies":[{"embeddable":true,"href":"https:\/\/alcazabamalaga.com\/es\/wp-json\/wp\/v2\/comments?post=2482"}],"version-history":[{"count":5,"href":"https:\/\/alcazabamalaga.com\/es\/wp-json\/wp\/v2\/pages\/2482\/revisions"}],"predecessor-version":[{"id":3880,"href":"https:\/\/alcazabamalaga.com\/es\/wp-json\/wp\/v2\/pages\/2482\/revisions\/3880"}],"wp:featuredmedia":[{"embeddable":true,"href":"https:\/\/alcazabamalaga.com\/es\/wp-json\/wp\/v2\/media\/952"}],"wp:attachment":[{"href":"https:\/\/alcazabamalaga.com\/es\/wp-json\/wp\/v2\/media?parent=2482"}],"curies":[{"name":"wp","href":"https:\/\/api.w.org\/{rel}","templated":true}]}}