{"id":1781,"date":"2020-04-20T13:32:10","date_gmt":"2020-04-20T10:32:10","guid":{"rendered":"http:\/\/alcazabamalaga.com\/example-1\/"},"modified":"2020-04-20T16:43:43","modified_gmt":"2020-04-20T13:43:43","slug":"historia-de-espana-en-5-minutos","status":"publish","type":"page","link":"https:\/\/alcazabamalaga.com\/es\/historia-de-espana-en-5-minutos\/","title":{"rendered":"Historia de Espa\u00f1a en 5 minutos"},"content":{"rendered":"\n<h2 class=\"wp-block-heading\">Una paseo por la historia de Espa\u00f1a<\/h2>\n\n\n\n<p>En esta entrada vamos a intentar resumir la historia de Espa\u00f1a en<strong> 5 minutos<\/strong>, cosa que no ser\u00e1 f\u00e1cil pero os aseguro que os sorprender\u00e1, <strong>siempre hay algunas pieza p\u00e9rdida en el puzzle <\/strong>y hoy vamos a descubrirla. \u00a1Vamos all\u00e1!<\/p>\n\n\n\n<p>Espa\u00f1a por su complicada orograf\u00eda fue desde la antig\u00fcedad una mezcla de diferentes culturas <strong>(\u00edberos, turdetanos, celtas, fenicios, griegos<\/strong>..) que culminar\u00eda con la llegada de los romanos y su primera unidad pol\u00edtica en la Hispania romana.<\/p>\n\n\n\n<p>La <strong>influencia romana dur\u00f3 varios siglos <\/strong>hasta el desmembramiento del imperio con la invasi\u00f3n de los b\u00e1rbaros que asolaron las tierras, en la que finalmente los visigodos se har\u00edan con el control de la pen\u00ednsula.\u00a0<\/p>\n\n\n\n<p>Sin embargo, no durar\u00eda mucho tiempo. El declive de la monarqu\u00eda goda di\u00f3 paso a una nueva civilizaci\u00f3n que provino por el Norte de \u00c1frica, Al \u00c1ndalus. <\/p>\n\n\n\n<p>Los <strong>musulmanes crearon <\/strong>en la pen\u00ednsula uno de los estados m\u00e1s importantes de Europa, que llegar\u00eda a su cumbre con el <strong>califato de C\u00f3rdoba.<\/strong><\/p>\n\n\n\n<p>No obstante, el califato acabar\u00eda entrando en un declive que desembocar\u00e1 en los <strong>reinos de taifas<\/strong>, peque\u00f1os reinos musulmanes que lucharon entre s\u00ed por la hegemon\u00eda pol\u00edtica, militar y art\u00edstica.\u00a0<\/p>\n\n\n\n<p>Mientras se produc\u00eda esta lucha entre taifas, los reinos cristianos del norte de Espa\u00f1a, se empezaron a organizar para conseguir terrenos del sur de Espa\u00f1a, <strong>\u201cLa Reconquista\u201d<\/strong>. Hecho que acabar\u00eda en <strong>1492 <\/strong>con la toma de Granada y el <strong>descubrimiento de Am\u00e9rica<\/strong> por Crist\u00f3bal Col\u00f3n.<\/p>\n\n\n\n<p>El descubrimiento del Nuevo Mundo, d\u00e1 el comienzo de un imperio que iba mucho m\u00e1s all\u00e1 de tierras ib\u00e9ricas. <strong>Carlos I<\/strong> ser\u00e1 nombrado <strong>emperador<\/strong> del Sacro Imperio Romano y consigui\u00f3 ampliar sus dominios por Europa.\u00a0<\/p>\n\n\n\n<p>Sin embargo, esta pol\u00edtica expansionista necesitaba un ej\u00e9rcito siempre al pie del ca\u00f1\u00f3n, los famosos <strong>tercios espa\u00f1oles<\/strong>, que acabar\u00edan siendo un endeudamiento progresivo de la Corona que acabar\u00eda cada vez m\u00e1s mermada.<\/p>\n\n\n\n<p>Al emperador le sucedi\u00f3 su hijo <strong>Felipe II<\/strong>, que continu\u00f3 con la pol\u00edtica de su padre. Luchando contra holandeses, ingleses, turcos\u2026 Espa\u00f1a ten\u00eda muchos frentes abiertos y aunque su hegemon\u00eda se manten\u00eda,<strong> el oro y la plata<\/strong> con las que se pagaban gran parte de estas campa\u00f1as <strong>iba disminuyendo paulatinamente<\/strong>.<\/p>\n\n\n\n<p>Los siguientes reyes austrias, no estuvieron muy interesados en gobernar y dejaron al cargo del gobierno a sus validos. El m\u00e1s conocido de ellos fue el Conde Duque de Olivares, quien intent\u00f3 recuperar la grandeza imperial entrando en la \u201cGuerra de los 30 a\u00f1os\u201d.&nbsp;<\/p>\n\n\n\n<p>Una guerra en la que los Tercios mostraron un gran coraje pero las tropas francesas finalmente se impusieron dando la victoria a Francia que acab\u00f3 imponiendo su hegemon\u00eda en Europa.<\/p>\n\n\n\n<p>En el siglo<strong> XVIII<\/strong> comienza con la <strong>\u201cGuerra de Sucesi\u00f3n\u201d<\/strong>, Carlos II muere sin heredero a la Corona y finalmente Francia pondr\u00e1 en el trono espa\u00f1ol a un borb\u00f3n. <strong>Los borbones<\/strong> intentaron introducir en Espa\u00f1a las ideas ilustradas que se estaban dando en Europa.\u00a0<\/p>\n\n\n\n<p>No obstante, aunque existieron algunos cambios con las <strong>nuevas ideas de la Ilustraci\u00f3n<\/strong>, los espa\u00f1oles eran una sociedad de viejas costumbres donde la religi\u00f3n y la nobleza ten\u00eda un poder mucho mayor que en otras regiones de Europa.<\/p>\n\n\n\n<p>Ni la invasi\u00f3n de <strong>Napole\u00f3n <\/strong>con las ideas liberales, ni las Cortes de C\u00e1diz con la <strong>\u201cConstituci\u00f3n de 1812\u201d<\/strong> pod\u00edan cambiar el Antiguo R\u00e9gimen que incluso el monarca <strong>Fernando VII<\/strong> persigui\u00f3 a todo el que tuviera ideas de cambios en el sistema.\u00a0<\/p>\n\n\n\n<p>El<strong> siglo XIX <\/strong>fue el siglo de la agon\u00eda de un imperio. Fueron tiempo duros donde el imperio iba desangr\u00e1ndose <strong>perdiendo sus colonias<\/strong> y mientras en el reino no paraba de haber <strong>revueltas y sublevaciones<\/strong>.<\/p>\n\n\n\n<p>A pesar de ello, a finales del siglo XIX\u00a0 un pol\u00edtico intentar\u00e1 cambiar el panorama espa\u00f1ol, este fue: <strong>C\u00e1novas del Castillo<\/strong> que comprendi\u00f3 la necesidad de un nuevo sistema pol\u00edtico, en un intento de crear una sociedad emprendedora y <strong>modernizar la industria nacional<\/strong>.\u00a0<\/p>\n\n\n\n<p>Su idea fue seguir el modelo pol\u00edtico ingl\u00e9s, <strong>el bipartidismo<\/strong>, con la formaci\u00f3n de dos partidos principales que se turnaran en el poder.\u00a0<\/p>\n\n\n\n<p>Sin embargo, estos partidos no supieron solucionar los problemas internos del pa\u00eds\u2026 y los <strong>obreros empezaron a organizarse en sindicatos <\/strong>y empezaron las primeras <strong>huelgas<\/strong>. Muchos obreros organizaban alrededor de grupos socialistas, comunistas y anarquistas.<\/p>\n\n\n\n<p>La <strong>sociedad <\/strong>espa\u00f1ola acab\u00f3 tan <strong>radicalizada<\/strong> que el pa\u00eds era ingobernable y <strong>acab\u00f3 en una Guerra Civil<\/strong> (1936-1939) donde finalmente en bando nacional dirigido por el general Franco acab\u00f3 haci\u00e9ndose con el poder.<\/p>\n\n\n\n<p>Una vez tomado el poder por el caudillo, en los inicios se pens\u00f3 que ser\u00eda una figura transitoria para dar paso a una reconciliaci\u00f3n nacional y una \u201cvuelta a la normalidad\u201d.<\/p>\n\n\n\n<p>No obstante, fue una <strong>dictadura<\/strong> que se alarg\u00f3 en el tiempo <strong>casi 40 a\u00f1os<\/strong>. Una dictadura que<strong> tras la muerte Franco<\/strong> en 1975, <strong>sucumbi\u00f3 a una ola de cambio.\u00a0<\/strong><\/p>\n\n\n\n<p>Las nuevas generaciones quer\u00edan ver un nuevo mundo, nuevas ideas y quer\u00edan estar m\u00e1s cerca de Europa.\u00a0<\/p>\n\n\n\n<p>El <strong>Rey Juan Carlos I<\/strong> sucedi\u00f3 a Franco y <strong>fue capaz <\/strong>de despojarse del franquismo para ceder el poder al pueblo y salvaguardar la transici\u00f3n hacia la democracia. <\/p>\n\n\n\n<p>Los pol\u00edticos supieron trabajar juntos por la construcci\u00f3n de una democracia y  aunque han existido algunos claroscuros (corrupci\u00f3n, crisis, independentismo, terrorismo), los espa\u00f1oles han conseguido mantener la <strong>democracia hasta hoy en d\u00eda<\/strong>.<\/p>\n","protected":false},"excerpt":{"rendered":"<p>Una paseo por la historia de Espa\u00f1a En esta entrada vamos a intentar resumir la historia de Espa\u00f1a en 5 minutos, cosa que no ser\u00e1 f\u00e1cil pero os aseguro que os sorprender\u00e1, siempre hay algunas pieza p\u00e9rdida en el puzzle y hoy vamos a descubrirla. \u00a1Vamos all\u00e1! Espa\u00f1a por su complicada orograf\u00eda fue desde la [&hellip;]<\/p>\n","protected":false},"author":2,"featured_media":984,"parent":0,"menu_order":0,"comment_status":"closed","ping_status":"closed","template":"page-with-sidebar.php","meta":{"_acf_changed":false,"footnotes":""},"class_list":["post-1781","page","type-page","status-publish","has-post-thumbnail","hentry"],"acf":[],"yoast_head":"<!-- This site is optimized with the Yoast SEO plugin v27.5 - https:\/\/yoast.com\/product\/yoast-seo-wordpress\/ -->\n<title>Historia de Espa\u00f1a en 5 minutos - Alcazaba of Malaga<\/title>\n<meta name=\"robots\" content=\"index, follow, max-snippet:-1, max-image-preview:large, max-video-preview:-1\" \/>\n<link rel=\"canonical\" href=\"https:\/\/alcazabamalaga.com\/es\/historia-de-espana-en-5-minutos\/\" \/>\n<meta property=\"og:locale\" content=\"es_ES\" \/>\n<meta property=\"og:type\" content=\"article\" \/>\n<meta property=\"og:title\" content=\"Historia de Espa\u00f1a en 5 minutos - Alcazaba of Malaga\" \/>\n<meta property=\"og:description\" content=\"Una paseo por la historia de Espa\u00f1a En esta entrada vamos a intentar resumir la historia de Espa\u00f1a en 5 minutos, cosa que no ser\u00e1 f\u00e1cil pero os aseguro que os sorprender\u00e1, siempre hay algunas pieza p\u00e9rdida en el puzzle y hoy vamos a descubrirla. \u00a1Vamos all\u00e1! Espa\u00f1a por su complicada orograf\u00eda fue desde la [&hellip;]\" \/>\n<meta property=\"og:url\" content=\"https:\/\/alcazabamalaga.com\/es\/historia-de-espana-en-5-minutos\/\" \/>\n<meta property=\"og:site_name\" content=\"Alcazaba of Malaga\" \/>\n<meta property=\"article:modified_time\" content=\"2020-04-20T13:43:43+00:00\" \/>\n<meta property=\"og:image\" content=\"https:\/\/alcazabamalaga.com\/wp-content\/uploads\/2020\/03\/school-tours-alcazaba-malaga-header-2.jpg\" \/>\n\t<meta property=\"og:image:width\" content=\"1920\" \/>\n\t<meta property=\"og:image:height\" content=\"500\" \/>\n\t<meta property=\"og:image:type\" content=\"image\/jpeg\" \/>\n<meta name=\"twitter:card\" content=\"summary_large_image\" \/>\n<meta name=\"twitter:label1\" content=\"Tiempo de lectura\" \/>\n\t<meta name=\"twitter:data1\" content=\"5 minutos\" \/>\n<script type=\"application\/ld+json\" class=\"yoast-schema-graph\">{\"@context\":\"https:\\\/\\\/schema.org\",\"@graph\":[{\"@type\":\"WebPage\",\"@id\":\"https:\\\/\\\/alcazabamalaga.com\\\/es\\\/historia-de-espana-en-5-minutos\\\/\",\"url\":\"https:\\\/\\\/alcazabamalaga.com\\\/es\\\/historia-de-espana-en-5-minutos\\\/\",\"name\":\"Historia de Espa\u00f1a en 5 minutos - Alcazaba of Malaga\",\"isPartOf\":{\"@id\":\"https:\\\/\\\/alcazabamalaga.com\\\/es\\\/#website\"},\"primaryImageOfPage\":{\"@id\":\"https:\\\/\\\/alcazabamalaga.com\\\/es\\\/historia-de-espana-en-5-minutos\\\/#primaryimage\"},\"image\":{\"@id\":\"https:\\\/\\\/alcazabamalaga.com\\\/es\\\/historia-de-espana-en-5-minutos\\\/#primaryimage\"},\"thumbnailUrl\":\"https:\\\/\\\/alcazabamalaga.com\\\/wp-content\\\/uploads\\\/2020\\\/03\\\/school-tours-alcazaba-malaga-header-2.jpg\",\"datePublished\":\"2020-04-20T10:32:10+00:00\",\"dateModified\":\"2020-04-20T13:43:43+00:00\",\"breadcrumb\":{\"@id\":\"https:\\\/\\\/alcazabamalaga.com\\\/es\\\/historia-de-espana-en-5-minutos\\\/#breadcrumb\"},\"inLanguage\":\"es\",\"potentialAction\":[{\"@type\":\"ReadAction\",\"target\":[\"https:\\\/\\\/alcazabamalaga.com\\\/es\\\/historia-de-espana-en-5-minutos\\\/\"]}]},{\"@type\":\"ImageObject\",\"inLanguage\":\"es\",\"@id\":\"https:\\\/\\\/alcazabamalaga.com\\\/es\\\/historia-de-espana-en-5-minutos\\\/#primaryimage\",\"url\":\"https:\\\/\\\/alcazabamalaga.com\\\/wp-content\\\/uploads\\\/2020\\\/03\\\/school-tours-alcazaba-malaga-header-2.jpg\",\"contentUrl\":\"https:\\\/\\\/alcazabamalaga.com\\\/wp-content\\\/uploads\\\/2020\\\/03\\\/school-tours-alcazaba-malaga-header-2.jpg\",\"width\":1920,\"height\":500,\"caption\":\"school tours alcazaba malaga\"},{\"@type\":\"BreadcrumbList\",\"@id\":\"https:\\\/\\\/alcazabamalaga.com\\\/es\\\/historia-de-espana-en-5-minutos\\\/#breadcrumb\",\"itemListElement\":[{\"@type\":\"ListItem\",\"position\":1,\"name\":\"Home\",\"item\":\"https:\\\/\\\/alcazabamalaga.com\\\/es\\\/\"},{\"@type\":\"ListItem\",\"position\":2,\"name\":\"Historia de Espa\u00f1a en 5 minutos\"}]},{\"@type\":\"WebSite\",\"@id\":\"https:\\\/\\\/alcazabamalaga.com\\\/es\\\/#website\",\"url\":\"https:\\\/\\\/alcazabamalaga.com\\\/es\\\/\",\"name\":\"Alcazaba of Malaga\",\"description\":\"Alcazaba tour\",\"potentialAction\":[{\"@type\":\"SearchAction\",\"target\":{\"@type\":\"EntryPoint\",\"urlTemplate\":\"https:\\\/\\\/alcazabamalaga.com\\\/es\\\/?s={search_term_string}\"},\"query-input\":{\"@type\":\"PropertyValueSpecification\",\"valueRequired\":true,\"valueName\":\"search_term_string\"}}],\"inLanguage\":\"es\"}]}<\/script>\n<!-- \/ Yoast SEO plugin. -->","yoast_head_json":{"title":"Historia de Espa\u00f1a en 5 minutos - Alcazaba of Malaga","robots":{"index":"index","follow":"follow","max-snippet":"max-snippet:-1","max-image-preview":"max-image-preview:large","max-video-preview":"max-video-preview:-1"},"canonical":"https:\/\/alcazabamalaga.com\/es\/historia-de-espana-en-5-minutos\/","og_locale":"es_ES","og_type":"article","og_title":"Historia de Espa\u00f1a en 5 minutos - Alcazaba of Malaga","og_description":"Una paseo por la historia de Espa\u00f1a En esta entrada vamos a intentar resumir la historia de Espa\u00f1a en 5 minutos, cosa que no ser\u00e1 f\u00e1cil pero os aseguro que os sorprender\u00e1, siempre hay algunas pieza p\u00e9rdida en el puzzle y hoy vamos a descubrirla. \u00a1Vamos all\u00e1! Espa\u00f1a por su complicada orograf\u00eda fue desde la [&hellip;]","og_url":"https:\/\/alcazabamalaga.com\/es\/historia-de-espana-en-5-minutos\/","og_site_name":"Alcazaba of Malaga","article_modified_time":"2020-04-20T13:43:43+00:00","og_image":[{"width":1920,"height":500,"url":"https:\/\/alcazabamalaga.com\/wp-content\/uploads\/2020\/03\/school-tours-alcazaba-malaga-header-2.jpg","type":"image\/jpeg"}],"twitter_card":"summary_large_image","twitter_misc":{"Tiempo de lectura":"5 minutos"},"schema":{"@context":"https:\/\/schema.org","@graph":[{"@type":"WebPage","@id":"https:\/\/alcazabamalaga.com\/es\/historia-de-espana-en-5-minutos\/","url":"https:\/\/alcazabamalaga.com\/es\/historia-de-espana-en-5-minutos\/","name":"Historia de Espa\u00f1a en 5 minutos - Alcazaba of Malaga","isPartOf":{"@id":"https:\/\/alcazabamalaga.com\/es\/#website"},"primaryImageOfPage":{"@id":"https:\/\/alcazabamalaga.com\/es\/historia-de-espana-en-5-minutos\/#primaryimage"},"image":{"@id":"https:\/\/alcazabamalaga.com\/es\/historia-de-espana-en-5-minutos\/#primaryimage"},"thumbnailUrl":"https:\/\/alcazabamalaga.com\/wp-content\/uploads\/2020\/03\/school-tours-alcazaba-malaga-header-2.jpg","datePublished":"2020-04-20T10:32:10+00:00","dateModified":"2020-04-20T13:43:43+00:00","breadcrumb":{"@id":"https:\/\/alcazabamalaga.com\/es\/historia-de-espana-en-5-minutos\/#breadcrumb"},"inLanguage":"es","potentialAction":[{"@type":"ReadAction","target":["https:\/\/alcazabamalaga.com\/es\/historia-de-espana-en-5-minutos\/"]}]},{"@type":"ImageObject","inLanguage":"es","@id":"https:\/\/alcazabamalaga.com\/es\/historia-de-espana-en-5-minutos\/#primaryimage","url":"https:\/\/alcazabamalaga.com\/wp-content\/uploads\/2020\/03\/school-tours-alcazaba-malaga-header-2.jpg","contentUrl":"https:\/\/alcazabamalaga.com\/wp-content\/uploads\/2020\/03\/school-tours-alcazaba-malaga-header-2.jpg","width":1920,"height":500,"caption":"school tours alcazaba malaga"},{"@type":"BreadcrumbList","@id":"https:\/\/alcazabamalaga.com\/es\/historia-de-espana-en-5-minutos\/#breadcrumb","itemListElement":[{"@type":"ListItem","position":1,"name":"Home","item":"https:\/\/alcazabamalaga.com\/es\/"},{"@type":"ListItem","position":2,"name":"Historia de Espa\u00f1a en 5 minutos"}]},{"@type":"WebSite","@id":"https:\/\/alcazabamalaga.com\/es\/#website","url":"https:\/\/alcazabamalaga.com\/es\/","name":"Alcazaba of Malaga","description":"Alcazaba tour","potentialAction":[{"@type":"SearchAction","target":{"@type":"EntryPoint","urlTemplate":"https:\/\/alcazabamalaga.com\/es\/?s={search_term_string}"},"query-input":{"@type":"PropertyValueSpecification","valueRequired":true,"valueName":"search_term_string"}}],"inLanguage":"es"}]}},"_links":{"self":[{"href":"https:\/\/alcazabamalaga.com\/es\/wp-json\/wp\/v2\/pages\/1781","targetHints":{"allow":["GET"]}}],"collection":[{"href":"https:\/\/alcazabamalaga.com\/es\/wp-json\/wp\/v2\/pages"}],"about":[{"href":"https:\/\/alcazabamalaga.com\/es\/wp-json\/wp\/v2\/types\/page"}],"author":[{"embeddable":true,"href":"https:\/\/alcazabamalaga.com\/es\/wp-json\/wp\/v2\/users\/2"}],"replies":[{"embeddable":true,"href":"https:\/\/alcazabamalaga.com\/es\/wp-json\/wp\/v2\/comments?post=1781"}],"version-history":[{"count":2,"href":"https:\/\/alcazabamalaga.com\/es\/wp-json\/wp\/v2\/pages\/1781\/revisions"}],"predecessor-version":[{"id":1824,"href":"https:\/\/alcazabamalaga.com\/es\/wp-json\/wp\/v2\/pages\/1781\/revisions\/1824"}],"wp:featuredmedia":[{"embeddable":true,"href":"https:\/\/alcazabamalaga.com\/es\/wp-json\/wp\/v2\/media\/984"}],"wp:attachment":[{"href":"https:\/\/alcazabamalaga.com\/es\/wp-json\/wp\/v2\/media?parent=1781"}],"curies":[{"name":"wp","href":"https:\/\/api.w.org\/{rel}","templated":true}]}}